{"id":13665,"date":"2024-10-23T14:49:16","date_gmt":"2024-10-23T12:49:16","guid":{"rendered":"https:\/\/effecty.nl\/?page_id=13665"},"modified":"2024-10-23T14:49:18","modified_gmt":"2024-10-23T12:49:18","slug":"alternative-mailchimp","status":"publish","type":"page","link":"https:\/\/effecty.nl\/de\/alternative-mailchimp\/","title":{"rendered":"Alternative Mailchimp"},"content":{"rendered":"\n<p>Sie sind auf der Suche nach einer <strong>Alternative<\/strong> zu <strong>Mailchimp<\/strong>, weil Sie Ihr E-Mail-Marketing auf eine andere Art und Weise gestalten wollen? Dann sind Sie bei Effecty an der richtigen Adresse! Mit Hilfe der Open-Source-Marketing-Automatensoftware Mautic haben wir unser eigenes E-Mail-Marketing-Tool entwickelt. Dieses ist vollst\u00e4ndig anpassbar und wird somit allen Ihren Anforderungen gerecht.<\/p>\n\n\n\n<h2 class=\"wp-block-heading\">Warum eine Alternative zu Mailchimp?<\/h2>\n\n\n\n<p>Dank unserer Alternative zu Mailchimp k\u00f6nnen Sie Ihr E-Mail-Marketing nicht nur automatisieren, sondern auch mit weiteren Marketing-Automatisierungen versehen, um die Identifizierung und Pflege von Leads zu vereinfachen. Mit unserem Tool werden Whitepapers und Downloads, bei denen Sie eine E-Mail-Adresse eingeben, sofort mit dem Marketing-Automationstool verkn\u00fcpft. Diese Kontakte werden dann auch in weiteren Mailings ber\u00fccksichtigt, wobei weiter gepr\u00fcft wird, wer sich durchklickt, um Punkte zu vergeben. Je mehr Punkte, desto w\u00e4rmer der Lead. Unsere Alternative zu Mailchimp bietet also viel mehr als reines E-Mail-Marketing!<\/p>\n\n\n\n<figure class=\"wp-block-image size-large is-resized\"><img loading=\"lazy\" decoding=\"async\" width=\"454\" height=\"229\" src=\"https:\/\/effecty.nl\/wp-content\/uploads\/2021\/02\/mautic-contactenlijst.png\" alt=\"\" class=\"wp-image-3122\" style=\"width:454px;height:229px\" srcset=\"https:\/\/effecty.nl\/wp-content\/uploads\/2021\/02\/mautic-contactenlijst.png 454w, https:\/\/effecty.nl\/wp-content\/uploads\/2021\/02\/mautic-contactenlijst-300x151.png 300w\" sizes=\"auto, (max-width: 454px) 100vw, 454px\" \/><\/figure>\n\n\n\n<h2 class=\"wp-block-heading\">Die Kosten f\u00fcr eine Alternative zu Mailchimp<\/h2>\n\n\n\n<p>Die Nutzung unserer Alternative zu Mailchimp ist nat\u00fcrlich mit einem Preisschild verbunden. Nat\u00fcrlich ist dieser Preis so flexibel wie das Tool selbst und h\u00e4ngt von mehreren Faktoren ab. Wollen Sie es nur nutzen, um Ihre Mailings zu verschicken, oder wollen Sie ein komplettes Paket zur Identifizierung und Pflege von Leads? Abgesehen davon stellt sich auch die Frage, f\u00fcr wie viele Kunden Sie es einsetzen wollen. Ob 500 oder 50.000, wir haben f\u00fcr jede Option ein passendes Paket. Z\u00f6gern Sie nicht, uns zu kontaktieren.<\/p>\n\n\n\n<h2 class=\"wp-block-heading\">Interessieren Sie sich f\u00fcr eine Alternative zu Mailchimp?<\/h2>\n\n\n\n<p>M\u00f6chten Sie mehr \u00fcber unsere Alternative zu Mailchimp oder deren Preise erfahren? Dann setzen Sie sich mit einem unserer Mautic-Experten in Verbindung! Er wird Ihnen gerne helfen, Ihre Fragen zu beantworten und herauszufinden, ob Mautic f\u00fcr Ihr eigenes Marketing geeignet ist. Nehmen Sie Kontakt per <a href=\"mailto:service@effecty.nl\">E-Mail<\/a> auf oder rufen Sie uns an. Von unserem B\u00fcro in Horst aus helfen wir Ihnen gerne bei der Suche nach einer Alternative zu Mailchimp.<\/p>\n\n\n\n<div class=\"wp-block-buttons is-layout-flex wp-block-buttons-is-layout-flex\">\n<div class=\"wp-block-button\"><a class=\"wp-block-button__link wp-element-button\" href=\"https:\/\/effecty.nl\/contact\">Ich m\u00f6chte mehr \u00fcber Mautic erfahren!<\/a><\/div>\n<\/div>\n","protected":false},"excerpt":{"rendered":"<p>Sie sind auf der Suche nach einer Alternative zu Mailchimp, weil Sie Ihr E-Mail-Marketing auf eine andere Art und Weise &hellip;<\/p>\n","protected":false},"author":3,"featured_media":5429,"parent":0,"menu_order":0,"comment_status":"closed","ping_status":"closed","template":"tl-services.php","meta":{"_acf_changed":false,"footnotes":""},"class_list":["post-13665","page","type-page","status-publish","has-post-thumbnail","hentry"],"acf":[],"_links":{"self":[{"href":"https:\/\/effecty.nl\/de\/wp-json\/wp\/v2\/pages\/13665","targetHints":{"allow":["GET"]}}],"collection":[{"href":"https:\/\/effecty.nl\/de\/wp-json\/wp\/v2\/pages"}],"about":[{"href":"https:\/\/effecty.nl\/de\/wp-json\/wp\/v2\/types\/page"}],"author":[{"embeddable":true,"href":"https:\/\/effecty.nl\/de\/wp-json\/wp\/v2\/users\/3"}],"replies":[{"embeddable":true,"href":"https:\/\/effecty.nl\/de\/wp-json\/wp\/v2\/comments?post=13665"}],"version-history":[{"count":1,"href":"https:\/\/effecty.nl\/de\/wp-json\/wp\/v2\/pages\/13665\/revisions"}],"predecessor-version":[{"id":13666,"href":"https:\/\/effecty.nl\/de\/wp-json\/wp\/v2\/pages\/13665\/revisions\/13666"}],"wp:featuredmedia":[{"embeddable":true,"href":"https:\/\/effecty.nl\/de\/wp-json\/wp\/v2\/media\/5429"}],"wp:attachment":[{"href":"https:\/\/effecty.nl\/de\/wp-json\/wp\/v2\/media?parent=13665"}],"curies":[{"name":"wp","href":"https:\/\/api.w.org\/{rel}","templated":true}]}}