{"id":13667,"date":"2024-10-23T14:56:17","date_gmt":"2024-10-23T12:56:17","guid":{"rendered":"https:\/\/effecty.nl\/?page_id=13667"},"modified":"2024-10-23T14:56:19","modified_gmt":"2024-10-23T12:56:19","slug":"besser-bei-google-gefunden-werden","status":"publish","type":"page","link":"https:\/\/effecty.nl\/de\/besser-bei-google-gefunden-werden\/","title":{"rendered":"Besser bei Google gefunden werden"},"content":{"rendered":"\n<p>M\u00f6chten Sie bei Google besser gefunden werden? Als Online-Marketing-Agentur haben wir viel Erfahrung mit der Verbesserung der Auffindbarkeit bei Google. Da wir die Besten sind, verraten wir Ihnen ein paar Geheimnisse, wenn es um die Auffindbarkeit bei Google geht.<\/p>\n\n\n\n<p>In den letzten Jahren wurden wir oft gefragt, wie man eine Website und\/oder eine Website-Seite in den Google-Suchergebnissen nach oben bringen kann. Die Antwort auf diese Frage ist etwas komplizierter, als Sie vielleicht denken. Das liegt daran, dass Google seinen Algorithmus nie erkl\u00e4rt, so dass es keine fertige Checkliste gibt, die man befolgen kann. Aus vielen Studien und Erfahrungen lassen sich jedoch eine Reihe von Tipps und Tricks ableiten.<\/p>\n\n\n\n<figure class=\"wp-block-image size-large is-resized\"><img loading=\"lazy\" decoding=\"async\" width=\"1024\" height=\"683\" src=\"https:\/\/effecty.nl\/wp-content\/uploads\/2020\/09\/markus-winkler-afW1hht0NSs-unsplash-1024x683.jpg\" alt=\"Vergrootglas\" class=\"wp-image-2547\" style=\"width:512px;height:342px\" srcset=\"https:\/\/effecty.nl\/wp-content\/uploads\/2020\/09\/markus-winkler-afW1hht0NSs-unsplash-1024x683.jpg 1024w, https:\/\/effecty.nl\/wp-content\/uploads\/2020\/09\/markus-winkler-afW1hht0NSs-unsplash-300x200.jpg 300w, https:\/\/effecty.nl\/wp-content\/uploads\/2020\/09\/markus-winkler-afW1hht0NSs-unsplash-768x512.jpg 768w, https:\/\/effecty.nl\/wp-content\/uploads\/2020\/09\/markus-winkler-afW1hht0NSs-unsplash-1536x1024.jpg 1536w, https:\/\/effecty.nl\/wp-content\/uploads\/2020\/09\/markus-winkler-afW1hht0NSs-unsplash-2048x1365.jpg 2048w\" sizes=\"auto, (max-width: 1024px) 100vw, 1024px\" \/><\/figure>\n\n\n\n<p>Die Verbesserung der organischen Ergebnisse in Suchmaschinen wird auch als Suchmaschinenoptimierung (SEO) bezeichnet. SEO besteht aus drei Hauptpfeilern:<\/p>\n\n\n\n<ul class=\"wp-block-list\">\n<li><strong>Technik<\/strong>: Eine Website muss technisch einwandfrei sein. Dazu geh\u00f6ren schnelle Ladezeiten, ein responsives Design, ein gutes CMS-System, eine \u00fcbersichtliche Sitemap und eine robots.txt-Datei. Au\u00dferdem sollten 404-Fehler vermieden werden, Links auf der Website sollten zu funktionierenden Sites\/Seiten f\u00fchren und es sollte keine Umleitungsschleifen geben. Kurzum: Ihre Website muss einwandfrei funktionieren.<\/li>\n\n\n\n<li><strong>Inhalt<\/strong>: Die zweite S\u00e4ule, auf die die Suchmaschinen achten, ist der Inhalt Ihrer Website. Der Inhalt ist die Gesamtheit der Informationen, die auf der Website zu finden sind. Das k\u00f6nnen Texte, Bilder oder Videos sein. Der Text ist jedoch der wichtigste Faktor, da Google ihn am besten lesen kann. Der Inhalt Ihrer Website sollte relevant, wertvoll und lesbar sein. Wichtige Elemente sind hier die Verwendung von \u00dcberschriften, Alt-Texten, Schl\u00fcsselw\u00f6rtern und Meta-Tags (Titel und Beschreibung). Es ist also wichtig, die richtigen Inhalte f\u00fcr die Schl\u00fcsselw\u00f6rter anzubieten, zu denen Sie gefunden werden wollen. Eine gute M\u00f6glichkeit, dies zu tun, ist das Schreiben von Landing Pages oder Blogs, die speziell f\u00fcr ein bestimmtes Keyword geschrieben werden. Lesen Sie hier, wie man eine gute Landing Page schreibt.<\/li>\n\n\n\n<li><strong>Autorit\u00e4t<\/strong>: Die letzte S\u00e4ule ist die Autorit\u00e4t. Sie wird durch die Anzahl der Links zu Ihrer Website sowie die Qualit\u00e4t und Relevanz dieser Links bestimmt. Der Aufbau von qualitativen und quantitativen Links wird als Linkbuilding bezeichnet. Trotz der Tatsache, dass Google gegen Link Building ist, erweist sich dies als ein sehr effektiver Weg, um eine bessere Position bei Google zu erreichen. Beim Linkaufbau sollte Folgendes beachtet werden:\n<ul class=\"wp-block-list\">\n<li>Es sollte ein nat\u00fcrliches Linkprofil aufgebaut werden. Wenn nur quantitative Links (von geringer Qualit\u00e4t) auf die Website kommen, kann Google dies als unnat\u00fcrliches Linkprofil ansehen, was sich negativ auf die Position bei Google auswirken kann.<\/li>\n\n\n\n<li>Die Links sollten von relevanten Websites stammen. Wenn ein Ferienpark pl\u00f6tzlich eine Menge Links von Autowerkst\u00e4tten erh\u00e4lt, sieht Google die Relevanz nicht. Websites, die sich mit Wohnwagen, Zelten oder Camping besch\u00e4ftigen, liefern dagegen relevante Links.<\/li>\n<\/ul>\n<\/li>\n<\/ul>\n\n\n\n<figure class=\"wp-block-image size-large is-resized\"><img decoding=\"async\" src=\"https:\/\/effecty.nl\/wp-content\/uploads\/2020\/09\/christian-wiediger-zhZydTyNMPg-unsplash-1024x683.jpg\" alt=\"\" class=\"wp-image-2492\" style=\"width:512px;height:342px\"\/><\/figure>\n\n\n\n<p>Wenn die oben genannten SEO-S\u00e4ulen vorhanden sind, erh\u00f6hen Sie Ihre Chancen auf eine bessere Platzierung bei Google erheblich. Es ist wichtig zu beachten, dass es keine Garantien gibt, wie es zum Beispiel bei Google Ads der Fall ist. Diese Strategie ist vor allem langfristig angelegt. Denn es braucht Zeit, Geld und M\u00fche, um alle drei S\u00e4ulen richtig zu machen. F\u00fcr eine schnelle Auffindbarkeit bei Google empfehlen wir daher die Nutzung von Google Ads.<\/p>\n\n\n\n<p>M\u00f6chten Sie mehr \u00fcber die Auffindbarkeit bei Google erfahren oder m\u00f6chten Sie, dass wir Ihnen bei einer guten SEO-Strategie helfen? Dann z\u00f6gern Sie nicht, uns zu kontaktieren!<\/p>\n\n\n\n<div class=\"wp-block-buttons is-layout-flex wp-block-buttons-is-layout-flex\">\n<div class=\"wp-block-button\"><a class=\"wp-block-button__link wp-element-button\" href=\"https:\/\/effecty.nl\/contact\">Nehmen Sie Kontakt mit uns auf!<\/a><\/div>\n<\/div>\n","protected":false},"excerpt":{"rendered":"<p>M\u00f6chten Sie bei Google besser gefunden werden? Als Online-Marketing-Agentur haben wir viel Erfahrung mit der Verbesserung der Auffindbarkeit bei Google. &hellip;<\/p>\n","protected":false},"author":3,"featured_media":0,"parent":0,"menu_order":0,"comment_status":"closed","ping_status":"closed","template":"tl-services.php","meta":{"_acf_changed":false,"footnotes":""},"class_list":["post-13667","page","type-page","status-publish","hentry"],"acf":[],"_links":{"self":[{"href":"https:\/\/effecty.nl\/de\/wp-json\/wp\/v2\/pages\/13667","targetHints":{"allow":["GET"]}}],"collection":[{"href":"https:\/\/effecty.nl\/de\/wp-json\/wp\/v2\/pages"}],"about":[{"href":"https:\/\/effecty.nl\/de\/wp-json\/wp\/v2\/types\/page"}],"author":[{"embeddable":true,"href":"https:\/\/effecty.nl\/de\/wp-json\/wp\/v2\/users\/3"}],"replies":[{"embeddable":true,"href":"https:\/\/effecty.nl\/de\/wp-json\/wp\/v2\/comments?post=13667"}],"version-history":[{"count":1,"href":"https:\/\/effecty.nl\/de\/wp-json\/wp\/v2\/pages\/13667\/revisions"}],"predecessor-version":[{"id":13668,"href":"https:\/\/effecty.nl\/de\/wp-json\/wp\/v2\/pages\/13667\/revisions\/13668"}],"wp:attachment":[{"href":"https:\/\/effecty.nl\/de\/wp-json\/wp\/v2\/media?parent=13667"}],"curies":[{"name":"wp","href":"https:\/\/api.w.org\/{rel}","templated":true}]}}