{"id":13676,"date":"2024-10-23T15:28:11","date_gmt":"2024-10-23T13:28:11","guid":{"rendered":"https:\/\/effecty.nl\/?page_id=13676"},"modified":"2024-10-23T15:28:13","modified_gmt":"2024-10-23T13:28:13","slug":"display-werbung","status":"publish","type":"page","link":"https:\/\/effecty.nl\/de\/display-werbung\/","title":{"rendered":"Display-Werbung"},"content":{"rendered":"\n<div class=\"wp-block-columns is-layout-flex wp-container-core-columns-is-layout-9d6595d7 wp-block-columns-is-layout-flex\">\n<div class=\"wp-block-column is-layout-flow wp-block-column-is-layout-flow\">\n<h2 class=\"wp-block-heading\"><strong>Die Vorteile von Display-Werbung<\/strong><\/h2>\n\n\n\n<p>Display-Werbung ist, wie bereits erw\u00e4hnt, von gro\u00dfem Nutzen f\u00fcr die Steigerung Ihrer Markenbekanntheit. Sie hat aber noch weitere Vorteile:<\/p>\n\n\n\n<ul class=\"wp-block-list\">\n<li>Sie erreichen Menschen in allen Phasen Ihrer Customer Journey;<\/li>\n\n\n\n<li>Sie ist ein ideales Instrument f\u00fcr Remarketing und Retargeting;<\/li>\n\n\n\n<li>Es gibt mehrere gute Targeting-Optionen;<\/li>\n\n\n\n<li>Sie haben Zugang zu aufschlussreichen Ergebnissen;<\/li>\n\n\n\n<li>Sie haben eine gro\u00dfe Reichweite;<\/li>\n\n\n\n<li>Sie ist eine geeignete Erg\u00e4nzung zu anderen Marketingaktivit\u00e4ten.<\/li>\n<\/ul>\n\n\n\n<p>M\u00f6chten Sie Display Advertising ausprobieren, wissen aber nicht wie? Wir haben bereits f\u00fcr mehrere Kunden mit Bannern geworben und wissen, wie man sie einrichtet, welche Ergebnisse zu erwarten sind und wie man die Anzeigen optimiert. Nehmen Sie Kontakt mit uns auf f\u00fcr ein unverbindliches Gespr\u00e4ch!<\/p>\n\n\n\n<div class=\"wp-block-buttons is-layout-flex wp-block-buttons-is-layout-flex\">\n<div class=\"wp-block-button\"><a class=\"wp-block-button__link wp-element-button\" href=\"https:\/\/effecty.nl\/contact\">Senden Sie uns eine Nachricht<\/a><\/div>\n<\/div>\n<\/div>\n\n\n\n<div class=\"wp-block-column is-layout-flow wp-block-column-is-layout-flow\">\n<figure class=\"wp-block-image size-large is-resized\"><img loading=\"lazy\" decoding=\"async\" width=\"768\" height=\"512\" src=\"https:\/\/effecty.nl\/wp-content\/uploads\/2024\/06\/benjamin-dada-EDZTb2SQ6j0-unsplash-768x512.webp\" alt=\"\" class=\"wp-image-12213\" style=\"width:440px;height:293px\" srcset=\"https:\/\/effecty.nl\/wp-content\/uploads\/2024\/06\/benjamin-dada-EDZTb2SQ6j0-unsplash-768x512.webp 768w, https:\/\/effecty.nl\/wp-content\/uploads\/2024\/06\/benjamin-dada-EDZTb2SQ6j0-unsplash-300x200.webp 300w, https:\/\/effecty.nl\/wp-content\/uploads\/2024\/06\/benjamin-dada-EDZTb2SQ6j0-unsplash-150x100.webp 150w, https:\/\/effecty.nl\/wp-content\/uploads\/2024\/06\/benjamin-dada-EDZTb2SQ6j0-unsplash-1536x1024.webp 1536w, https:\/\/effecty.nl\/wp-content\/uploads\/2024\/06\/benjamin-dada-EDZTb2SQ6j0-unsplash.webp 1600w\" sizes=\"auto, (max-width: 768px) 100vw, 768px\" \/><\/figure>\n<\/div>\n<\/div>\n","protected":false},"excerpt":{"rendered":"<p>Die Vorteile von Display-Werbung Display-Werbung ist, wie bereits erw\u00e4hnt, von gro\u00dfem Nutzen f\u00fcr die Steigerung Ihrer Markenbekanntheit. Sie hat aber &hellip;<\/p>\n","protected":false},"author":3,"featured_media":0,"parent":0,"menu_order":0,"comment_status":"closed","ping_status":"closed","template":"","meta":{"_acf_changed":false,"footnotes":""},"class_list":["post-13676","page","type-page","status-publish","hentry"],"acf":[],"_links":{"self":[{"href":"https:\/\/effecty.nl\/de\/wp-json\/wp\/v2\/pages\/13676","targetHints":{"allow":["GET"]}}],"collection":[{"href":"https:\/\/effecty.nl\/de\/wp-json\/wp\/v2\/pages"}],"about":[{"href":"https:\/\/effecty.nl\/de\/wp-json\/wp\/v2\/types\/page"}],"author":[{"embeddable":true,"href":"https:\/\/effecty.nl\/de\/wp-json\/wp\/v2\/users\/3"}],"replies":[{"embeddable":true,"href":"https:\/\/effecty.nl\/de\/wp-json\/wp\/v2\/comments?post=13676"}],"version-history":[{"count":1,"href":"https:\/\/effecty.nl\/de\/wp-json\/wp\/v2\/pages\/13676\/revisions"}],"predecessor-version":[{"id":13677,"href":"https:\/\/effecty.nl\/de\/wp-json\/wp\/v2\/pages\/13676\/revisions\/13677"}],"wp:attachment":[{"href":"https:\/\/effecty.nl\/de\/wp-json\/wp\/v2\/media?parent=13676"}],"curies":[{"name":"wp","href":"https:\/\/api.w.org\/{rel}","templated":true}]}}