{"id":13680,"date":"2024-10-23T15:35:29","date_gmt":"2024-10-23T13:35:29","guid":{"rendered":"https:\/\/effecty.nl\/?page_id=13680"},"modified":"2024-10-23T15:35:30","modified_gmt":"2024-10-23T13:35:30","slug":"instagram-werbung","status":"publish","type":"page","link":"https:\/\/effecty.nl\/de\/instagram-werbung\/","title":{"rendered":"Instagram-Werbung"},"content":{"rendered":"\n<div class=\"wp-block-columns is-layout-flex wp-container-core-columns-is-layout-9d6595d7 wp-block-columns-is-layout-flex\">\n<div class=\"wp-block-column is-layout-flow wp-block-column-is-layout-flow\">\n<figure class=\"wp-block-image size-large is-resized\"><img loading=\"lazy\" decoding=\"async\" width=\"768\" height=\"512\" src=\"https:\/\/effecty.nl\/wp-content\/uploads\/2024\/06\/pexels-pixabay-248533-768x512.webp\" alt=\"\" class=\"wp-image-12209\" style=\"width:436px;height:290px\" srcset=\"https:\/\/effecty.nl\/wp-content\/uploads\/2024\/06\/pexels-pixabay-248533-768x512.webp 768w, https:\/\/effecty.nl\/wp-content\/uploads\/2024\/06\/pexels-pixabay-248533-300x200.webp 300w, https:\/\/effecty.nl\/wp-content\/uploads\/2024\/06\/pexels-pixabay-248533-150x100.webp 150w, https:\/\/effecty.nl\/wp-content\/uploads\/2024\/06\/pexels-pixabay-248533-1536x1024.webp 1536w, https:\/\/effecty.nl\/wp-content\/uploads\/2024\/06\/pexels-pixabay-248533.webp 1600w\" sizes=\"auto, (max-width: 768px) 100vw, 768px\" \/><\/figure>\n<\/div>\n\n\n\n<div class=\"wp-block-column is-layout-flow wp-block-column-is-layout-flow\">\n<h2 class=\"wp-block-heading\">Wie wir Werbung auf Instagram nutzen<\/h2>\n\n\n\n<p>M\u00f6chten Sie mehr \u00fcber die M\u00f6glichkeiten der Instagram-Werbung erfahren? Wir k\u00f6nnen Sie nat\u00fcrlich dar\u00fcber informieren. Dar\u00fcber hinaus erstellen wir nat\u00fcrlich auch gerne einen Plan f\u00fcr Werbung auf Instagram. Auf diese Weise k\u00f6nnen wir Ihnen helfen, Ihre Zielgruppe auf Instagram zu erreichen! M\u00f6chten Sie mehr wissen? Dann kontaktieren Sie einen unserer Experten f\u00fcr Social Advertising.<\/p>\n\n\n\n<div class=\"wp-block-buttons is-layout-flex wp-block-buttons-is-layout-flex\">\n<div class=\"wp-block-button\"><a class=\"wp-block-button__link wp-element-button\" href=\"mailto:sophie@effecty.nl\">Schicken Sie uns eine E-Mail<\/a><\/div>\n<\/div>\n<\/div>\n<\/div>\n","protected":false},"excerpt":{"rendered":"<p>Wie wir Werbung auf Instagram nutzen M\u00f6chten Sie mehr \u00fcber die M\u00f6glichkeiten der Instagram-Werbung erfahren? Wir k\u00f6nnen Sie nat\u00fcrlich dar\u00fcber &hellip;<\/p>\n","protected":false},"author":3,"featured_media":0,"parent":13674,"menu_order":0,"comment_status":"closed","ping_status":"closed","template":"","meta":{"_acf_changed":false,"footnotes":""},"class_list":["post-13680","page","type-page","status-publish","hentry"],"acf":[],"_links":{"self":[{"href":"https:\/\/effecty.nl\/de\/wp-json\/wp\/v2\/pages\/13680","targetHints":{"allow":["GET"]}}],"collection":[{"href":"https:\/\/effecty.nl\/de\/wp-json\/wp\/v2\/pages"}],"about":[{"href":"https:\/\/effecty.nl\/de\/wp-json\/wp\/v2\/types\/page"}],"author":[{"embeddable":true,"href":"https:\/\/effecty.nl\/de\/wp-json\/wp\/v2\/users\/3"}],"replies":[{"embeddable":true,"href":"https:\/\/effecty.nl\/de\/wp-json\/wp\/v2\/comments?post=13680"}],"version-history":[{"count":1,"href":"https:\/\/effecty.nl\/de\/wp-json\/wp\/v2\/pages\/13680\/revisions"}],"predecessor-version":[{"id":13681,"href":"https:\/\/effecty.nl\/de\/wp-json\/wp\/v2\/pages\/13680\/revisions\/13681"}],"up":[{"embeddable":true,"href":"https:\/\/effecty.nl\/de\/wp-json\/wp\/v2\/pages\/13674"}],"wp:attachment":[{"href":"https:\/\/effecty.nl\/de\/wp-json\/wp\/v2\/media?parent=13680"}],"curies":[{"name":"wp","href":"https:\/\/api.w.org\/{rel}","templated":true}]}}