{"id":13686,"date":"2024-10-23T16:13:36","date_gmt":"2024-10-23T14:13:36","guid":{"rendered":"https:\/\/effecty.nl\/?page_id=13686"},"modified":"2024-10-23T16:13:38","modified_gmt":"2024-10-23T14:13:38","slug":"influencer-marketing","status":"publish","type":"page","link":"https:\/\/effecty.nl\/de\/influencer-marketing\/","title":{"rendered":"Influencer-Marketing"},"content":{"rendered":"\n<div class=\"wp-block-columns is-layout-flex wp-container-core-columns-is-layout-9d6595d7 wp-block-columns-is-layout-flex\">\n<div class=\"wp-block-column is-layout-flow wp-block-column-is-layout-flow\">\n<h2 class=\"wp-block-heading\">Wie k\u00f6nnen wir Ihnen mit Influencer Marketing helfen?<\/h2>\n\n\n\n<p>Sind Sie neugierig, was wir f\u00fcr Ihr Unternehmen tun k\u00f6nnen? Wir k\u00f6nnen Sie vor allem in Sachen Influencer-Marketing beraten und eine Influencer-Strategie festlegen. Wir k\u00f6nnen Sie mit verschiedenen Influencern in Kontakt bringen, die zu Ihrer Zielgruppe passen. Auf diese Weise geben Sie weniger Geld f\u00fcr die Suche nach Kontakten zu Influencern aus und haben in k\u00fcrzester Zeit einen der fettesten Influencer f\u00fcr Ihre Kampagnen! Wir werden vor allem darauf achten, welcher Influencer zu der Zielgruppe passt, die Sie erreichen wollen. So kann es pl\u00f6tzlich zu einem Wachstumsschub bei der Anzahl der Follower auf Ihrem Social-Media-Kanal kommen! Sie wollen doch auch, dass Ihre Marke online w\u00e4chst, oder?<\/p>\n<\/div>\n\n\n\n<div class=\"wp-block-column is-layout-flow wp-block-column-is-layout-flow\">\n<figure class=\"wp-block-image size-large\"><img loading=\"lazy\" decoding=\"async\" width=\"768\" height=\"432\" src=\"https:\/\/effecty.nl\/wp-content\/uploads\/2024\/06\/mateus-campos-felipe-ZKJQCWsKmPs-unsplash-768x432.webp\" alt=\"\" class=\"wp-image-12224\" srcset=\"https:\/\/effecty.nl\/wp-content\/uploads\/2024\/06\/mateus-campos-felipe-ZKJQCWsKmPs-unsplash-768x432.webp 768w, https:\/\/effecty.nl\/wp-content\/uploads\/2024\/06\/mateus-campos-felipe-ZKJQCWsKmPs-unsplash-300x169.webp 300w, https:\/\/effecty.nl\/wp-content\/uploads\/2024\/06\/mateus-campos-felipe-ZKJQCWsKmPs-unsplash-150x84.webp 150w, https:\/\/effecty.nl\/wp-content\/uploads\/2024\/06\/mateus-campos-felipe-ZKJQCWsKmPs-unsplash-1536x864.webp 1536w, https:\/\/effecty.nl\/wp-content\/uploads\/2024\/06\/mateus-campos-felipe-ZKJQCWsKmPs-unsplash.webp 1600w\" sizes=\"auto, (max-width: 768px) 100vw, 768px\" \/><\/figure>\n<\/div>\n<\/div>\n","protected":false},"excerpt":{"rendered":"<p>Wie k\u00f6nnen wir Ihnen mit Influencer Marketing helfen? Sind Sie neugierig, was wir f\u00fcr Ihr Unternehmen tun k\u00f6nnen? Wir k\u00f6nnen &hellip;<\/p>\n","protected":false},"author":3,"featured_media":0,"parent":0,"menu_order":0,"comment_status":"closed","ping_status":"closed","template":"","meta":{"_acf_changed":false,"footnotes":""},"class_list":["post-13686","page","type-page","status-publish","hentry"],"acf":[],"_links":{"self":[{"href":"https:\/\/effecty.nl\/de\/wp-json\/wp\/v2\/pages\/13686","targetHints":{"allow":["GET"]}}],"collection":[{"href":"https:\/\/effecty.nl\/de\/wp-json\/wp\/v2\/pages"}],"about":[{"href":"https:\/\/effecty.nl\/de\/wp-json\/wp\/v2\/types\/page"}],"author":[{"embeddable":true,"href":"https:\/\/effecty.nl\/de\/wp-json\/wp\/v2\/users\/3"}],"replies":[{"embeddable":true,"href":"https:\/\/effecty.nl\/de\/wp-json\/wp\/v2\/comments?post=13686"}],"version-history":[{"count":1,"href":"https:\/\/effecty.nl\/de\/wp-json\/wp\/v2\/pages\/13686\/revisions"}],"predecessor-version":[{"id":13687,"href":"https:\/\/effecty.nl\/de\/wp-json\/wp\/v2\/pages\/13686\/revisions\/13687"}],"wp:attachment":[{"href":"https:\/\/effecty.nl\/de\/wp-json\/wp\/v2\/media?parent=13686"}],"curies":[{"name":"wp","href":"https:\/\/api.w.org\/{rel}","templated":true}]}}