{"id":13688,"date":"2024-10-23T16:17:38","date_gmt":"2024-10-23T14:17:38","guid":{"rendered":"https:\/\/effecty.nl\/?page_id=13688"},"modified":"2024-10-23T16:17:40","modified_gmt":"2024-10-23T14:17:40","slug":"linkedin-werbung","status":"publish","type":"page","link":"https:\/\/effecty.nl\/de\/linkedin-werbung\/","title":{"rendered":"Linkedin Werbung"},"content":{"rendered":"\n<div class=\"wp-block-columns is-layout-flex wp-container-core-columns-is-layout-9d6595d7 wp-block-columns-is-layout-flex\">\n<div class=\"wp-block-column is-layout-flow wp-block-column-is-layout-flow\">\n<h2 class=\"wp-block-heading\"><strong>Definieren Sie Ihr Zielpublikum<\/strong><\/h2>\n\n\n\n<p>Als N\u00e4chstes ist es an der Zeit, Ihr Zielpublikum zu definieren. Es gibt unheimlich viele M\u00f6glichkeiten, weshalb wir oft feststellen, dass es den Leuten schwer f\u00e4llt, ihre Zielgruppe im Detail zu definieren, wenn sie mit der Werbung auf LinkedIn beginnen. Unser Tipp lautet daher: Wenn Sie das Gef\u00fchl haben, eine gute Zielgruppe erstellt zu haben, speichern Sie sie. Dann k\u00f6nnen Sie sie noch \u00f6fter f\u00fcr andere Anzeigen verwenden!<\/p>\n\n\n\n<p>Neben der Erstellung einer eigenen Zielgruppe f\u00fcr Ihre LinkedIn-Anzeige haben Sie eine Reihe weiterer Optionen zur Auswahl:<\/p>\n\n\n\n<ul class=\"wp-block-list\">\n<li>Look-a-like-Zielgruppe: Diese Gruppe spiegelt Ihre Website-Besucher wider. So k\u00f6nnen Sie noch gezielter bei potenziellen Kunden werben!<\/li>\n\n\n\n<li>Retargeting-Zielgruppe: Bei dieser Strategie geben Sie URLs als Datenquelle an. LinkedIn baut dann die Zielgruppe auf, sobald Mitglieder diese URL besuchen.<\/li>\n\n\n\n<li>LinkedIn Audience Network: Damit zeigt LinkedIn Ihre Kampagnen auf Partner-Websites an. Dadurch wird Ihre Zielgruppe noch gr\u00f6\u00dfer. Ein Nachteil dabei ist, dass Sie nicht wissen, mit welcher Einstellung Ihre Zielgruppe die Anzeige sieht.<\/li>\n<\/ul>\n<\/div>\n\n\n\n<div class=\"wp-block-column is-layout-flow wp-block-column-is-layout-flow\">\n<figure class=\"wp-block-image size-large\"><img loading=\"lazy\" decoding=\"async\" width=\"768\" height=\"512\" src=\"https:\/\/effecty.nl\/wp-content\/uploads\/2024\/06\/linkedin-sales-solutions-UK1N66KUkMk-unsplash-1-768x512.webp\" alt=\"\" class=\"wp-image-12222\" srcset=\"https:\/\/effecty.nl\/wp-content\/uploads\/2024\/06\/linkedin-sales-solutions-UK1N66KUkMk-unsplash-1-768x512.webp 768w, https:\/\/effecty.nl\/wp-content\/uploads\/2024\/06\/linkedin-sales-solutions-UK1N66KUkMk-unsplash-1-300x200.webp 300w, https:\/\/effecty.nl\/wp-content\/uploads\/2024\/06\/linkedin-sales-solutions-UK1N66KUkMk-unsplash-1-150x100.webp 150w, https:\/\/effecty.nl\/wp-content\/uploads\/2024\/06\/linkedin-sales-solutions-UK1N66KUkMk-unsplash-1-1536x1024.webp 1536w, https:\/\/effecty.nl\/wp-content\/uploads\/2024\/06\/linkedin-sales-solutions-UK1N66KUkMk-unsplash-1.webp 1600w\" sizes=\"auto, (max-width: 768px) 100vw, 768px\" \/><\/figure>\n<\/div>\n<\/div>\n\n\n\n<div class=\"wp-block-columns is-layout-flex wp-container-core-columns-is-layout-9d6595d7 wp-block-columns-is-layout-flex\">\n<div class=\"wp-block-column is-layout-flow wp-block-column-is-layout-flow\">\n<figure class=\"wp-block-image size-large\"><img loading=\"lazy\" decoding=\"async\" width=\"768\" height=\"512\" src=\"https:\/\/effecty.nl\/wp-content\/uploads\/2024\/06\/KR_EFFECTY_310123-316-768x512.webp\" alt=\"\" class=\"wp-image-11964\" srcset=\"https:\/\/effecty.nl\/wp-content\/uploads\/2024\/06\/KR_EFFECTY_310123-316-768x512.webp 768w, https:\/\/effecty.nl\/wp-content\/uploads\/2024\/06\/KR_EFFECTY_310123-316-300x200.webp 300w, https:\/\/effecty.nl\/wp-content\/uploads\/2024\/06\/KR_EFFECTY_310123-316-150x100.webp 150w, https:\/\/effecty.nl\/wp-content\/uploads\/2024\/06\/KR_EFFECTY_310123-316-1536x1024.webp 1536w, https:\/\/effecty.nl\/wp-content\/uploads\/2024\/06\/KR_EFFECTY_310123-316.webp 1600w\" sizes=\"auto, (max-width: 768px) 100vw, 768px\" \/><\/figure>\n<\/div>\n\n\n\n<div class=\"wp-block-column is-layout-flow wp-block-column-is-layout-flow\">\n<h2 class=\"wp-block-heading\"><strong>Erstellen von Anzeigen auf LinkedIn<\/strong><\/h2>\n\n\n\n<p>Was die Auswahl Ihrer Zielgruppe betrifft, so gibt es bei der Erstellung Ihrer Anzeige auf LinkedIn eine Vielzahl von M\u00f6glichkeiten. Sie k\u00f6nnen ein oder mehrere Fotos und\/oder Videos platzieren, sich f\u00fcr ein Karussell entscheiden oder nur mit einer Textanzeige arbeiten. Wir probieren immer verschiedene Formate aus und analysieren dann, welches die besten Ergebnisse bringt. Brauchen Sie Hilfe bei der Erstellung Ihrer Anzeige? Nat\u00fcrlich stellen wir Ihnen auch gerne einen passenden Text, ein Foto und\/oder ein Video zur Verf\u00fcgung!<\/p>\n\n\n\n<h2 class=\"wp-block-heading\"><strong>Kosten f\u00fcr Werbung auf LinkedIn<\/strong><\/h2>\n\n\n\n<p>Das ist ja alles sch\u00f6n und gut, aber wie hoch sind die Kosten f\u00fcr Werbung auf LinkedIn genau? Das k\u00f6nnen wir Ihnen leider nicht in ein paar Minuten beantworten. Aber wir k\u00f6nnen Ihnen Tipps geben, wie Sie Ihr Budget so intelligent wie m\u00f6glich einsetzen k\u00f6nnen. Wenn Sie auf LinkedIn werben, k\u00f6nnen Sie zwischen verschiedenen Bietstrategien w\u00e4hlen:<\/p>\n\n\n\n<ul class=\"wp-block-list\">\n<li>CPC (Cost Per Click): Bei dieser Strategie zahlen Sie nur, wenn jemand auf Ihre Anzeige klickt. Au\u00dferdem k\u00f6nnen Sie Ihre eigenen t\u00e4glichen Ausgaben f\u00fcr die Anzeige festlegen.<\/li>\n\n\n\n<li>CPM (Cost Per Mile): Bei dieser Strategie geben Sie den Betrag an, den Sie f\u00fcr die Anzahl der (1.000) Aufrufe zu zahlen bereit sind.<\/li>\n\n\n\n<li>Tagesbudget: Mit dieser Strategie wirbt LinkedIn so lange, bis das Budget f\u00fcr den Tag ausgesch\u00f6pft ist, unabh\u00e4ngig davon, ob es Klicks gibt.<\/li>\n<\/ul>\n\n\n\n<p>Werbung auf LinkedIn kann Sie viel kosten, aber auch viel bringen. Wenn Sie es nicht richtig machen, wird es Ihnen auch nicht viel bringen. Deshalb helfen Ihnen unsere Experten gerne dabei, eine Strategie f\u00fcr Werbung auf LinkedIn zu entwickeln. Sprechen Sie uns einfach an!<\/p>\n\n\n\n<div class=\"wp-block-buttons is-layout-flex wp-block-buttons-is-layout-flex\">\n<div class=\"wp-block-button\"><a class=\"wp-block-button__link wp-element-button\" href=\"mailto:fieke@effecty.nl\">Ich m\u00f6chte mit LinkedIn beginnen!<\/a><\/div>\n<\/div>\n<\/div>\n<\/div>\n","protected":false},"excerpt":{"rendered":"<p>Definieren Sie Ihr Zielpublikum Als N\u00e4chstes ist es an der Zeit, Ihr Zielpublikum zu definieren. Es gibt unheimlich viele M\u00f6glichkeiten, &hellip;<\/p>\n","protected":false},"author":3,"featured_media":5778,"parent":0,"menu_order":0,"comment_status":"closed","ping_status":"closed","template":"","meta":{"_acf_changed":false,"footnotes":""},"class_list":["post-13688","page","type-page","status-publish","has-post-thumbnail","hentry"],"acf":[],"_links":{"self":[{"href":"https:\/\/effecty.nl\/de\/wp-json\/wp\/v2\/pages\/13688","targetHints":{"allow":["GET"]}}],"collection":[{"href":"https:\/\/effecty.nl\/de\/wp-json\/wp\/v2\/pages"}],"about":[{"href":"https:\/\/effecty.nl\/de\/wp-json\/wp\/v2\/types\/page"}],"author":[{"embeddable":true,"href":"https:\/\/effecty.nl\/de\/wp-json\/wp\/v2\/users\/3"}],"replies":[{"embeddable":true,"href":"https:\/\/effecty.nl\/de\/wp-json\/wp\/v2\/comments?post=13688"}],"version-history":[{"count":1,"href":"https:\/\/effecty.nl\/de\/wp-json\/wp\/v2\/pages\/13688\/revisions"}],"predecessor-version":[{"id":13689,"href":"https:\/\/effecty.nl\/de\/wp-json\/wp\/v2\/pages\/13688\/revisions\/13689"}],"wp:featuredmedia":[{"embeddable":true,"href":"https:\/\/effecty.nl\/de\/wp-json\/wp\/v2\/media\/5778"}],"wp:attachment":[{"href":"https:\/\/effecty.nl\/de\/wp-json\/wp\/v2\/media?parent=13688"}],"curies":[{"name":"wp","href":"https:\/\/api.w.org\/{rel}","templated":true}]}}