{"id":13694,"date":"2024-10-24T09:03:46","date_gmt":"2024-10-24T07:03:46","guid":{"rendered":"https:\/\/effecty.nl\/?page_id=13694"},"modified":"2024-10-24T09:07:19","modified_gmt":"2024-10-24T07:07:19","slug":"anrufverfolgung","status":"publish","type":"page","link":"https:\/\/effecty.nl\/de\/anrufverfolgung\/","title":{"rendered":"Anrufverfolgung"},"content":{"rendered":"\n<div class=\"wp-block-columns is-layout-flex wp-container-core-columns-is-layout-9d6595d7 wp-block-columns-is-layout-flex\">\n<div class=\"wp-block-column is-layout-flow wp-block-column-is-layout-flow\">\n<h2 class=\"wp-block-heading\">Wie wir Ihnen bei der Anrufverfolgung helfen<\/h2>\n\n\n\n<p>F\u00fcr uns als Agentur f\u00fcr digitales Marketing ist es auch sehr vorteilhaft, wenn unsere Kunden ein Call-Tracking durchf\u00fchren. Denn so k\u00f6nnen wir zeigen, dass bestimmte Online-Marketing-Kan\u00e4le besser funktionieren, als sie es sonst vermuten w\u00fcrden. Je mehr gew\u00fcnschte Konversionsma\u00dfnahmen wir aufzeigen k\u00f6nnen, desto besser.<\/p>\n\n\n\n<p>Wenn Sie jedoch \u00fcber uns mit dem Call Tracking beginnen wollen, werden wir immer zuerst kritisch pr\u00fcfen, ob dies ratsam ist. Wenn es kaum Anrufe von Website-Besuchern gibt und\/oder wenn Telefonanrufe kaum zu einer Aktion f\u00fchren, kann Call Tracking Kosten verursachen, die besser angelegt w\u00e4ren. In vielen F\u00e4llen wird es jedoch viele Anrufe \u00fcber die Website geben und wir helfen Ihnen gerne beim Einstieg in das Call Tracking. <a href=\"\u201ehttps:\/\/effecty.nl\/over-effecty\/contact\/\u201c\">Nehmen Sie auf jeden Fall Kontakt mit<\/a> uns auf, um ein erstes unverbindliches Gespr\u00e4ch zu f\u00fchren!<\/p>\n\n\n\n<div class=\"wp-block-buttons is-layout-flex wp-block-buttons-is-layout-flex\">\n<div class=\"wp-block-button\"><a class=\"wp-block-button__link wp-element-button\" href=\"mailto:service@effecty.nl\">Ich m\u00f6chte Kontakt aufnehmen!<\/a><\/div>\n<\/div>\n<\/div>\n\n\n\n<div class=\"wp-block-column is-layout-flow wp-block-column-is-layout-flow\"><\/div>\n<\/div>\n\n\n\n<p><\/p>\n","protected":false},"excerpt":{"rendered":"<p>Wie wir Ihnen bei der Anrufverfolgung helfen F\u00fcr uns als Agentur f\u00fcr digitales Marketing ist es auch sehr vorteilhaft, wenn &hellip;<\/p>\n","protected":false},"author":3,"featured_media":4015,"parent":0,"menu_order":0,"comment_status":"closed","ping_status":"closed","template":"","meta":{"_acf_changed":false,"footnotes":""},"class_list":["post-13694","page","type-page","status-publish","has-post-thumbnail","hentry"],"acf":[],"_links":{"self":[{"href":"https:\/\/effecty.nl\/de\/wp-json\/wp\/v2\/pages\/13694","targetHints":{"allow":["GET"]}}],"collection":[{"href":"https:\/\/effecty.nl\/de\/wp-json\/wp\/v2\/pages"}],"about":[{"href":"https:\/\/effecty.nl\/de\/wp-json\/wp\/v2\/types\/page"}],"author":[{"embeddable":true,"href":"https:\/\/effecty.nl\/de\/wp-json\/wp\/v2\/users\/3"}],"replies":[{"embeddable":true,"href":"https:\/\/effecty.nl\/de\/wp-json\/wp\/v2\/comments?post=13694"}],"version-history":[{"count":2,"href":"https:\/\/effecty.nl\/de\/wp-json\/wp\/v2\/pages\/13694\/revisions"}],"predecessor-version":[{"id":13696,"href":"https:\/\/effecty.nl\/de\/wp-json\/wp\/v2\/pages\/13694\/revisions\/13696"}],"wp:featuredmedia":[{"embeddable":true,"href":"https:\/\/effecty.nl\/de\/wp-json\/wp\/v2\/media\/4015"}],"wp:attachment":[{"href":"https:\/\/effecty.nl\/de\/wp-json\/wp\/v2\/media?parent=13694"}],"curies":[{"name":"wp","href":"https:\/\/api.w.org\/{rel}","templated":true}]}}