{"id":13697,"date":"2024-10-24T09:17:35","date_gmt":"2024-10-24T07:17:35","guid":{"rendered":"https:\/\/effecty.nl\/?page_id=13697"},"modified":"2024-10-24T09:19:49","modified_gmt":"2024-10-24T07:19:49","slug":"crm-system","status":"publish","type":"page","link":"https:\/\/effecty.nl\/de\/crm-system\/","title":{"rendered":"CRM-System"},"content":{"rendered":"\n<h2 class=\"wp-block-heading\">Kundenbeziehungsmanagement-Software Effecty<\/h2>\n\n\n\n<div class=\"wp-block-columns is-layout-flex wp-container-core-columns-is-layout-9d6595d7 wp-block-columns-is-layout-flex\">\n<div class=\"wp-block-column is-layout-flow wp-block-column-is-layout-flow\">\n<p>Um ein Kundenbeziehungsmanagementsystem richtig einzurichten, ben\u00f6tigen Sie m\u00f6glicherweise Hilfe. Wir haben Erfahrung mit der Einf\u00fchrung und Nutzung eines solchen Systems und stehen Ihnen daher gerne zur Seite. Interessiert? Dann <a href=\"https:\/\/effecty.nl\/over-effecty\/contact\/\">kontaktieren Sie<\/a> uns f\u00fcr ein unverbindliches Kennenlerngespr\u00e4ch. Gemeinsam ermitteln wir zun\u00e4chst, welches CRM-System f\u00fcr Sie am besten geeignet ist. Dies h\u00e4ngt u.a. von der Gr\u00f6\u00dfe Ihres Unternehmens und der Art Ihrer Kunden ab. Je mehr wir \u00fcber Sie wissen, desto besser k\u00f6nnen wir Ihnen helfen!<\/p>\n\n\n\n<div class=\"wp-block-buttons is-layout-flex wp-block-buttons-is-layout-flex\">\n<div class=\"wp-block-button\"><a class=\"wp-block-button__link wp-element-button\" href=\"mailto:service@effecty.nl\">Schicken Sie uns eine E-Mail<\/a><\/div>\n<\/div>\n<\/div>\n\n\n\n<div class=\"wp-block-column is-layout-flow wp-block-column-is-layout-flow\"><\/div>\n<\/div>\n","protected":false},"excerpt":{"rendered":"<p>Kundenbeziehungsmanagement-Software Effecty Um ein Kundenbeziehungsmanagementsystem richtig einzurichten, ben\u00f6tigen Sie m\u00f6glicherweise Hilfe. Wir haben Erfahrung mit der Einf\u00fchrung und Nutzung eines &hellip;<\/p>\n","protected":false},"author":3,"featured_media":11968,"parent":0,"menu_order":0,"comment_status":"closed","ping_status":"closed","template":"","meta":{"_acf_changed":false,"footnotes":""},"class_list":["post-13697","page","type-page","status-publish","has-post-thumbnail","hentry"],"acf":[],"_links":{"self":[{"href":"https:\/\/effecty.nl\/de\/wp-json\/wp\/v2\/pages\/13697","targetHints":{"allow":["GET"]}}],"collection":[{"href":"https:\/\/effecty.nl\/de\/wp-json\/wp\/v2\/pages"}],"about":[{"href":"https:\/\/effecty.nl\/de\/wp-json\/wp\/v2\/types\/page"}],"author":[{"embeddable":true,"href":"https:\/\/effecty.nl\/de\/wp-json\/wp\/v2\/users\/3"}],"replies":[{"embeddable":true,"href":"https:\/\/effecty.nl\/de\/wp-json\/wp\/v2\/comments?post=13697"}],"version-history":[{"count":2,"href":"https:\/\/effecty.nl\/de\/wp-json\/wp\/v2\/pages\/13697\/revisions"}],"predecessor-version":[{"id":13699,"href":"https:\/\/effecty.nl\/de\/wp-json\/wp\/v2\/pages\/13697\/revisions\/13699"}],"wp:featuredmedia":[{"embeddable":true,"href":"https:\/\/effecty.nl\/de\/wp-json\/wp\/v2\/media\/11968"}],"wp:attachment":[{"href":"https:\/\/effecty.nl\/de\/wp-json\/wp\/v2\/media?parent=13697"}],"curies":[{"name":"wp","href":"https:\/\/api.w.org\/{rel}","templated":true}]}}