{"id":13703,"date":"2024-10-24T09:27:53","date_gmt":"2024-10-24T07:27:53","guid":{"rendered":"https:\/\/effecty.nl\/?page_id=13703"},"modified":"2024-10-24T09:27:55","modified_gmt":"2024-10-24T07:27:55","slug":"datenverwaltungsplattform-dmp","status":"publish","type":"page","link":"https:\/\/effecty.nl\/de\/datenverwaltungsplattform-dmp\/","title":{"rendered":"Datenverwaltungsplattform \u2013 DMP"},"content":{"rendered":"\n<div class=\"wp-block-columns is-layout-flex wp-container-core-columns-is-layout-9d6595d7 wp-block-columns-is-layout-flex\">\n<div class=\"wp-block-column is-layout-flow wp-block-column-is-layout-flow\">\n<h2 class=\"wp-block-heading\">Wir helfen Ihnen gerne, ein DMP auf den Weg zu bringen<\/h2>\n\n\n\n<p>Ein DMP kann sehr interessant sein, ist aber nicht f\u00fcr jedes Unternehmen zu empfehlen. Aufgrund der vielen M\u00f6glichkeiten, die ein DMP bietet, kann es mit einem hohen Preis verbunden sein. Au\u00dferdem m\u00fcssen Sie bereits jetzt eine Menge Daten sammeln, um die Personalisierung richtig durchzuf\u00fchren und gute Erkenntnisse aus dem Programm zu gewinnen. M\u00f6chten Sie wissen, ob ein DMP f\u00fcr Sie ratsam ist oder gleich loslegen? Dann setzen Sie sich mit uns in <a href=\"https:\/\/effecty.nl\/over-effecty\/contact\/\">Verbindung<\/a>, wir helfen Ihnen gerne weiter.<\/p>\n\n\n\n<div class=\"wp-block-buttons is-layout-flex wp-block-buttons-is-layout-flex\">\n<div class=\"wp-block-button\"><a class=\"wp-block-button__link wp-element-button\" href=\"mailto:service@effecty.nl\">Ich will Kontakt aufnehmen!<\/a><\/div>\n<\/div>\n<\/div>\n\n\n\n<div class=\"wp-block-column is-layout-flow wp-block-column-is-layout-flow\"><\/div>\n<\/div>\n","protected":false},"excerpt":{"rendered":"<p>Wir helfen Ihnen gerne, ein DMP auf den Weg zu bringen Ein DMP kann sehr interessant sein, ist aber nicht &hellip;<\/p>\n","protected":false},"author":3,"featured_media":11964,"parent":0,"menu_order":0,"comment_status":"closed","ping_status":"closed","template":"","meta":{"_acf_changed":false,"footnotes":""},"class_list":["post-13703","page","type-page","status-publish","has-post-thumbnail","hentry"],"acf":[],"_links":{"self":[{"href":"https:\/\/effecty.nl\/de\/wp-json\/wp\/v2\/pages\/13703","targetHints":{"allow":["GET"]}}],"collection":[{"href":"https:\/\/effecty.nl\/de\/wp-json\/wp\/v2\/pages"}],"about":[{"href":"https:\/\/effecty.nl\/de\/wp-json\/wp\/v2\/types\/page"}],"author":[{"embeddable":true,"href":"https:\/\/effecty.nl\/de\/wp-json\/wp\/v2\/users\/3"}],"replies":[{"embeddable":true,"href":"https:\/\/effecty.nl\/de\/wp-json\/wp\/v2\/comments?post=13703"}],"version-history":[{"count":1,"href":"https:\/\/effecty.nl\/de\/wp-json\/wp\/v2\/pages\/13703\/revisions"}],"predecessor-version":[{"id":13704,"href":"https:\/\/effecty.nl\/de\/wp-json\/wp\/v2\/pages\/13703\/revisions\/13704"}],"wp:featuredmedia":[{"embeddable":true,"href":"https:\/\/effecty.nl\/de\/wp-json\/wp\/v2\/media\/11964"}],"wp:attachment":[{"href":"https:\/\/effecty.nl\/de\/wp-json\/wp\/v2\/media?parent=13703"}],"curies":[{"name":"wp","href":"https:\/\/api.w.org\/{rel}","templated":true}]}}