{"id":13834,"date":"2024-11-19T09:49:53","date_gmt":"2024-11-19T08:49:53","guid":{"rendered":"https:\/\/effecty.nl\/?page_id=13834"},"modified":"2024-11-19T09:49:56","modified_gmt":"2024-11-19T08:49:56","slug":"die-digitalen-marketingtrends-des-jahres-2023","status":"publish","type":"page","link":"https:\/\/effecty.nl\/de\/die-digitalen-marketingtrends-des-jahres-2023\/","title":{"rendered":"Die digitalen Marketingtrends des Jahres 2023"},"content":{"rendered":"\n<h2 class=\"wp-block-heading\">Mit diesem kostenlosen Whitepaper voller Tipps und Trends bleibst du auf dem neuesten Stand<\/h2>\n\n\n\n<p>Die digitale Welt ver\u00e4ndert sich rasant. Deshalb ist es wichtig, schnell auf neue Entwicklungen zu reagieren, um der Konkurrenz einen Schritt voraus zu sein. Unsere Digital Heroes bei Effecty haben auf Basis ihrer Expertise ein brandneues Whitepaper erstellt, das die wichtigsten Marketingtrends f\u00fcr 2023 beleuchtet. Darin findest du zahlreiche Tipps zu SEO &amp; SEA, Social Media, Content-Erstellung, CRO &amp; UX, E-Mail-Marketing, Marketing-Automatisierung und vieles mehr!<\/p>\n\n\n\n<p><strong>M\u00f6chtest du \u00fcber die neuesten Digital-Marketing-Trends und -Entwicklungen informiert sein und erfahren, wie du sie nutzen kannst? Lade dir dieses kostenlose Whitepaper herunter und bleibe vollst\u00e4ndig auf dem Laufenden \u00fcber alle neuen Features und Entwicklungen, die du f\u00fcr dein Marketing einsetzen kannst!<\/strong><\/p>\n\n\n\n<script type=\"text\/javascript\">\n    function verifyCallback_1bfe520df51f62ced5f18febedb1538d( response ) {\n        document.getElementById(\"mauticform_input_whitepaper2023marketingtrendsnieuwformulier_recaptcha\").value = response;\n    }\n    function onLoad1bfe520df51f62ced5f18febedb1538d() { \n        grecaptcha.execute('6LdJCWolAAAAAM7-Rd7EfNLeeT0z4ALrimdxRZ0K', {action: 'form'}).then(function(token) {\n            verifyCallback_1bfe520df51f62ced5f18febedb1538d(token);\n         }); \n    }\n<\/script>\n<script src=\"https:\/\/www.google.com\/recaptcha\/api.js?onload=onLoad1bfe520df51f62ced5f18febedb1538d&amp;render=6LdJCWolAAAAAM7-Rd7EfNLeeT0z4ALrimdxRZ0K\"><\/script>\n<style type=\"text\/css\" scoped=\"\">\n    #whitepapertrends_form_wrapper {width: 100%; background: #f1ede4; padding: 20px; margin: 40px 0;}\n    #mauticform_wrapper_whitepapertrends2021.mauticform_wrapper { max-width: 600px; margin: 10px auto;}\n    .mauticform-innerform {}\n    .mauticform-post-success {}\n    .mauticform-name { font-weight: bold; font-size: 1.5em; margin-bottom: 3px; }\n    .mauticform-description { margin-top: 2px; margin-bottom: 10px; }\n    .mauticform-error { margin-bottom: 10px; color: red; }\n    #mauticform_wrapper_whitepapertrends2021 .mauticform-message { margin: 30px 0;color: #21256B; font-size: 2rem; line-height: 2.5rem; }\n    .mauticform-row { display: block; margin-bottom: 1rem; }\n    #mauticform_whitepapertrends2021_inschrijving_nieuwsbrief.mauticform-row {margin-bottom: 0; margin-top: 10px;}\n    .mauticform-label { font-size: 1.1em; display: block; font-weight: bold; margin-bottom: 5px; }\n    .mauticform-row.mauticform-required .mauticform-label:after { color: #e32; content: \" *\"; display: inline; }\n    .mauticform-helpmessage { display: block; font-size: 0.9em; margin-bottom: 3px; }\n    .mauticform-errormsg { display: block; color: #dc3545; margin-top: 0.25rem; font-size: 80%; font-family: \"Old Standard TT\",-apple-system,BlinkMacSystemFont,\"Segoe UI\",Roboto,\"Helvetica Neue\",Arial,sans-serif;}\n    #mauticform_wrapper_whitepapertrends2021 .mauticform-selectbox { width: 100%; padding: 0.75rem 1rem; border: none; border-radius: 0.2rem; background: #fff; box-sizing: border-box; height: calc(1.8em + 1.5rem + 4px);}\n    #mauticform_wrapper_whitepapertrends2021 .mauticform-input, .mauticform-textarea {\n  \t\t\tdisplay: block;\n  \t\t\twidth: 100%;\n  \t\t\tpadding: 0.75rem 1rem;\n  \t\t\tfont-family: \"Old Standard TT\",-apple-system,BlinkMacSystemFont,\"Segoe UI\",Roboto,\"Helvetica Neue\",Arial,sans-serif;\n  \t\t\tfont-size: 1rem;\n  \t\t\tfont-weight: 400;\n  \t\t\tline-height: 1.8;\n  \t\t\tborder: none;\n  \t\t\tborder-radius: 0.2rem;\n  \t\t\tbox-shadow: none !important;\n  \t\t\tcolor: #070020;\n  \t}\n  \t.mauticform-input {height: calc(1.8em + 1.5rem + 4px);}\n  \t.mauticform-textarea {height: auto;}\n  \t.mauticform-has-error .mauticform-input, .mauticform-has-error .mauticform-textarea {\n  \t\t\tborder-color: #dc3545;\n  \t\t\tpadding-right: calc(1.8em + 1.5rem);\n  \t\t\tbackground-image: url(\"data:image\/svg+xml,%3csvg xmlns='http:\/\/www.w3.org\/2000\/svg' fill='%23dc3545' viewBox='-2 -2 7 7'%3e%3cpath stroke='%23dc3545' d='M0 0l3 3m0-3L0 3'\/%3e%3ccircle r='.5'\/%3e%3ccircle cx='3' r='.5'\/%3e%3ccircle cy='3' r='.5'\/%3e%3ccircle cx='3' cy='3' r='.5'\/%3e%3c\/svg%3E\");\n  \t\t\tbackground-repeat: no-repeat;\n  \t\t\tbackground-position: center right calc(0.45em + 0.375rem);\n  \t\t\tbackground-size: calc(0.9em + 0.75rem) calc(0.9em + 0.75rem);\n  \t}\n  \t#mauticform_wrapper_whitepapertrends2021 button.btn-default {\n  \t\tbackground: #21256b url(https:\/\/effecty.nl\/wp-content\/themes\/effecty\/images\/pattern.jpg) center;\n  \t\tbackground-size: cover;\n  \t\t-webkit-transition: all .1s ease-in-out;\n  \t\ttransition: all .1s ease-in-out;\n  \t\tbox-shadow: none!important;\n  \t\tcursor: pointer;\n  \t\toutline: 0!important;\n  \t\tpadding: 1rem 1.75rem;\n  \t\tfont-family: \"Nexa Bold\",\"Old Standard TT\",-apple-system,BlinkMacSystemFont,\"Segoe UI\",Roboto,\"Helvetica Neue\",Arial,sans-serif;\n  \t\tfont-weight: 500;\n  \t\tborder-radius: 4rem;\n  \t\tborder: 0;\n  \t\tcolor: #fff;\n  \t\ttext-align: center;\n  \t\tvertical-align: middle;\n  \t\tuser-select: none;\n  \t\tfont-size: 1rem;\n  line-height: 1.8;\n  float: none !important;}\n  \t\tbutton.btn-default:after {font-family: \"Font Awesome 5 Pro\";\n  \tfont-weight: 900;\n  \tcontent: \"\\f178\";\n  \tmargin-left: 1.5rem;}\n  \t\t.mauticform-pagebreak-wrapper .mauticform-pagebreak { display: inline-block;margin-bottom: 0;font-weight: 600;text-align: center;vertical-align: middle;cursor: pointer;background-image: none;border: 1px solid transparent;white-space: nowrap;padding: 6px 12px;font-size: 13px;line-height: 1.3856;border-radius: 3px;-webkit-user-select: none;-moz-user-select: none;-ms-user-select: none;user-select: none;}\n  \t.mauticform-pagebreak-wrapper .mauticform-button-wrapper {  display: inline; }\n<\/style>\n<div id=\"whitepapertrends_form_wrapper\">\n<div id=\"mauticform_wrapper_whitepaper2023marketingtrendsnieuwformulier\" class=\"mauticform_wrapper\">\n    <h2>M\u00f6chtest du unser Whitepaper mit den Trends f\u00fcr 2023 erhalten?<\/h2>\n    <p>F\u00fclle das untenstehende Formular aus, und du erh\u00e4ltst unsere Trends direkt in deinem Postfach! *(Keine E-Mail erhalten? \u00dcberpr\u00fcfe deinen Spam-Ordner oder sende eine E-Mail an &#8230;)* <a href=\"mailto:service@effecty.nl\">service@effecty.nl<\/a>)<\/i><\/p>\n    <form autocomplete=\"false\" role=\"form\" method=\"post\" action=\"https:\/\/automation.effecty.nl\/form\/submit?formId=18\" id=\"mauticform_whitepaper2023marketingtrendsnieuwformulier\" data-mautic-form=\"whitepaper2023marketingtrendsnieuwformulier\" enctype=\"multipart\/form-data\">\n        <div class=\"mauticform-error\" id=\"mauticform_whitepaper2023marketingtrendsnieuwformulier_error\"><\/div>\n        <div class=\"mauticform-message\" id=\"mauticform_whitepaper2023marketingtrendsnieuwformulier_message\"><\/div>\n        <div class=\"mauticform-innerform\">\n\n            \n          <div class=\"mauticform-page-wrapper mauticform-page-1\" data-mautic-form-page=\"1\">\n\n            <div id=\"mauticform_whitepaper2023marketingtrendsnieuwformulier_voornaam\" data-validate=\"Name\" data-validation-type=\"text\" class=\"mauticform-row mauticform-text mauticform-field-1 mauticform-required\">\n                <input id=\"mauticform_input_whitepaper2023marketingtrendsnieuwformulier_voornaam\" name=\"mauticform[Name]\" value=\"\" placeholder=\"Name*\" class=\"mauticform-input\" type=\"text\">\n                <span class=\"mauticform-errormsg\" style=\"display: none;\">Dit is verplicht.<\/span>\n            <\/div>\n\n            <div id=\"mauticform_whitepaper2023marketingtrendsnieuwformulier_achternaam\" data-validate=\"achternaam\" data-validation-type=\"text\" class=\"mauticform-row mauticform-text mauticform-field-2 mauticform-required\">\n                <input id=\"mauticform_input_whitepaper2023marketingtrendsnieuwformulier_achternaam\" name=\"mauticform[achternaam]\" value=\"\" placeholder=\"Nachname*\" class=\"mauticform-input\" type=\"text\">\n                <span class=\"mauticform-errormsg\" style=\"display: none;\">Dit is verplicht.<\/span>\n            <\/div>\n\n            <div id=\"mauticform_whitepaper2023marketingtrendsnieuwformulier_bedrijfsnaam\" data-validate=\"bedrijfsnaam\" data-validation-type=\"text\" class=\"mauticform-row mauticform-text mauticform-field-3 mauticform-required\">\n                <input id=\"mauticform_input_whitepaper2023marketingtrendsnieuwformulier_bedrijfsnaam\" name=\"mauticform[bedrijfsnaam]\" value=\"\" placeholder=\"Firmenname*\" class=\"mauticform-input\" type=\"text\">\n                <span class=\"mauticform-errormsg\" style=\"display: none;\">Dit is verplicht.<\/span>\n            <\/div>\n\n            <div id=\"mauticform_whitepaper2023marketingtrendsnieuwformulier_email\" data-validate=\"email\" data-validation-type=\"text\" class=\"mauticform-row mauticform-text mauticform-field-4 mauticform-required\">\n                <input id=\"mauticform_input_whitepaper2023marketingtrendsnieuwformulier_email\" name=\"mauticform[email]\" value=\"\" placeholder=\"E-mail*\" class=\"mauticform-input\" type=\"text\">\n                <span class=\"mauticform-errormsg\" style=\"display: none;\">Dit is verplicht.<\/span>\n            <\/div>\n\n            <div id=\"mauticform_whitepaper2023marketingtrendsnieuwformulier_inschrijving_nieuwsbrief\" class=\"mauticform-row mauticform-freetext mauticform-field-5\">\n                <div id=\"mauticform_input_whitepaper2023marketingtrendsnieuwformulier_inschrijving_nieuwsbrief\" name=\"mauticform[inschrijving_nieuwsbrief]\" value=\"\" class=\"mauticform-freetext\">\n                    M\u00f6chtest du das ganze Jahr \u00fcber \u00fcber alle Marketing-Entwicklungen auf dem Laufenden bleiben?&nbsp;\n                <\/div>\n            <\/div>\n\n            <div id=\"mauticform_whitepaper2023marketingtrendsnieuwformulier_inschrijving_nieuwsbrief1\" class=\"mauticform-row mauticform-radiogrp mauticform-field-6\">\n                <div class=\"mauticform-radiogrp-row\">                    <input name=\"mauticform[inschrijving_nieuwsbrief1]\" class=\"mauticform-radiogrp-radio\" id=\"mauticform_radiogrp_radio_inschrijving_nieuwsbrief1_Ja0\" type=\"radio\" value=\"Ja\">\n                    <label id=\"mauticform_radiogrp_label_inschrijving_nieuwsbrief1_Ja0\" for=\"mauticform_radiogrp_radio_inschrijving_nieuwsbrief1_Ja0\" class=\"mauticform-radiogrp-label\">Ja, bitte. Ich wei\u00df, dass ich diese Entscheidung jederzeit \u00e4ndern kann!\n                    <\/label>\n                <\/div>\n                <div class=\"mauticform-radiogrp-row\">                    <input name=\"mauticform[inschrijving_nieuwsbrief1]\" class=\"mauticform-radiogrp-radio\" id=\"mauticform_radiogrp_radio_inschrijving_nieuwsbrief1_Nee1\" type=\"radio\" value=\"Nee\">\n                    <label id=\"mauticform_radiogrp_label_inschrijving_nieuwsbrief1_Nee1\" for=\"mauticform_radiogrp_radio_inschrijving_nieuwsbrief1_Nee1\" class=\"mauticform-radiogrp-label\">Nein danke\n                    <\/label>\n                <\/div>\n                <span class=\"mauticform-errormsg\" style=\"display: none;\"><\/span>\n            <\/div>\n\n<div id=\"mauticform_whitepaper2023marketingtrendsnieuwformulier_recaptcha\" class=\"mauticform-row mauticform-div-wrapper mauticform-field-7\">\n                <input id=\"mauticform_input_whitepaper2023marketingtrendsnieuwformulier_recaptcha\" name=\"mauticform[recaptcha]\" value=\"\" class=\"mauticform-input\" type=\"hidden\">\n        <span class=\"mauticform-errormsg\" style=\"display: none;\"><\/span>\n    <\/div>\n\n            <div id=\"mauticform_whitepaper2023marketingtrendsnieuwformulier_submit\" class=\"mauticform-row mauticform-button-wrapper mauticform-field-8\">\n                <button type=\"submit\" name=\"mauticform[submit]\" id=\"mauticform_input_whitepaper2023marketingtrendsnieuwformulier_submit\" value=\"\" class=\"mauticform-button btn btn-default\">Download whitepaper<\/button>\n            <\/div>\n<div style=\"clear:both\"><\/div>\n            <\/div>\n        <\/div>\n\n        <input type=\"hidden\" name=\"mauticform[formId]\" id=\"mauticform_whitepaper2023marketingtrendsnieuwformulier_id\" value=\"18\">\n        <input type=\"hidden\" name=\"mauticform[return]\" id=\"mauticform_whitepaper2023marketingtrendsnieuwformulier_return\" value=\"\">\n        <input type=\"hidden\" name=\"mauticform[formName]\" id=\"mauticform_whitepaper2023marketingtrendsnieuwformulier_name\" value=\"whitepaper2023marketingtrendsnieuwformulier\">\n\n        <\/form>\n<\/div>\n<\/div>\n\n\n\n<h2 class=\"wp-block-heading\">Das erwartet dich in unserem Whitepaper<\/h2>\n\n\n\n<p>In unserem Whitepaper teilen wir ganze 12 Trends aus der Welt des digitalen Marketings, verfasst von Mitgliedern unseres erfahrenen Teams, die jeweils \u00fcber spezifische digitale Expertise verf\u00fcgen. Nahezu jeder Aspekt des Online-Marketings wird in diesem Whitepaper behandelt und aus verschiedenen Perspektiven beleuchtet. Du erf\u00e4hrst alles, was im Jahr 2023 im Bereich Marketing auf dich zukommt. So startest du mit frischem Schwung ins neue Jahr und bist auf unerwartete Ver\u00e4nderungen oder Entwicklungen bestens vorbereitet.<\/p>\n\n\n\n<p>Lies alles \u00fcber die neuesten Social-Media-Features, die Entwicklungen rund um das neue Google Analytics 4, die Funktionsweise des Google-Algorithmus und kommende Trends im Bereich UX. Dar\u00fcber hinaus findest du n\u00fctzliche Tipps und Tricks zu E-Mail-Marketing und Marketing-Automatisierung. Mit all diesen neuen Erkenntnissen m\u00f6chten wir dich optimal auf deine Marketing-Herausforderungen im Jahr 2023 vorbereiten. Gleichzeitig bieten wir dir praktische Werkzeuge, die du sofort in dein Marketingkonzept integrieren und direkt anwenden kannst.<\/p>\n\n\n\n<p><strong>Hast du noch Fragen zu den Online-Marketing-Trends oder m\u00f6chtest du mit uns zusammenarbeiten, um diese Marketingtipps umzusetzen? Dann nimm <a href=\"https:\/\/effecty.nl\/de\/uber-effecty\/kontakt\/\">Kontakt<\/a> zu einem unserer Mitarbeiter auf. Wir helfen dir gerne dabei, dein Online-Marketing auf das n\u00e4chste Level zu heben!<\/strong><\/p>\n","protected":false},"excerpt":{"rendered":"<p>Mit diesem kostenlosen Whitepaper voller Tipps und Trends bleibst du auf dem neuesten Stand Die digitale Welt ver\u00e4ndert sich rasant. &hellip;<\/p>\n","protected":false},"author":3,"featured_media":0,"parent":0,"menu_order":0,"comment_status":"closed","ping_status":"closed","template":"tl-services.php","meta":{"_acf_changed":false,"footnotes":""},"class_list":["post-13834","page","type-page","status-publish","hentry"],"acf":[],"_links":{"self":[{"href":"https:\/\/effecty.nl\/de\/wp-json\/wp\/v2\/pages\/13834","targetHints":{"allow":["GET"]}}],"collection":[{"href":"https:\/\/effecty.nl\/de\/wp-json\/wp\/v2\/pages"}],"about":[{"href":"https:\/\/effecty.nl\/de\/wp-json\/wp\/v2\/types\/page"}],"author":[{"embeddable":true,"href":"https:\/\/effecty.nl\/de\/wp-json\/wp\/v2\/users\/3"}],"replies":[{"embeddable":true,"href":"https:\/\/effecty.nl\/de\/wp-json\/wp\/v2\/comments?post=13834"}],"version-history":[{"count":5,"href":"https:\/\/effecty.nl\/de\/wp-json\/wp\/v2\/pages\/13834\/revisions"}],"predecessor-version":[{"id":13840,"href":"https:\/\/effecty.nl\/de\/wp-json\/wp\/v2\/pages\/13834\/revisions\/13840"}],"wp:attachment":[{"href":"https:\/\/effecty.nl\/de\/wp-json\/wp\/v2\/media?parent=13834"}],"curies":[{"name":"wp","href":"https:\/\/api.w.org\/{rel}","templated":true}]}}