{"id":13842,"date":"2024-11-19T09:58:53","date_gmt":"2024-11-19T08:58:53","guid":{"rendered":"https:\/\/effecty.nl\/?page_id=13842"},"modified":"2024-11-19T09:58:55","modified_gmt":"2024-11-19T08:58:55","slug":"pinterest-werbung","status":"publish","type":"page","link":"https:\/\/effecty.nl\/de\/pinterest-werbung\/","title":{"rendered":"Pinterest-Werbung"},"content":{"rendered":"\n<div class=\"wp-block-columns is-layout-flex wp-container-core-columns-is-layout-9d6595d7 wp-block-columns-is-layout-flex\">\n<div class=\"wp-block-column is-layout-flow wp-block-column-is-layout-flow\">\n<h2 class=\"wp-block-heading\"><strong>Die Vorteile von Pinterest<\/strong><\/h2>\n\n\n\n<p>Das Werben auf Pinterest ist in den Niederlanden noch relativ neu, weshalb bisher nur wenige Unternehmen dieses Medium nutzen. Dadurch gibt es noch vergleichsweise wenig Konkurrenz auf dieser Plattform, was die Kosten relativ niedrig h\u00e4lt. Die Vorteile von Pinterest-Werbung sind:<\/p>\n\n\n\n<ul class=\"wp-block-list\">\n<li>Wenig Konkurrenz<\/li>\n\n\n\n<li>Relativ geringe Kosten<\/li>\n\n\n\n<li>Gro\u00dfe Reichweite<\/li>\n\n\n\n<li>Eine Benutzeroberfl\u00e4che, die den anderen Social-Media-Kan\u00e4len \u00e4hnelt<\/li>\n\n\n\n<li>Umfangreiche Statistiken<\/li>\n<\/ul>\n\n\n\n<p>Pinterest bietet zudem ausgezeichnete Targeting-M\u00f6glichkeiten. \u00c4hnlich wie bei YouTube-Werbung kannst du hier auch Keyword-Targeting einsetzen. Wenn jemand zum Beispiel nach &#8222;Rezepte f\u00fcrs Camping&#8220; sucht, kannst du daf\u00fcr sorgen, dass deine Anzeige angezeigt wird.<\/p>\n\n\n\n<p>Neben Keyword-Targeting kannst du nat\u00fcrlich auch Zielgruppen-Targeting, Lookalike-Targeting, Interessen-Targeting, demografisches Targeting, Platzierungs-Targeting und Zielgruppenerweiterungen nutzen.<\/p>\n\n\n\n<div class=\"wp-block-buttons is-layout-flex wp-block-buttons-is-layout-flex\">\n<div class=\"wp-block-button\"><a class=\"wp-block-button__link wp-element-button\" href=\"https:\/\/effecty.nl\/de\/uber-effecty\/kontakt\/\">Schick uns eine Nachricht.<\/a><\/div>\n<\/div>\n<\/div>\n\n\n\n<div class=\"wp-block-column is-layout-flow wp-block-column-is-layout-flow\">\n<figure class=\"wp-block-image size-large is-resized\"><img loading=\"lazy\" decoding=\"async\" width=\"594\" height=\"768\" src=\"https:\/\/effecty.nl\/wp-content\/uploads\/2024\/06\/fahim-r-7P8BNiJRKu8-unsplash-594x768.webp\" alt=\"\" class=\"wp-image-12217\" style=\"width:270px;height:348px\" srcset=\"https:\/\/effecty.nl\/wp-content\/uploads\/2024\/06\/fahim-r-7P8BNiJRKu8-unsplash-594x768.webp 594w, https:\/\/effecty.nl\/wp-content\/uploads\/2024\/06\/fahim-r-7P8BNiJRKu8-unsplash-232x300.webp 232w, https:\/\/effecty.nl\/wp-content\/uploads\/2024\/06\/fahim-r-7P8BNiJRKu8-unsplash-116x150.webp 116w, https:\/\/effecty.nl\/wp-content\/uploads\/2024\/06\/fahim-r-7P8BNiJRKu8-unsplash-768x994.webp 768w, https:\/\/effecty.nl\/wp-content\/uploads\/2024\/06\/fahim-r-7P8BNiJRKu8-unsplash-1187x1536.webp 1187w, https:\/\/effecty.nl\/wp-content\/uploads\/2024\/06\/fahim-r-7P8BNiJRKu8-unsplash-scaled.webp 1583w\" sizes=\"auto, (max-width: 594px) 100vw, 594px\" \/><\/figure>\n<\/div>\n<\/div>\n","protected":false},"excerpt":{"rendered":"<p>Die Vorteile von Pinterest Das Werben auf Pinterest ist in den Niederlanden noch relativ neu, weshalb bisher nur wenige Unternehmen &hellip;<\/p>\n","protected":false},"author":3,"featured_media":0,"parent":0,"menu_order":0,"comment_status":"closed","ping_status":"closed","template":"","meta":{"_acf_changed":false,"footnotes":""},"class_list":["post-13842","page","type-page","status-publish","hentry"],"acf":[],"_links":{"self":[{"href":"https:\/\/effecty.nl\/de\/wp-json\/wp\/v2\/pages\/13842","targetHints":{"allow":["GET"]}}],"collection":[{"href":"https:\/\/effecty.nl\/de\/wp-json\/wp\/v2\/pages"}],"about":[{"href":"https:\/\/effecty.nl\/de\/wp-json\/wp\/v2\/types\/page"}],"author":[{"embeddable":true,"href":"https:\/\/effecty.nl\/de\/wp-json\/wp\/v2\/users\/3"}],"replies":[{"embeddable":true,"href":"https:\/\/effecty.nl\/de\/wp-json\/wp\/v2\/comments?post=13842"}],"version-history":[{"count":1,"href":"https:\/\/effecty.nl\/de\/wp-json\/wp\/v2\/pages\/13842\/revisions"}],"predecessor-version":[{"id":13843,"href":"https:\/\/effecty.nl\/de\/wp-json\/wp\/v2\/pages\/13842\/revisions\/13843"}],"wp:attachment":[{"href":"https:\/\/effecty.nl\/de\/wp-json\/wp\/v2\/media?parent=13842"}],"curies":[{"name":"wp","href":"https:\/\/api.w.org\/{rel}","templated":true}]}}