{"id":13844,"date":"2024-11-19T10:30:17","date_gmt":"2024-11-19T09:30:17","guid":{"rendered":"https:\/\/effecty.nl\/?page_id=13844"},"modified":"2024-11-19T10:30:20","modified_gmt":"2024-11-19T09:30:20","slug":"video-werbung","status":"publish","type":"page","link":"https:\/\/effecty.nl\/de\/video-werbung\/","title":{"rendered":"Video-Werbung"},"content":{"rendered":"\n<div class=\"wp-block-columns is-layout-flex wp-container-core-columns-is-layout-9d6595d7 wp-block-columns-is-layout-flex\">\n<div class=\"wp-block-column is-layout-flow wp-block-column-is-layout-flow\">\n<figure class=\"wp-block-image size-large is-resized\"><img loading=\"lazy\" decoding=\"async\" width=\"768\" height=\"512\" src=\"https:\/\/effecty.nl\/wp-content\/uploads\/2024\/06\/pexels-donald-tong-66134-768x512.webp\" alt=\"\" class=\"wp-image-12207\" style=\"width:395px;height:263px\" srcset=\"https:\/\/effecty.nl\/wp-content\/uploads\/2024\/06\/pexels-donald-tong-66134-768x512.webp 768w, https:\/\/effecty.nl\/wp-content\/uploads\/2024\/06\/pexels-donald-tong-66134-300x200.webp 300w, https:\/\/effecty.nl\/wp-content\/uploads\/2024\/06\/pexels-donald-tong-66134-150x100.webp 150w, https:\/\/effecty.nl\/wp-content\/uploads\/2024\/06\/pexels-donald-tong-66134-1536x1024.webp 1536w, https:\/\/effecty.nl\/wp-content\/uploads\/2024\/06\/pexels-donald-tong-66134.webp 1600w\" sizes=\"auto, (max-width: 768px) 100vw, 768px\" \/><\/figure>\n<\/div>\n\n\n\n<div class=\"wp-block-column is-layout-flow wp-block-column-is-layout-flow\">\n<h2 class=\"wp-block-heading\"><strong>So setzen wir Video-Werbung ein<\/strong><\/h2>\n\n\n\n<p>Ben\u00f6tigst du Unterst\u00fctzung bei der Entwicklung einer Strategie f\u00fcr Video-Werbung, bei der Produktion des Videos selbst oder bei der Platzierung des Videos auf verschiedenen Kan\u00e4len? Wir helfen dir gerne dabei!<\/p>\n\n\n\n<p>Unsere kreativen Content-Marketer unterst\u00fctzen dich mit einer herausragenden Idee und der dazugeh\u00f6rigen Strategie, w\u00e4hrend unsere Werbeexperten dir helfen, die richtige Zielgruppenausrichtung einzustellen.<\/p>\n\n\n\n<p>M\u00f6chtest du mehr erfahren? Du bist jederzeit willkommen auf eine Tasse Kaffee!<\/p>\n\n\n\n<div class=\"wp-block-buttons is-layout-flex wp-block-buttons-is-layout-flex\">\n<div class=\"wp-block-button\"><a class=\"wp-block-button__link wp-element-button\" href=\"https:\/\/effecty.nl\/de\/uber-effecty\/kontakt\/\">Ich m\u00f6chte mehr erfahren.<\/a><\/div>\n<\/div>\n<\/div>\n<\/div>\n\n\n\n<p><\/p>\n","protected":false},"excerpt":{"rendered":"<p>So setzen wir Video-Werbung ein Ben\u00f6tigst du Unterst\u00fctzung bei der Entwicklung einer Strategie f\u00fcr Video-Werbung, bei der Produktion des Videos &hellip;<\/p>\n","protected":false},"author":3,"featured_media":0,"parent":0,"menu_order":0,"comment_status":"closed","ping_status":"closed","template":"","meta":{"_acf_changed":false,"footnotes":""},"class_list":["post-13844","page","type-page","status-publish","hentry"],"acf":[],"_links":{"self":[{"href":"https:\/\/effecty.nl\/de\/wp-json\/wp\/v2\/pages\/13844","targetHints":{"allow":["GET"]}}],"collection":[{"href":"https:\/\/effecty.nl\/de\/wp-json\/wp\/v2\/pages"}],"about":[{"href":"https:\/\/effecty.nl\/de\/wp-json\/wp\/v2\/types\/page"}],"author":[{"embeddable":true,"href":"https:\/\/effecty.nl\/de\/wp-json\/wp\/v2\/users\/3"}],"replies":[{"embeddable":true,"href":"https:\/\/effecty.nl\/de\/wp-json\/wp\/v2\/comments?post=13844"}],"version-history":[{"count":1,"href":"https:\/\/effecty.nl\/de\/wp-json\/wp\/v2\/pages\/13844\/revisions"}],"predecessor-version":[{"id":13848,"href":"https:\/\/effecty.nl\/de\/wp-json\/wp\/v2\/pages\/13844\/revisions\/13848"}],"wp:attachment":[{"href":"https:\/\/effecty.nl\/de\/wp-json\/wp\/v2\/media?parent=13844"}],"curies":[{"name":"wp","href":"https:\/\/api.w.org\/{rel}","templated":true}]}}