{"id":13859,"date":"2024-11-19T11:25:39","date_gmt":"2024-11-19T10:25:39","guid":{"rendered":"https:\/\/effecty.nl\/?page_id=13859"},"modified":"2024-11-19T11:25:41","modified_gmt":"2024-11-19T10:25:41","slug":"lead-nurturing","status":"publish","type":"page","link":"https:\/\/effecty.nl\/de\/dienstleistungen\/data\/lead-nurturing\/","title":{"rendered":"Lead nurturing"},"content":{"rendered":"\n<div class=\"wp-block-columns is-layout-flex wp-container-core-columns-is-layout-9d6595d7 wp-block-columns-is-layout-flex\">\n<div class=\"wp-block-column is-layout-flow wp-block-column-is-layout-flow\">\n<h2 class=\"wp-block-heading\"><strong>Warum Lead-Nurturing anwenden?<\/strong><\/h2>\n\n\n\n<p>Heutzutage wird jeder \u00fcber eine Vielzahl von Kan\u00e4len mit Informationen bombardiert. Daher m\u00fcssen sich Unternehmen zunehmend anstrengen, um sich von der Masse abzuheben. Tun sie das nicht, wandern potenzielle Leads schnell zu Alternativen ab. Inmitten dieser Informationsflut ist es entscheidend, sich auf das Individuum zu konzentrieren und personalisierte Ans\u00e4tze zu verfolgen. Mit <strong>Marketing-Automation<\/strong> in Kombination mit Lead-Nurturing verleihst du der Lead-Generierung in deinem Unternehmen eine v\u00f6llig neue Dimension.<\/p>\n\n\n\n<h2 class=\"wp-block-heading\"><strong>Die gr\u00f6\u00dften Vorteile von Lead-Nurturing<\/strong><\/h2>\n\n\n\n<hr class=\"wp-block-separator has-alpha-channel-opacity\"\/>\n\n\n\n<ul class=\"wp-block-list\">\n<li><strong>Mehr Zeit f\u00fcr den Vertrieb<\/strong><br>Mit Lead-Nurturing (in Kombination mit Marketing-Automation) werden viele Schritte in den ersten Phasen des Sales Funnels automatisiert. Dadurch k\u00f6nnen sich deine Vertriebsmitarbeiter auf das konzentrieren, was sie am besten k\u00f6nnen: <strong>Verkaufen<\/strong>!<\/li>\n\n\n\n<li><strong>Effizientes Lead-Management<\/strong><br>Wenn du Lead-Nurturing zusammen mit Marketing-Automation einsetzt, hast du eine hochwertige Lead-Management-L\u00f6sung zur Hand. Du erh\u00e4ltst sofort Einblicke in:<\/li>\n<\/ul>\n\n\n\n<ul class=\"wp-block-list\">\n<li>Deine qualifizierten Leads (Lead Scoring),<\/li>\n\n\n\n<li>die Informationsstr\u00f6me,<\/li>\n\n\n\n<li>sowie die Aktionen und das Verhalten deiner Leads.<\/li>\n<\/ul>\n\n\n\n<ol class=\"wp-block-list\">\n<li><strong>Personalisierung<\/strong><br>Mit Lead-Nurturing ist es einfach, automatisierte Marketingaktivit\u00e4ten an die Zielgruppe anzupassen und zu personalisieren. So stellst du sicher, dass deine Leads stets relevante, auf sie zugeschnittene Inhalte erhalten. Dies erh\u00f6ht die Wahrscheinlichkeit, dass sie in eine Conversion umgewandelt werden.<\/li>\n\n\n\n<li><strong>Kontrolle \u00fcber die Online-Kundenreise<\/strong><br>Durch den Einsatz von Marketing-Automation f\u00fcr Lead-Nurturing, Lead-Scoring und Lead-Management beh\u00e4ltst du die Kontrolle \u00fcber die <strong>Online-Kundenreise<\/strong>. Du kannst genau nachverfolgen, was der Lead tut, und mit automatisierten Marketingaktivit\u00e4ten entsprechend reagieren \u2013 \u00e4u\u00dferst effektiv!<\/li>\n<\/ol>\n\n\n\n<h2 class=\"wp-block-heading\"><strong>Lead-Nurturing in der Praxis<\/strong><\/h2>\n\n\n\n<p>Ist Lead-Nurturing nur f\u00fcr gro\u00dfe Unternehmen mit Millionen-Marketingbudgets? <strong>Auf keinen Fall!<\/strong> Mit unserem eigenen Marketing-Automation-Tool wird Lead-Nurturing f\u00fcr fast jedes Unternehmen erschwinglich. Wir nutzen <strong>Mautic<\/strong>, ein Open-Source-Marketing-Automation-Tool, das wir individuell angepasst haben, um es besonders benutzerfreundlich zu machen.<\/p>\n\n\n\n<hr class=\"wp-block-separator has-alpha-channel-opacity\"\/>\n\n\n\n<h2 class=\"wp-block-heading\"><strong>Kontaktiere uns, um mehr und bessere Leads zu generieren<\/strong><\/h2>\n\n\n\n<p>M\u00f6chtest du mehr \u00fcber Lead-Nurturing, Lead-Scoring oder Marketing-Automation erfahren? Kontaktiere uns gerne unverbindlich. Unsere Marketing-Automation-Experten versorgen dich mit allen notwendigen Informationen. Oder m\u00f6chtest du direkt die M\u00f6glichkeiten in der Praxis erleben? Fordere einfach eine <strong>Lead-Nurturing-Demo<\/strong> an!<\/p>\n<\/div>\n\n\n\n<div class=\"wp-block-column is-layout-flow wp-block-column-is-layout-flow\">\n<figure class=\"wp-block-image size-large\"><img loading=\"lazy\" decoding=\"async\" width=\"768\" height=\"512\" src=\"https:\/\/effecty.nl\/wp-content\/uploads\/2024\/06\/ANGY-7145-768x512.webp\" alt=\"\" class=\"wp-image-12202\" srcset=\"https:\/\/effecty.nl\/wp-content\/uploads\/2024\/06\/ANGY-7145-768x512.webp 768w, https:\/\/effecty.nl\/wp-content\/uploads\/2024\/06\/ANGY-7145-300x200.webp 300w, https:\/\/effecty.nl\/wp-content\/uploads\/2024\/06\/ANGY-7145-150x100.webp 150w, https:\/\/effecty.nl\/wp-content\/uploads\/2024\/06\/ANGY-7145.webp 800w\" sizes=\"auto, (max-width: 768px) 100vw, 768px\" \/><\/figure>\n<\/div>\n<\/div>\n","protected":false},"excerpt":{"rendered":"<p>Warum Lead-Nurturing anwenden? Heutzutage wird jeder \u00fcber eine Vielzahl von Kan\u00e4len mit Informationen bombardiert. Daher m\u00fcssen sich Unternehmen zunehmend anstrengen, &hellip;<\/p>\n","protected":false},"author":3,"featured_media":5886,"parent":1903,"menu_order":0,"comment_status":"closed","ping_status":"closed","template":"","meta":{"_acf_changed":false,"footnotes":""},"class_list":["post-13859","page","type-page","status-publish","has-post-thumbnail","hentry"],"acf":[],"_links":{"self":[{"href":"https:\/\/effecty.nl\/de\/wp-json\/wp\/v2\/pages\/13859","targetHints":{"allow":["GET"]}}],"collection":[{"href":"https:\/\/effecty.nl\/de\/wp-json\/wp\/v2\/pages"}],"about":[{"href":"https:\/\/effecty.nl\/de\/wp-json\/wp\/v2\/types\/page"}],"author":[{"embeddable":true,"href":"https:\/\/effecty.nl\/de\/wp-json\/wp\/v2\/users\/3"}],"replies":[{"embeddable":true,"href":"https:\/\/effecty.nl\/de\/wp-json\/wp\/v2\/comments?post=13859"}],"version-history":[{"count":3,"href":"https:\/\/effecty.nl\/de\/wp-json\/wp\/v2\/pages\/13859\/revisions"}],"predecessor-version":[{"id":13863,"href":"https:\/\/effecty.nl\/de\/wp-json\/wp\/v2\/pages\/13859\/revisions\/13863"}],"up":[{"embeddable":true,"href":"https:\/\/effecty.nl\/de\/wp-json\/wp\/v2\/pages\/1903"}],"wp:featuredmedia":[{"embeddable":true,"href":"https:\/\/effecty.nl\/de\/wp-json\/wp\/v2\/media\/5886"}],"wp:attachment":[{"href":"https:\/\/effecty.nl\/de\/wp-json\/wp\/v2\/media?parent=13859"}],"curies":[{"name":"wp","href":"https:\/\/api.w.org\/{rel}","templated":true}]}}