{"id":13864,"date":"2024-11-19T14:17:07","date_gmt":"2024-11-19T13:17:07","guid":{"rendered":"https:\/\/effecty.nl\/?page_id=13864"},"modified":"2024-11-19T14:17:09","modified_gmt":"2024-11-19T13:17:09","slug":"design-content","status":"publish","type":"page","link":"https:\/\/effecty.nl\/de\/design-content\/","title":{"rendered":"Design &amp; Content"},"content":{"rendered":"\n<div class=\"wp-block-columns is-layout-flex wp-container-core-columns-is-layout-9d6595d7 wp-block-columns-is-layout-flex\">\n<div class=\"wp-block-column is-layout-flow wp-block-column-is-layout-flow\">\n<p><strong>Aber was ist \u201eguter\u201c Content?<\/strong><\/p>\n\n\n\n<p>Qualitativer Content entsteht, indem du gut zuh\u00f6rst, interpretierst und dich in die Erlebniswelt deines Publikums hineinversetzt. Bei der Content-Erstellung geht es darum, relevante und wertvolle Informationen anzubieten. Im Mittelpunkt steht <strong>Storytelling<\/strong>, die treibende Kraft hinter Content-Marketing.<\/p>\n\n\n\n<p>Dabei spielt nicht nur <strong>Texterstellung<\/strong> eine wichtige Rolle. Auch Animationen, Illustrationen, Fotografie und Videos tragen dazu bei, wie du dich der Au\u00dfenwelt pr\u00e4sentierst. Verschiedene Kan\u00e4le sollten sich gegenseitig st\u00e4rken und nahtlos ineinandergreifen. Kreative Bem\u00fchungen werden deshalb immer mit strategischen Zielen verkn\u00fcpft. So wird klar, was genau du erz\u00e4hlen m\u00f6chtest und welches Ziel du letztlich erreichen willst.<\/p>\n\n\n\n<p>F\u00e4llt es dir schwer, guten Content zu erstellen? Wir helfen dir gerne! Ob bei der Entwicklung einer umfassenden Content-Strategie oder beim Verfassen ansprechender Social-Media-Posts \u2013 wir \u00fcberzeugen dich mit Worten und Bildern.<\/p>\n\n\n\n<div class=\"wp-block-buttons is-layout-flex wp-block-buttons-is-layout-flex\">\n<div class=\"wp-block-button\"><a class=\"wp-block-button__link wp-element-button\" href=\"https:\/\/effecty.nl\/de\/uber-effecty\/kontakt\/\">Trink einen Kaffee mit unseren Content-Marketing-Experten.<\/a><\/div>\n<\/div>\n<\/div>\n\n\n\n<div class=\"wp-block-column is-layout-flow wp-block-column-is-layout-flow\"><\/div>\n<\/div>\n","protected":false},"excerpt":{"rendered":"<p>Aber was ist \u201eguter\u201c Content? Qualitativer Content entsteht, indem du gut zuh\u00f6rst, interpretierst und dich in die Erlebniswelt deines Publikums &hellip;<\/p>\n","protected":false},"author":3,"featured_media":0,"parent":1852,"menu_order":0,"comment_status":"closed","ping_status":"closed","template":"","meta":{"_acf_changed":false,"footnotes":""},"class_list":["post-13864","page","type-page","status-publish","hentry"],"acf":[],"_links":{"self":[{"href":"https:\/\/effecty.nl\/de\/wp-json\/wp\/v2\/pages\/13864","targetHints":{"allow":["GET"]}}],"collection":[{"href":"https:\/\/effecty.nl\/de\/wp-json\/wp\/v2\/pages"}],"about":[{"href":"https:\/\/effecty.nl\/de\/wp-json\/wp\/v2\/types\/page"}],"author":[{"embeddable":true,"href":"https:\/\/effecty.nl\/de\/wp-json\/wp\/v2\/users\/3"}],"replies":[{"embeddable":true,"href":"https:\/\/effecty.nl\/de\/wp-json\/wp\/v2\/comments?post=13864"}],"version-history":[{"count":1,"href":"https:\/\/effecty.nl\/de\/wp-json\/wp\/v2\/pages\/13864\/revisions"}],"predecessor-version":[{"id":13865,"href":"https:\/\/effecty.nl\/de\/wp-json\/wp\/v2\/pages\/13864\/revisions\/13865"}],"up":[{"embeddable":true,"href":"https:\/\/effecty.nl\/de\/wp-json\/wp\/v2\/pages\/1852"}],"wp:attachment":[{"href":"https:\/\/effecty.nl\/de\/wp-json\/wp\/v2\/media?parent=13864"}],"curies":[{"name":"wp","href":"https:\/\/api.w.org\/{rel}","templated":true}]}}