{"id":13872,"date":"2024-11-19T14:57:13","date_gmt":"2024-11-19T13:57:13","guid":{"rendered":"https:\/\/effecty.nl\/?page_id=13872"},"modified":"2024-11-19T14:57:15","modified_gmt":"2024-11-19T13:57:15","slug":"landingpages","status":"publish","type":"page","link":"https:\/\/effecty.nl\/de\/landingpages\/","title":{"rendered":"Landingpages"},"content":{"rendered":"\n<div class=\"wp-block-columns is-layout-flex wp-container-core-columns-is-layout-9d6595d7 wp-block-columns-is-layout-flex\">\n<div class=\"wp-block-column is-layout-flow wp-block-column-is-layout-flow\">\n<figure class=\"wp-block-image size-large is-resized\"><img loading=\"lazy\" decoding=\"async\" width=\"454\" height=\"229\" src=\"https:\/\/effecty.nl\/wp-content\/uploads\/2021\/02\/mautic-landingspagina.png\" alt=\"\" class=\"wp-image-3129\" style=\"width:496px;height:250px\" srcset=\"https:\/\/effecty.nl\/wp-content\/uploads\/2021\/02\/mautic-landingspagina.png 454w, https:\/\/effecty.nl\/wp-content\/uploads\/2021\/02\/mautic-landingspagina-300x151.png 300w\" sizes=\"auto, (max-width: 454px) 100vw, 454px\" \/><\/figure>\n<\/div>\n\n\n\n<div class=\"wp-block-column is-layout-flow wp-block-column-is-layout-flow\">\n<h2 class=\"wp-block-heading\"><strong>Wie wir f\u00fcr eine optimale Landingpage sorgen<\/strong><\/h2>\n\n\n\n<p>Die Erstellung einer guten Landingpage erfordert einiges an Planung und Expertise. Nat\u00fcrlich ist es wichtig, dass die Seite <strong>konversionsorientiert<\/strong> gestaltet ist. Eine <strong>positive Nutzererfahrung (UX)<\/strong> ist daf\u00fcr essenziell, aber es gibt auch verschiedene <strong>psychologische Prinzipien<\/strong>, die genutzt werden k\u00f6nnen, um die Conversion-Rate zu steigern.<\/p>\n\n\n\n<p>Wir verf\u00fcgen \u00fcber das n\u00f6tige Know-how, um effektive Landingpages zu erstellen. Neben einem <strong>CRO- und UX-Experten<\/strong> z\u00e4hlen auch ein <strong>Designer<\/strong> und ein <strong>SEO-Spezialist<\/strong> zu unserem Team. Durch die Kombination dieser Disziplinen stellen wir sicher, dass jede Landingpage nicht nur optisch ansprechend ist, sondern auch hohe Conversion-Rates erzielt und gleichzeitig eine gute Platzierung bei Google erreicht.<\/p>\n\n\n\n<p>Ben\u00f6tigst du zun\u00e4chst eine <strong>Skizze<\/strong> oder ein <strong>Wireframe<\/strong> der Seite? Auch das k\u00f6nnen wir f\u00fcr dich \u00fcbernehmen. Vereinbare jetzt ein unverbindliches Gespr\u00e4ch mit uns!<\/p>\n\n\n\n<div class=\"wp-block-buttons is-layout-flex wp-block-buttons-is-layout-flex\">\n<div class=\"wp-block-button\"><a class=\"wp-block-button__link wp-element-button\" href=\"https:\/\/effecty.nl\/de\/uber-effecty\/kontakt\/\">Kontaktieren Sie uns!<\/a><\/div>\n<\/div>\n<\/div>\n<\/div>\n","protected":false},"excerpt":{"rendered":"<p>Wie wir f\u00fcr eine optimale Landingpage sorgen Die Erstellung einer guten Landingpage erfordert einiges an Planung und Expertise. Nat\u00fcrlich ist &hellip;<\/p>\n","protected":false},"author":3,"featured_media":0,"parent":13864,"menu_order":0,"comment_status":"closed","ping_status":"closed","template":"","meta":{"_acf_changed":false,"footnotes":""},"class_list":["post-13872","page","type-page","status-publish","hentry"],"acf":[],"_links":{"self":[{"href":"https:\/\/effecty.nl\/de\/wp-json\/wp\/v2\/pages\/13872","targetHints":{"allow":["GET"]}}],"collection":[{"href":"https:\/\/effecty.nl\/de\/wp-json\/wp\/v2\/pages"}],"about":[{"href":"https:\/\/effecty.nl\/de\/wp-json\/wp\/v2\/types\/page"}],"author":[{"embeddable":true,"href":"https:\/\/effecty.nl\/de\/wp-json\/wp\/v2\/users\/3"}],"replies":[{"embeddable":true,"href":"https:\/\/effecty.nl\/de\/wp-json\/wp\/v2\/comments?post=13872"}],"version-history":[{"count":1,"href":"https:\/\/effecty.nl\/de\/wp-json\/wp\/v2\/pages\/13872\/revisions"}],"predecessor-version":[{"id":13873,"href":"https:\/\/effecty.nl\/de\/wp-json\/wp\/v2\/pages\/13872\/revisions\/13873"}],"up":[{"embeddable":true,"href":"https:\/\/effecty.nl\/de\/wp-json\/wp\/v2\/pages\/13864"}],"wp:attachment":[{"href":"https:\/\/effecty.nl\/de\/wp-json\/wp\/v2\/media?parent=13872"}],"curies":[{"name":"wp","href":"https:\/\/api.w.org\/{rel}","templated":true}]}}