{"id":13891,"date":"2024-11-28T11:59:20","date_gmt":"2024-11-28T10:59:20","guid":{"rendered":"https:\/\/effecty.nl\/?page_id=13891"},"modified":"2024-11-28T11:59:22","modified_gmt":"2024-11-28T10:59:22","slug":"brand-story","status":"publish","type":"page","link":"https:\/\/effecty.nl\/de\/brand-story\/","title":{"rendered":"Brand story"},"content":{"rendered":"\n<div class=\"wp-block-columns is-layout-flex wp-container-core-columns-is-layout-9d6595d7 wp-block-columns-is-layout-flex\">\n<div class=\"wp-block-column is-layout-flow wp-block-column-is-layout-flow\">\n<h2 class=\"wp-block-heading\"><strong>Eine Brand Story gem\u00e4\u00df dem Golden Circle<\/strong><\/h2>\n\n\n\n<p>Wir erstellen eine Brand Story anhand des Denkmodells, das von Simon Sinek entwickelt wurde, dem sogenannten \u201eGolden Circle\u201c. Dieses Modell wurde entwickelt, um zu untersuchen, wo der Erfolg der einflussreichsten F\u00fchrungspers\u00f6nlichkeiten und Unternehmen der Welt liegt. Der Golden Circle besteht aus drei Kreisen, die sich in \u201eWhy\u201c, \u201eHow\u201c und \u201eWhat\u201c unterteilen.<\/p>\n\n\n\n<p><strong>Why<\/strong>: Hier geht es um die treibende Kraft der Organisation. Woran glauben sie und wie m\u00f6chten sie denken, handeln und mit der Au\u00dfenwelt kommunizieren? Dies ist der wichtigste Pfeiler im Modell!<\/p>\n\n\n\n<p><strong>How<\/strong>: Dies erkl\u00e4rt, wie und auf welche Weise die Organisation ihr Produkt und\/oder ihre Dienstleistung verkauft. Es handelt sich um eine einzigartige Verkaufsmethode, um zu erkl\u00e4ren, warum etwas anders oder besser ist.<\/p>\n\n\n\n<p><strong>What<\/strong>: Dies ist das Produkt und\/oder die Dienstleistung, die verkauft wird.<\/p>\n\n\n\n<p>M\u00f6chtest du auch sicherstellen, dass deine Organisation den gr\u00f6\u00dften Erfolg erzielt, indem du eine einzigartige Brand Story entwickelst? Dann melde dich bei uns!<\/p>\n\n\n\n<div class=\"wp-block-buttons is-layout-flex wp-block-buttons-is-layout-flex\">\n<div class=\"wp-block-button\"><a class=\"wp-block-button__link wp-element-button\" href=\"https:\/\/effecty.nl\/de\/uber-effecty\/kontakt\/\">Ich m\u00f6chte eine einzigartige Brand Story<\/a><\/div>\n<\/div>\n<\/div>\n\n\n\n<div class=\"wp-block-column is-layout-flow wp-block-column-is-layout-flow\">\n<figure class=\"wp-block-image size-large\"><img loading=\"lazy\" decoding=\"async\" width=\"768\" height=\"513\" src=\"https:\/\/effecty.nl\/wp-content\/uploads\/2024\/06\/ian-schneider-TamMbr4okv4-unsplash-768x513.webp\" alt=\"\" class=\"wp-image-12219\" srcset=\"https:\/\/effecty.nl\/wp-content\/uploads\/2024\/06\/ian-schneider-TamMbr4okv4-unsplash-768x513.webp 768w, https:\/\/effecty.nl\/wp-content\/uploads\/2024\/06\/ian-schneider-TamMbr4okv4-unsplash-300x200.webp 300w, https:\/\/effecty.nl\/wp-content\/uploads\/2024\/06\/ian-schneider-TamMbr4okv4-unsplash-150x100.webp 150w, https:\/\/effecty.nl\/wp-content\/uploads\/2024\/06\/ian-schneider-TamMbr4okv4-unsplash-1536x1025.webp 1536w, https:\/\/effecty.nl\/wp-content\/uploads\/2024\/06\/ian-schneider-TamMbr4okv4-unsplash.webp 1600w\" sizes=\"auto, (max-width: 768px) 100vw, 768px\" \/><\/figure>\n<\/div>\n<\/div>\n","protected":false},"excerpt":{"rendered":"<p>Eine Brand Story gem\u00e4\u00df dem Golden Circle Wir erstellen eine Brand Story anhand des Denkmodells, das von Simon Sinek entwickelt &hellip;<\/p>\n","protected":false},"author":3,"featured_media":9667,"parent":0,"menu_order":0,"comment_status":"closed","ping_status":"closed","template":"","meta":{"_acf_changed":false,"footnotes":""},"class_list":["post-13891","page","type-page","status-publish","has-post-thumbnail","hentry"],"acf":[],"_links":{"self":[{"href":"https:\/\/effecty.nl\/de\/wp-json\/wp\/v2\/pages\/13891","targetHints":{"allow":["GET"]}}],"collection":[{"href":"https:\/\/effecty.nl\/de\/wp-json\/wp\/v2\/pages"}],"about":[{"href":"https:\/\/effecty.nl\/de\/wp-json\/wp\/v2\/types\/page"}],"author":[{"embeddable":true,"href":"https:\/\/effecty.nl\/de\/wp-json\/wp\/v2\/users\/3"}],"replies":[{"embeddable":true,"href":"https:\/\/effecty.nl\/de\/wp-json\/wp\/v2\/comments?post=13891"}],"version-history":[{"count":1,"href":"https:\/\/effecty.nl\/de\/wp-json\/wp\/v2\/pages\/13891\/revisions"}],"predecessor-version":[{"id":13892,"href":"https:\/\/effecty.nl\/de\/wp-json\/wp\/v2\/pages\/13891\/revisions\/13892"}],"wp:featuredmedia":[{"embeddable":true,"href":"https:\/\/effecty.nl\/de\/wp-json\/wp\/v2\/media\/9667"}],"wp:attachment":[{"href":"https:\/\/effecty.nl\/de\/wp-json\/wp\/v2\/media?parent=13891"}],"curies":[{"name":"wp","href":"https:\/\/api.w.org\/{rel}","templated":true}]}}