{"id":13899,"date":"2024-11-28T12:35:12","date_gmt":"2024-11-28T11:35:12","guid":{"rendered":"https:\/\/effecty.nl\/?page_id=13899"},"modified":"2024-11-28T12:35:14","modified_gmt":"2024-11-28T11:35:14","slug":"digitale-marketingstrategie","status":"publish","type":"page","link":"https:\/\/effecty.nl\/de\/digitale-marketingstrategie\/","title":{"rendered":"Digitale Marketingstrategie"},"content":{"rendered":"\n<div class=\"wp-block-columns is-layout-flex wp-container-core-columns-is-layout-9d6595d7 wp-block-columns-is-layout-flex\">\n<div class=\"wp-block-column is-layout-flow wp-block-column-is-layout-flow\">\n<figure class=\"wp-block-image size-large\"><img loading=\"lazy\" decoding=\"async\" width=\"1024\" height=\"683\" src=\"https:\/\/effecty.nl\/wp-content\/uploads\/2021\/09\/ANGY-7059-1024x683.jpg\" alt=\"\" class=\"wp-image-5886\" srcset=\"https:\/\/effecty.nl\/wp-content\/uploads\/2021\/09\/ANGY-7059-1024x683.jpg 1024w, https:\/\/effecty.nl\/wp-content\/uploads\/2021\/09\/ANGY-7059-300x200.jpg 300w, https:\/\/effecty.nl\/wp-content\/uploads\/2021\/09\/ANGY-7059-768x512.jpg 768w, https:\/\/effecty.nl\/wp-content\/uploads\/2021\/09\/ANGY-7059.jpg 1200w\" sizes=\"auto, (max-width: 1024px) 100vw, 1024px\" \/><\/figure>\n<\/div>\n\n\n\n<div class=\"wp-block-column is-layout-flow wp-block-column-is-layout-flow\">\n<p>Durch verschiedene strategische Sitzungen und tiefgehende Gespr\u00e4che mit unseren Kunden entwickeln und verfeinern wir dieses digitale strategische Fundament. So erhalten wir ein vollst\u00e4ndiges Bild des Unternehmens und passen die digitale Marketingstrategie darauf an. Auf diese Weise ist alles perfekt aufeinander abgestimmt.<\/p>\n\n\n\n<p>Bist du neugierig auf unsere digitale Marketingstrategie? Und m\u00f6chtest du wissen, wie wir diese speziell f\u00fcr dein Unternehmen entwickeln w\u00fcrden? Wir freuen uns darauf, mit dir ins Gespr\u00e4ch zu kommen, damit wir uns gegenseitig besser kennenlernen. Nimm unverbindlich Kontakt mit uns auf!<\/p>\n\n\n\n<div class=\"wp-block-buttons is-layout-flex wp-block-buttons-is-layout-flex\">\n<div class=\"wp-block-button\"><a class=\"wp-block-button__link wp-element-button\" href=\"https:\/\/effecty.nl\/de\/uber-effecty\/kontakt\/\">Ich m\u00f6chte Kontakt<\/a><\/div>\n<\/div>\n<\/div>\n<\/div>\n","protected":false},"excerpt":{"rendered":"<p>Durch verschiedene strategische Sitzungen und tiefgehende Gespr\u00e4che mit unseren Kunden entwickeln und verfeinern wir dieses digitale strategische Fundament. So erhalten &hellip;<\/p>\n","protected":false},"author":3,"featured_media":0,"parent":0,"menu_order":0,"comment_status":"closed","ping_status":"closed","template":"","meta":{"_acf_changed":false,"footnotes":""},"class_list":["post-13899","page","type-page","status-publish","hentry"],"acf":[],"_links":{"self":[{"href":"https:\/\/effecty.nl\/de\/wp-json\/wp\/v2\/pages\/13899","targetHints":{"allow":["GET"]}}],"collection":[{"href":"https:\/\/effecty.nl\/de\/wp-json\/wp\/v2\/pages"}],"about":[{"href":"https:\/\/effecty.nl\/de\/wp-json\/wp\/v2\/types\/page"}],"author":[{"embeddable":true,"href":"https:\/\/effecty.nl\/de\/wp-json\/wp\/v2\/users\/3"}],"replies":[{"embeddable":true,"href":"https:\/\/effecty.nl\/de\/wp-json\/wp\/v2\/comments?post=13899"}],"version-history":[{"count":1,"href":"https:\/\/effecty.nl\/de\/wp-json\/wp\/v2\/pages\/13899\/revisions"}],"predecessor-version":[{"id":13900,"href":"https:\/\/effecty.nl\/de\/wp-json\/wp\/v2\/pages\/13899\/revisions\/13900"}],"wp:attachment":[{"href":"https:\/\/effecty.nl\/de\/wp-json\/wp\/v2\/media?parent=13899"}],"curies":[{"name":"wp","href":"https:\/\/api.w.org\/{rel}","templated":true}]}}