{"id":13903,"date":"2024-11-28T12:56:33","date_gmt":"2024-11-28T11:56:33","guid":{"rendered":"https:\/\/effecty.nl\/?page_id=13903"},"modified":"2024-11-28T12:56:35","modified_gmt":"2024-11-28T11:56:35","slug":"agil-arbeiten","status":"publish","type":"page","link":"https:\/\/effecty.nl\/de\/agil-arbeiten\/","title":{"rendered":"Agil Arbeiten"},"content":{"rendered":"\n<h2 class=\"wp-block-heading\">Wie geht man mit Agile arbeiten?<\/h2>\n\n\n\n<p>Die Agile-Arbeitsweise wird in verschiedenen Bereichen h\u00e4ufig angewendet. Aber wie startet man selbst mit Agile und wie kann es deinem Unternehmen weiterhelfen? Wir helfen dir gerne dabei. Wir arbeiten schon seit Jahren sowohl intern als auch mit Kunden nach der Agile-Methode und haben daher viel Erfahrung damit. Unser neues und frisches Corporate Design haben wir beispielsweise vollst\u00e4ndig agil und in sehr kurzer Zeit eingef\u00fchrt. Dabei passen wir die Prinzipien gerne an die jeweilige Situation und die Person an. Neugierig, wie wir dir helfen k\u00f6nnen? Dann nimm Kontakt zu unserem Agile-Experten Klaas auf!<\/p>\n\n\n\n<div class=\"wp-block-buttons is-layout-flex wp-block-buttons-is-layout-flex\">\n<div class=\"wp-block-button\"><a class=\"wp-block-button__link wp-element-button\" href=\"https:\/\/effecty.nl\/de\/uber-effecty\/kontakt\/\">Sende Klaas eine Mail<\/a><\/div>\n<\/div>\n","protected":false},"excerpt":{"rendered":"<p>Wie geht man mit Agile arbeiten? Die Agile-Arbeitsweise wird in verschiedenen Bereichen h\u00e4ufig angewendet. Aber wie startet man selbst mit &hellip;<\/p>\n","protected":false},"author":3,"featured_media":7801,"parent":0,"menu_order":0,"comment_status":"closed","ping_status":"closed","template":"","meta":{"_acf_changed":false,"footnotes":""},"class_list":["post-13903","page","type-page","status-publish","has-post-thumbnail","hentry"],"acf":[],"_links":{"self":[{"href":"https:\/\/effecty.nl\/de\/wp-json\/wp\/v2\/pages\/13903","targetHints":{"allow":["GET"]}}],"collection":[{"href":"https:\/\/effecty.nl\/de\/wp-json\/wp\/v2\/pages"}],"about":[{"href":"https:\/\/effecty.nl\/de\/wp-json\/wp\/v2\/types\/page"}],"author":[{"embeddable":true,"href":"https:\/\/effecty.nl\/de\/wp-json\/wp\/v2\/users\/3"}],"replies":[{"embeddable":true,"href":"https:\/\/effecty.nl\/de\/wp-json\/wp\/v2\/comments?post=13903"}],"version-history":[{"count":1,"href":"https:\/\/effecty.nl\/de\/wp-json\/wp\/v2\/pages\/13903\/revisions"}],"predecessor-version":[{"id":13904,"href":"https:\/\/effecty.nl\/de\/wp-json\/wp\/v2\/pages\/13903\/revisions\/13904"}],"wp:featuredmedia":[{"embeddable":true,"href":"https:\/\/effecty.nl\/de\/wp-json\/wp\/v2\/media\/7801"}],"wp:attachment":[{"href":"https:\/\/effecty.nl\/de\/wp-json\/wp\/v2\/media?parent=13903"}],"curies":[{"name":"wp","href":"https:\/\/api.w.org\/{rel}","templated":true}]}}