{"id":13905,"date":"2024-11-28T13:02:42","date_gmt":"2024-11-28T12:02:42","guid":{"rendered":"https:\/\/effecty.nl\/?page_id=13905"},"modified":"2024-11-28T13:02:43","modified_gmt":"2024-11-28T12:02:43","slug":"scrum","status":"publish","type":"page","link":"https:\/\/effecty.nl\/de\/scrum\/","title":{"rendered":"SCRUM"},"content":{"rendered":"\n<h2 class=\"wp-block-heading\"><strong>Mit SCRUM starten?<\/strong><\/h2>\n\n\n\n<p>Hast du Interesse, mit SCRUM zu arbeiten? Oder m\u00f6chtest du die SCRUM-Methodik in deinem Unternehmen weiter verbessern? Wir helfen dir gerne dabei! Unser SCRUM-Master Klaas steht zur Verf\u00fcgung, um Schulungen in deinem Unternehmen durchzuf\u00fchren. Dar\u00fcber hinaus sorgen wir daf\u00fcr, dass die SCRUM-Methodik erfolgreich in deine Unternehmensprozesse integriert wird. Hast du Interesse? Dann nimm Kontakt mit uns auf!<\/p>\n\n\n\n<div class=\"wp-block-buttons is-layout-flex wp-block-buttons-is-layout-flex\">\n<div class=\"wp-block-button\"><a class=\"wp-block-button__link wp-element-button\" href=\"https:\/\/effecty.nl\/de\/uber-effecty\/kontakt\/\">Sende Klaas eine Mail<\/a><\/div>\n<\/div>\n","protected":false},"excerpt":{"rendered":"<p>Mit SCRUM starten? Hast du Interesse, mit SCRUM zu arbeiten? Oder m\u00f6chtest du die SCRUM-Methodik in deinem Unternehmen weiter verbessern? &hellip;<\/p>\n","protected":false},"author":3,"featured_media":0,"parent":0,"menu_order":0,"comment_status":"closed","ping_status":"closed","template":"","meta":{"_acf_changed":false,"footnotes":""},"class_list":["post-13905","page","type-page","status-publish","hentry"],"acf":[],"_links":{"self":[{"href":"https:\/\/effecty.nl\/de\/wp-json\/wp\/v2\/pages\/13905","targetHints":{"allow":["GET"]}}],"collection":[{"href":"https:\/\/effecty.nl\/de\/wp-json\/wp\/v2\/pages"}],"about":[{"href":"https:\/\/effecty.nl\/de\/wp-json\/wp\/v2\/types\/page"}],"author":[{"embeddable":true,"href":"https:\/\/effecty.nl\/de\/wp-json\/wp\/v2\/users\/3"}],"replies":[{"embeddable":true,"href":"https:\/\/effecty.nl\/de\/wp-json\/wp\/v2\/comments?post=13905"}],"version-history":[{"count":1,"href":"https:\/\/effecty.nl\/de\/wp-json\/wp\/v2\/pages\/13905\/revisions"}],"predecessor-version":[{"id":13906,"href":"https:\/\/effecty.nl\/de\/wp-json\/wp\/v2\/pages\/13905\/revisions\/13906"}],"wp:attachment":[{"href":"https:\/\/effecty.nl\/de\/wp-json\/wp\/v2\/media?parent=13905"}],"curies":[{"name":"wp","href":"https:\/\/api.w.org\/{rel}","templated":true}]}}