{"id":13919,"date":"2024-11-28T14:07:09","date_gmt":"2024-11-28T13:07:09","guid":{"rendered":"https:\/\/effecty.nl\/?page_id=13919"},"modified":"2024-11-28T14:07:11","modified_gmt":"2024-11-28T13:07:11","slug":"ux-optimierung","status":"publish","type":"page","link":"https:\/\/effecty.nl\/de\/ux-optimierung\/","title":{"rendered":"UX-Optimierung"},"content":{"rendered":"\n<h2 class=\"wp-block-heading\"><strong>Wie wir die UX auf deiner Website verbessern<\/strong><\/h2>\n\n\n\n<p>Es gibt viele Aspekte bei der UX-Optimierung und viele verschiedene Tools, die daf\u00fcr eingesetzt werden k\u00f6nnen. <a href=\"https:\/\/effecty.nl\/de\/dienstleistungen\/analytics\/\">Google Analytics<\/a> ist f\u00fcr viele der einfachste Einstieg. Dieses Tool wird auf den meisten Websites bereits verwendet, aber es ist wichtig, dass die richtigen Einstellungen vorgenommen werden. Auch dabei helfen wir dir nat\u00fcrlich gerne!<\/p>\n\n\n\n<p>Wenn du gerne qualitativere Daten zur Verf\u00fcgung haben m\u00f6chtest, k\u00f6nnte ein Tool wie <strong>Hotjar<\/strong> interessant sein. Neben <a href=\"https:\/\/effecty.nl\/de\/heatmapping\/\">Heatmaps<\/a> kannst du damit auch Aufzeichnungen von Website-Besuchen erstellen und Umfragen einbinden. Eine weitere gute Option f\u00fcr die UX-Optimierung ist die Durchf\u00fchrung von <strong><a href=\"https:\/\/effecty.nl\/de\/ux-lab-forschung\/\">UX-Lab-Tests<\/a><\/strong>. Dabei wird die Benutzererfahrung auf direktem Weg erfasst, allerdings m\u00fcssen die Teilnehmer physisch vor Ort erscheinen.<\/p>\n\n\n\n<div class=\"wp-block-buttons is-layout-flex wp-block-buttons-is-layout-flex\">\n<div class=\"wp-block-button\"><a class=\"wp-block-button__link wp-element-button\" href=\"https:\/\/effecty.nl\/de\/uber-effecty\/kontakt\/\"><strong>Ich m\u00f6chte Beratung zur UX-Optimierung<\/strong><\/a><\/div>\n<\/div>\n","protected":false},"excerpt":{"rendered":"<p>Wie wir die UX auf deiner Website verbessern Es gibt viele Aspekte bei der UX-Optimierung und viele verschiedene Tools, die &hellip;<\/p>\n","protected":false},"author":3,"featured_media":5974,"parent":1921,"menu_order":0,"comment_status":"closed","ping_status":"closed","template":"","meta":{"_acf_changed":false,"footnotes":""},"class_list":["post-13919","page","type-page","status-publish","has-post-thumbnail","hentry"],"acf":[],"_links":{"self":[{"href":"https:\/\/effecty.nl\/de\/wp-json\/wp\/v2\/pages\/13919","targetHints":{"allow":["GET"]}}],"collection":[{"href":"https:\/\/effecty.nl\/de\/wp-json\/wp\/v2\/pages"}],"about":[{"href":"https:\/\/effecty.nl\/de\/wp-json\/wp\/v2\/types\/page"}],"author":[{"embeddable":true,"href":"https:\/\/effecty.nl\/de\/wp-json\/wp\/v2\/users\/3"}],"replies":[{"embeddable":true,"href":"https:\/\/effecty.nl\/de\/wp-json\/wp\/v2\/comments?post=13919"}],"version-history":[{"count":1,"href":"https:\/\/effecty.nl\/de\/wp-json\/wp\/v2\/pages\/13919\/revisions"}],"predecessor-version":[{"id":13920,"href":"https:\/\/effecty.nl\/de\/wp-json\/wp\/v2\/pages\/13919\/revisions\/13920"}],"up":[{"embeddable":true,"href":"https:\/\/effecty.nl\/de\/wp-json\/wp\/v2\/pages\/1921"}],"wp:featuredmedia":[{"embeddable":true,"href":"https:\/\/effecty.nl\/de\/wp-json\/wp\/v2\/media\/5974"}],"wp:attachment":[{"href":"https:\/\/effecty.nl\/de\/wp-json\/wp\/v2\/media?parent=13919"}],"curies":[{"name":"wp","href":"https:\/\/api.w.org\/{rel}","templated":true}]}}