{"id":13923,"date":"2024-11-28T14:20:06","date_gmt":"2024-11-28T13:20:06","guid":{"rendered":"https:\/\/effecty.nl\/?page_id=13923"},"modified":"2024-11-28T14:20:08","modified_gmt":"2024-11-28T13:20:08","slug":"wireframing","status":"publish","type":"page","link":"https:\/\/effecty.nl\/de\/wireframing\/","title":{"rendered":"Wireframing"},"content":{"rendered":"\n<div class=\"wp-block-columns is-layout-flex wp-container-core-columns-is-layout-9d6595d7 wp-block-columns-is-layout-flex\">\n<div class=\"wp-block-column is-layout-flow wp-block-column-is-layout-flow\">\n<figure class=\"wp-block-image size-large\"><img loading=\"lazy\" decoding=\"async\" width=\"768\" height=\"576\" src=\"https:\/\/effecty.nl\/wp-content\/uploads\/2024\/06\/visual-design-pl9DrjAMV6I-unsplash-768x576.webp\" alt=\"\" class=\"wp-image-12240\" srcset=\"https:\/\/effecty.nl\/wp-content\/uploads\/2024\/06\/visual-design-pl9DrjAMV6I-unsplash-768x576.webp 768w, https:\/\/effecty.nl\/wp-content\/uploads\/2024\/06\/visual-design-pl9DrjAMV6I-unsplash-300x225.webp 300w, https:\/\/effecty.nl\/wp-content\/uploads\/2024\/06\/visual-design-pl9DrjAMV6I-unsplash-150x113.webp 150w, https:\/\/effecty.nl\/wp-content\/uploads\/2024\/06\/visual-design-pl9DrjAMV6I-unsplash-1536x1152.webp 1536w, https:\/\/effecty.nl\/wp-content\/uploads\/2024\/06\/visual-design-pl9DrjAMV6I-unsplash.webp 1600w\" sizes=\"auto, (max-width: 768px) 100vw, 768px\" \/><\/figure>\n<\/div>\n\n\n\n<div class=\"wp-block-column is-layout-flow wp-block-column-is-layout-flow\">\n<h2 class=\"wp-block-heading\"><strong>Unsere Wireframing-Arbeitsweise<\/strong><\/h2>\n\n\n\n<p>Wir haben bereits viel Erfahrung mit der Erstellung von Website-Skizzen. Viele unserer Kunden erkennen den Wert einer Website, die wirklich gut durchdacht ist. Dies kommt sowohl der <strong>User Experience<\/strong> als auch der <strong>Conversion-Rate<\/strong> zugute. Standardm\u00e4\u00dfig erstellen wir Wireframes nur f\u00fcr die wichtigsten Seiten einer Website.<\/p>\n\n\n\n<p>Wenn alle endg\u00fcltigen Elemente dort verwendet werden, k\u00f6nnen andere Seiten bei der Produktion mit denselben Elementen erstellt werden. Dies spart viel Zeit und beschleunigt den Prozess. Nat\u00fcrlich ist es auch m\u00f6glich, noch mehr Website-Skizzen anfertigen zu lassen. Du kannst uns auf jeden Fall f\u00fcr ein unverbindliches Gespr\u00e4ch kontaktieren!<\/p>\n<\/div>\n<\/div>\n","protected":false},"excerpt":{"rendered":"<p>Unsere Wireframing-Arbeitsweise Wir haben bereits viel Erfahrung mit der Erstellung von Website-Skizzen. Viele unserer Kunden erkennen den Wert einer Website, &hellip;<\/p>\n","protected":false},"author":3,"featured_media":0,"parent":1921,"menu_order":0,"comment_status":"closed","ping_status":"closed","template":"","meta":{"_acf_changed":false,"footnotes":""},"class_list":["post-13923","page","type-page","status-publish","hentry"],"acf":[],"_links":{"self":[{"href":"https:\/\/effecty.nl\/de\/wp-json\/wp\/v2\/pages\/13923","targetHints":{"allow":["GET"]}}],"collection":[{"href":"https:\/\/effecty.nl\/de\/wp-json\/wp\/v2\/pages"}],"about":[{"href":"https:\/\/effecty.nl\/de\/wp-json\/wp\/v2\/types\/page"}],"author":[{"embeddable":true,"href":"https:\/\/effecty.nl\/de\/wp-json\/wp\/v2\/users\/3"}],"replies":[{"embeddable":true,"href":"https:\/\/effecty.nl\/de\/wp-json\/wp\/v2\/comments?post=13923"}],"version-history":[{"count":1,"href":"https:\/\/effecty.nl\/de\/wp-json\/wp\/v2\/pages\/13923\/revisions"}],"predecessor-version":[{"id":13924,"href":"https:\/\/effecty.nl\/de\/wp-json\/wp\/v2\/pages\/13923\/revisions\/13924"}],"up":[{"embeddable":true,"href":"https:\/\/effecty.nl\/de\/wp-json\/wp\/v2\/pages\/1921"}],"wp:attachment":[{"href":"https:\/\/effecty.nl\/de\/wp-json\/wp\/v2\/media?parent=13923"}],"curies":[{"name":"wp","href":"https:\/\/api.w.org\/{rel}","templated":true}]}}