{"id":13927,"date":"2024-11-28T14:37:25","date_gmt":"2024-11-28T13:37:25","guid":{"rendered":"https:\/\/effecty.nl\/?page_id=13927"},"modified":"2024-11-28T14:37:26","modified_gmt":"2024-11-28T13:37:26","slug":"affiliate-marketing","status":"publish","type":"page","link":"https:\/\/effecty.nl\/de\/affiliate-marketing\/","title":{"rendered":"Affiliate marketing"},"content":{"rendered":"\n<h2 class=\"wp-block-heading\"><strong>Warum keine Affiliate-Marketing?<\/strong><\/h2>\n\n\n\n<p>Es gibt auch einige Nachteile, die dich dazu veranlassen k\u00f6nnten, auf Affiliate-Marketing zu verzichten! Diese Gr\u00fcnde haben wir f\u00fcr dich aufgelistet, damit du innerhalb deiner Organisation die richtige Entscheidung treffen kannst. Die Nachteile von Affiliate-Marketing sind wie folgt:<\/p>\n\n\n\n<ul class=\"wp-block-list\">\n<li>Eingeschr\u00e4nkte Kontrolle dar\u00fcber, wie die Promotoren deine Produkte bewerben.<\/li>\n\n\n\n<li>Manchmal ist die Information veraltet, du musst also kontinuierlich aktualisieren.<\/li>\n\n\n\n<li>Produkte mit niedrigen Margen sind nicht f\u00fcr Affiliate-Marketing geeignet.<\/li>\n<\/ul>\n\n\n\n<h2 class=\"wp-block-heading\"><strong>Worauf solltest du bei Affiliate-Marketing achten?<\/strong><\/h2>\n\n\n\n<p>Wenn du dar\u00fcber nachdenkst, mit Affiliate-Marketing zu starten, gibt es einige Dinge, auf die du achten solltest. Affiliate-Marketing ist n\u00e4mlich nicht f\u00fcr jedes Unternehmen geeignet. Auf folgende Dinge solltest du achten, um letztlich erfolgreich mit Affiliate-Marketing zu werden:<\/p>\n\n\n\n<ul class=\"wp-block-list\">\n<li>Ist dein Produkt \u00fcberhaupt f\u00fcr Affiliate-Marketing geeignet?<\/li>\n\n\n\n<li>W\u00e4hle ein Affiliate-Netzwerk, das zu deinem Unternehmen passt!<\/li>\n\n\n\n<li>Halte pers\u00f6nlichen Kontakt mit deinen Publishern, um die Kontrolle zu behalten.<\/li>\n\n\n\n<li>Sorge f\u00fcr gute Bedingungen, zum Beispiel, dass Affiliates nicht auf deinen Markennamen werben d\u00fcrfen.<\/li>\n<\/ul>\n\n\n\n<h2 class=\"wp-block-heading\"><strong>Unsere Arbeitsweise<\/strong><\/h2>\n\n\n\n<p>Bei Effecty betrachtet unser erfahrenes Team die M\u00f6glichkeiten f\u00fcr dein Unternehmen. Wir schauen uns an, welche Affiliate-Netzwerke zu deinem Unternehmen passen. M\u00f6chtest du mit Affiliate-Marketing beginnen, wei\u00dft aber nicht genau wie? Sprich mit unseren Experten, sie beraten dein Unternehmen dar\u00fcber, wie du mit Affiliate-Marketing starten kannst.<\/p>\n\n\n\n<div class=\"wp-block-buttons is-layout-flex wp-block-buttons-is-layout-flex\">\n<div class=\"wp-block-button\"><a class=\"wp-block-button__link wp-element-button\" href=\"https:\/\/effecty.nl\/de\/uber-effecty\/kontakt\/\">Fragen Sie uns nach Rat<\/a><\/div>\n<\/div>\n","protected":false},"excerpt":{"rendered":"<p>Warum keine Affiliate-Marketing? Es gibt auch einige Nachteile, die dich dazu veranlassen k\u00f6nnten, auf Affiliate-Marketing zu verzichten! Diese Gr\u00fcnde haben &hellip;<\/p>\n","protected":false},"author":3,"featured_media":0,"parent":13925,"menu_order":0,"comment_status":"closed","ping_status":"closed","template":"","meta":{"_acf_changed":false,"footnotes":""},"class_list":["post-13927","page","type-page","status-publish","hentry"],"acf":[],"_links":{"self":[{"href":"https:\/\/effecty.nl\/de\/wp-json\/wp\/v2\/pages\/13927","targetHints":{"allow":["GET"]}}],"collection":[{"href":"https:\/\/effecty.nl\/de\/wp-json\/wp\/v2\/pages"}],"about":[{"href":"https:\/\/effecty.nl\/de\/wp-json\/wp\/v2\/types\/page"}],"author":[{"embeddable":true,"href":"https:\/\/effecty.nl\/de\/wp-json\/wp\/v2\/users\/3"}],"replies":[{"embeddable":true,"href":"https:\/\/effecty.nl\/de\/wp-json\/wp\/v2\/comments?post=13927"}],"version-history":[{"count":1,"href":"https:\/\/effecty.nl\/de\/wp-json\/wp\/v2\/pages\/13927\/revisions"}],"predecessor-version":[{"id":13928,"href":"https:\/\/effecty.nl\/de\/wp-json\/wp\/v2\/pages\/13927\/revisions\/13928"}],"up":[{"embeddable":true,"href":"https:\/\/effecty.nl\/de\/wp-json\/wp\/v2\/pages\/13925"}],"wp:attachment":[{"href":"https:\/\/effecty.nl\/de\/wp-json\/wp\/v2\/media?parent=13927"}],"curies":[{"name":"wp","href":"https:\/\/api.w.org\/{rel}","templated":true}]}}