{"id":13929,"date":"2024-11-28T14:42:21","date_gmt":"2024-11-28T13:42:21","guid":{"rendered":"https:\/\/effecty.nl\/?page_id=13929"},"modified":"2024-11-28T14:42:23","modified_gmt":"2024-11-28T13:42:23","slug":"feedmanagement","status":"publish","type":"page","link":"https:\/\/effecty.nl\/de\/feedmanagement\/","title":{"rendered":"Feedmanagement"},"content":{"rendered":"\n<div class=\"wp-block-columns is-layout-flex wp-container-core-columns-is-layout-9d6595d7 wp-block-columns-is-layout-flex\">\n<div class=\"wp-block-column is-layout-flow wp-block-column-is-layout-flow\">\n<h2 class=\"wp-block-heading\"><strong>Wie gehen wir das Feedmanagement an?<\/strong><\/h2>\n\n\n\n<p>Wir sind dein Partner in Bezug auf Feedmanagement und den Verkauf auf Online-Marktpl\u00e4tzen. Effektiv k\u00fcmmert sich um die folgenden Aufgaben f\u00fcr dich:<\/p>\n\n\n\n<ul class=\"wp-block-list\">\n<li>Beratung und Strategie f\u00fcr den Online-Verkauf;<\/li>\n\n\n\n<li>Einrichtung und Pflege eines Produktfeeds mit einem Feedmanager;<\/li>\n\n\n\n<li>Einrichtung eines Online-Marktplatzes (z. B. Google Shopping, Amazon, Bol.com oder Marktplaats).<\/li>\n<\/ul>\n\n\n\n<p>Neben den oben genannten Dienstleistungen bieten wir auch die folgenden Services an, die zum Online-Erfolg deines Unternehmens beitragen:<\/p>\n\n\n\n<ul class=\"wp-block-list\">\n<li>Optimierung der Inhalte im Produktfeed (Produktbezeichnungen, -beschreibungen, -fotos und andere Inhalte);<\/li>\n\n\n\n<li>Schaltung und Optimierung von Anzeigen auf den jeweiligen Online-Marktpl\u00e4tzen;<\/li>\n\n\n\n<li>Pflege und Verbesserung der Accounts auf den Online-Marktpl\u00e4tzen;<\/li>\n\n\n\n<li>Einrichtung von Affiliate-Marketing f\u00fcr dein Unternehmen;<\/li>\n\n\n\n<li>Erstellung zus\u00e4tzlicher Inhalte, um die Auffindbarkeit in den Suchergebnissen zu erh\u00f6hen.<\/li>\n<\/ul>\n\n\n\n<p>Wenn du denkst: \u201eIch bin neugierig!\u201c, dann nimm Kontakt mit unseren Feedmanagement-Experten auf, um die M\u00f6glichkeiten f\u00fcr dein Unternehmen zu besprechen!<\/p>\n\n\n\n<div class=\"wp-block-buttons is-layout-flex wp-block-buttons-is-layout-flex\">\n<div class=\"wp-block-button\"><a class=\"wp-block-button__link wp-element-button\" href=\"https:\/\/effecty.nl\/de\/uber-effecty\/kontakt\/\">Ich m\u00f6chte mehr wissen!<\/a><\/div>\n<\/div>\n<\/div>\n\n\n\n<div class=\"wp-block-column is-layout-flow wp-block-column-is-layout-flow\">\n<figure class=\"wp-block-image size-large\"><img loading=\"lazy\" decoding=\"async\" width=\"1024\" height=\"578\" src=\"https:\/\/effecty.nl\/wp-content\/uploads\/2021\/07\/ANGY-6970-1024x578.jpg\" alt=\"\" class=\"wp-image-4011\"\/><\/figure>\n<\/div>\n<\/div>\n","protected":false},"excerpt":{"rendered":"<p>Wie gehen wir das Feedmanagement an? Wir sind dein Partner in Bezug auf Feedmanagement und den Verkauf auf Online-Marktpl\u00e4tzen. Effektiv &hellip;<\/p>\n","protected":false},"author":3,"featured_media":12217,"parent":0,"menu_order":0,"comment_status":"closed","ping_status":"closed","template":"","meta":{"_acf_changed":false,"footnotes":""},"class_list":["post-13929","page","type-page","status-publish","has-post-thumbnail","hentry"],"acf":[],"_links":{"self":[{"href":"https:\/\/effecty.nl\/de\/wp-json\/wp\/v2\/pages\/13929","targetHints":{"allow":["GET"]}}],"collection":[{"href":"https:\/\/effecty.nl\/de\/wp-json\/wp\/v2\/pages"}],"about":[{"href":"https:\/\/effecty.nl\/de\/wp-json\/wp\/v2\/types\/page"}],"author":[{"embeddable":true,"href":"https:\/\/effecty.nl\/de\/wp-json\/wp\/v2\/users\/3"}],"replies":[{"embeddable":true,"href":"https:\/\/effecty.nl\/de\/wp-json\/wp\/v2\/comments?post=13929"}],"version-history":[{"count":1,"href":"https:\/\/effecty.nl\/de\/wp-json\/wp\/v2\/pages\/13929\/revisions"}],"predecessor-version":[{"id":13930,"href":"https:\/\/effecty.nl\/de\/wp-json\/wp\/v2\/pages\/13929\/revisions\/13930"}],"wp:featuredmedia":[{"embeddable":true,"href":"https:\/\/effecty.nl\/de\/wp-json\/wp\/v2\/media\/12217"}],"wp:attachment":[{"href":"https:\/\/effecty.nl\/de\/wp-json\/wp\/v2\/media?parent=13929"}],"curies":[{"name":"wp","href":"https:\/\/api.w.org\/{rel}","templated":true}]}}