{"id":13935,"date":"2024-11-28T15:01:22","date_gmt":"2024-11-28T14:01:22","guid":{"rendered":"https:\/\/effecty.nl\/?page_id=13935"},"modified":"2024-11-28T15:01:23","modified_gmt":"2024-11-28T14:01:23","slug":"verkaufen-auf-amazon","status":"publish","type":"page","link":"https:\/\/effecty.nl\/de\/verkaufen-auf-amazon\/","title":{"rendered":"Verkaufen auf Amazon"},"content":{"rendered":"\n<div class=\"wp-block-columns is-layout-flex wp-container-core-columns-is-layout-9d6595d7 wp-block-columns-is-layout-flex\">\n<div class=\"wp-block-column is-layout-flow wp-block-column-is-layout-flow\">\n<h2 class=\"wp-block-heading\">Unsere Vorgehensweise bei Amazon<\/h2>\n\n\n\n<p>Bei Effecty k\u00fcmmern wir uns um dein vollst\u00e4ndig eingerichtetes Amazon-Konto, einschlie\u00dflich einer Anzeigenstrategie! Unsere erfahrenen Experten unterst\u00fctzen dein Unternehmen gerne w\u00e4hrend dieses Prozesses. Wir bieten die folgenden Dienstleistungen an, die dein Amazon-Abenteuer zum Erfolg f\u00fchren werden:<\/p>\n\n\n\n<ul class=\"wp-block-list\">\n<li>Beratung zur Verkaufsstrategie<\/li>\n\n\n\n<li>Einrichtung des Amazon-Kontos<\/li>\n\n\n\n<li>Erstellung und SEO-Optimierung der Produktseiten<\/li>\n\n\n\n<li>Verwaltung von Kampagnen<\/li>\n\n\n\n<li>Datengetriebene Optimierung der Kampagnen<\/li>\n\n\n\n<li>Erstellung von Enhanced Brand Content (wie A+ und Marken-Seiten)<\/li>\n<\/ul>\n\n\n\n<p>Interessiert an den M\u00f6glichkeiten f\u00fcr dein Unternehmen? Komm gern auf einen unverbindlichen Kaffee (oder Tee) vorbei, dann besprechen wir, wie wir ein Amazon-Konto f\u00fcr dein Unternehmen einrichten k\u00f6nnen.<\/p>\n\n\n\n<div class=\"wp-block-buttons is-layout-flex wp-block-buttons-is-layout-flex\">\n<div class=\"wp-block-button\"><a class=\"wp-block-button__link wp-element-button\" href=\"https:\/\/effecty.nl\/de\/uber-effecty\/kontakt\/\">Frag uns mehr!<\/a><\/div>\n<\/div>\n<\/div>\n\n\n\n<div class=\"wp-block-column is-layout-flow wp-block-column-is-layout-flow\"><div class=\"wp-block-image\">\n<figure class=\"aligncenter size-large\"><img loading=\"lazy\" decoding=\"async\" width=\"1024\" height=\"341\" src=\"https:\/\/effecty.nl\/wp-content\/uploads\/2021\/08\/diensten-effecty-marketplace-optimization-1024x341.jpg\" alt=\"\" class=\"wp-image-5383\" srcset=\"https:\/\/effecty.nl\/wp-content\/uploads\/2021\/08\/diensten-effecty-marketplace-optimization-1024x341.jpg 1024w, https:\/\/effecty.nl\/wp-content\/uploads\/2021\/08\/diensten-effecty-marketplace-optimization-300x100.jpg 300w, https:\/\/effecty.nl\/wp-content\/uploads\/2021\/08\/diensten-effecty-marketplace-optimization-768x256.jpg 768w, https:\/\/effecty.nl\/wp-content\/uploads\/2021\/08\/diensten-effecty-marketplace-optimization.jpg 1200w\" sizes=\"auto, (max-width: 1024px) 100vw, 1024px\" \/><\/figure>\n<\/div><\/div>\n<\/div>\n","protected":false},"excerpt":{"rendered":"<p>Unsere Vorgehensweise bei Amazon Bei Effecty k\u00fcmmern wir uns um dein vollst\u00e4ndig eingerichtetes Amazon-Konto, einschlie\u00dflich einer Anzeigenstrategie! Unsere erfahrenen Experten &hellip;<\/p>\n","protected":false},"author":3,"featured_media":0,"parent":0,"menu_order":0,"comment_status":"closed","ping_status":"closed","template":"","meta":{"_acf_changed":false,"footnotes":""},"class_list":["post-13935","page","type-page","status-publish","hentry"],"acf":[],"_links":{"self":[{"href":"https:\/\/effecty.nl\/de\/wp-json\/wp\/v2\/pages\/13935","targetHints":{"allow":["GET"]}}],"collection":[{"href":"https:\/\/effecty.nl\/de\/wp-json\/wp\/v2\/pages"}],"about":[{"href":"https:\/\/effecty.nl\/de\/wp-json\/wp\/v2\/types\/page"}],"author":[{"embeddable":true,"href":"https:\/\/effecty.nl\/de\/wp-json\/wp\/v2\/users\/3"}],"replies":[{"embeddable":true,"href":"https:\/\/effecty.nl\/de\/wp-json\/wp\/v2\/comments?post=13935"}],"version-history":[{"count":1,"href":"https:\/\/effecty.nl\/de\/wp-json\/wp\/v2\/pages\/13935\/revisions"}],"predecessor-version":[{"id":13936,"href":"https:\/\/effecty.nl\/de\/wp-json\/wp\/v2\/pages\/13935\/revisions\/13936"}],"wp:attachment":[{"href":"https:\/\/effecty.nl\/de\/wp-json\/wp\/v2\/media?parent=13935"}],"curies":[{"name":"wp","href":"https:\/\/api.w.org\/{rel}","templated":true}]}}