{"id":14033,"date":"2024-12-16T11:20:33","date_gmt":"2024-12-16T10:20:33","guid":{"rendered":"https:\/\/effecty.nl\/?page_id=14033"},"modified":"2024-12-16T11:20:34","modified_gmt":"2024-12-16T10:20:34","slug":"microsoft-shopping","status":"publish","type":"page","link":"https:\/\/effecty.nl\/de\/microsoft-shopping\/","title":{"rendered":"Microsoft Shopping"},"content":{"rendered":"\n<div class=\"wp-block-columns is-layout-flex wp-container-core-columns-is-layout-9d6595d7 wp-block-columns-is-layout-flex\">\n<div class=\"wp-block-column is-layout-flow wp-block-column-is-layout-flow\">\n<figure class=\"wp-block-image size-large is-resized\"><img loading=\"lazy\" decoding=\"async\" width=\"1024\" height=\"707\" src=\"https:\/\/effecty.nl\/wp-content\/uploads\/2021\/09\/ANGY-7038-1024x707.jpg\" alt=\"\" class=\"wp-image-5865\" style=\"width:370px;height:auto\" srcset=\"https:\/\/effecty.nl\/wp-content\/uploads\/2021\/09\/ANGY-7038-1024x707.jpg 1024w, https:\/\/effecty.nl\/wp-content\/uploads\/2021\/09\/ANGY-7038-300x207.jpg 300w, https:\/\/effecty.nl\/wp-content\/uploads\/2021\/09\/ANGY-7038-768x530.jpg 768w, https:\/\/effecty.nl\/wp-content\/uploads\/2021\/09\/ANGY-7038.jpg 1200w\" sizes=\"auto, (max-width: 1024px) 100vw, 1024px\" \/><\/figure>\n<\/div>\n\n\n\n<div class=\"wp-block-column is-layout-flow wp-block-column-is-layout-flow\">\n<h2 class=\"wp-block-heading\"><strong>Unsere Arbeitsweise<\/strong><\/h2>\n\n\n\n<p>Wenn wir gemeinsam im Bereich Microsoft Shopping erfolgreich sein wollen, ist es wichtig, dass wir ein solides Fundament schaffen. Deshalb beginnen wir mit dem Produkt-Feed, der optimiert wird, um eine gute Sichtbarkeit in Microsoft Shopping zu gew\u00e4hrleisten (und somit auch in Google Shopping sowie in den organischen Suchergebnissen). Wenn dieses Fundament steht, k\u00f6nnen wir \u00fcber die Shopping-Strategie nachdenken. Doch nach der Umsetzung dieser Strategie h\u00f6rt es nicht auf! Wir optimieren die Shopping-Kampagnen kontinuierlich weiter. Neugierig, was wir f\u00fcr Ihr Unternehmen im Bereich Microsoft Shopping oder Google Shopping tun k\u00f6nnen? Kontaktieren Sie unsere Experten!<\/p>\n\n\n\n<div class=\"wp-block-buttons is-layout-flex wp-block-buttons-is-layout-flex\">\n<div class=\"wp-block-button\"><a class=\"wp-block-button__link wp-element-button\" href=\"https:\/\/effecty.nl\/de\/uber-effecty\/kontakt\/\">Nehmen Sie Kontakt auf!<\/a><\/div>\n<\/div>\n<\/div>\n<\/div>\n\n\n\n<p><\/p>\n","protected":false},"excerpt":{"rendered":"<p>Unsere Arbeitsweise Wenn wir gemeinsam im Bereich Microsoft Shopping erfolgreich sein wollen, ist es wichtig, dass wir ein solides Fundament &hellip;<\/p>\n","protected":false},"author":3,"featured_media":0,"parent":13925,"menu_order":0,"comment_status":"closed","ping_status":"closed","template":"","meta":{"_acf_changed":false,"footnotes":""},"class_list":["post-14033","page","type-page","status-publish","hentry"],"acf":[],"_links":{"self":[{"href":"https:\/\/effecty.nl\/de\/wp-json\/wp\/v2\/pages\/14033","targetHints":{"allow":["GET"]}}],"collection":[{"href":"https:\/\/effecty.nl\/de\/wp-json\/wp\/v2\/pages"}],"about":[{"href":"https:\/\/effecty.nl\/de\/wp-json\/wp\/v2\/types\/page"}],"author":[{"embeddable":true,"href":"https:\/\/effecty.nl\/de\/wp-json\/wp\/v2\/users\/3"}],"replies":[{"embeddable":true,"href":"https:\/\/effecty.nl\/de\/wp-json\/wp\/v2\/comments?post=14033"}],"version-history":[{"count":1,"href":"https:\/\/effecty.nl\/de\/wp-json\/wp\/v2\/pages\/14033\/revisions"}],"predecessor-version":[{"id":14036,"href":"https:\/\/effecty.nl\/de\/wp-json\/wp\/v2\/pages\/14033\/revisions\/14036"}],"up":[{"embeddable":true,"href":"https:\/\/effecty.nl\/de\/wp-json\/wp\/v2\/pages\/13925"}],"wp:attachment":[{"href":"https:\/\/effecty.nl\/de\/wp-json\/wp\/v2\/media?parent=14033"}],"curies":[{"name":"wp","href":"https:\/\/api.w.org\/{rel}","templated":true}]}}