{"id":14037,"date":"2024-12-16T11:53:53","date_gmt":"2024-12-16T10:53:53","guid":{"rendered":"https:\/\/effecty.nl\/?page_id=14037"},"modified":"2024-12-16T11:53:55","modified_gmt":"2024-12-16T10:53:55","slug":"google-ads","status":"publish","type":"page","link":"https:\/\/effecty.nl\/de\/google-ads\/","title":{"rendered":"Google Ads"},"content":{"rendered":"\n<div class=\"wp-block-columns is-layout-flex wp-container-core-columns-is-layout-9d6595d7 wp-block-columns-is-layout-flex\">\n<div class=\"wp-block-column is-layout-flow wp-block-column-is-layout-flow\">\n<p><strong>Neben der ROI legen wir bei einer Optimierung selbstverst\u00e4ndlich gro\u00dfen Wert auf folgende Aspekte:<\/strong><\/p>\n\n\n\n<ul class=\"wp-block-list\">\n<li><strong>Qualit\u00e4tsfaktor<\/strong><\/li>\n\n\n\n<li><strong>Anzeigentexte<\/strong><\/li>\n\n\n\n<li><strong>Landingpages<\/strong><\/li>\n\n\n\n<li><strong>Automatische Gebotsstrategien<\/strong><\/li>\n\n\n\n<li><strong>Hinzuf\u00fcgen neuer Keywords<\/strong><\/li>\n\n\n\n<li><strong>Analyse von Suchbegriffen<\/strong><\/li>\n\n\n\n<li><strong>Gebotsanpassungen<\/strong><\/li>\n<\/ul>\n\n\n\n<p>Als Agentur sind uns Zusammenarbeit und Transparenz besonders wichtig. Schlie\u00dflich wissen zwei Personen mehr als eine allein. Wir verf\u00fcgen \u00fcber umfangreiche Kenntnisse in Google Ads, lassen uns aber gerne durch dein Produkt- und Marktwissen erg\u00e4nzen! Als Kunde bleibst du immer Administrator deines eigenen Kontos und kannst somit in Echtzeit mitverfolgen, was passiert. Zus\u00e4tzlich erh\u00e4ltst du regelm\u00e4\u00dfig Updates \u00fcber die von uns durchgef\u00fchrten Optimierungen. So arbeiten wir gemeinsam am besten Ergebnis!<\/p>\n\n\n\n<p><strong>Neugierig, was du erwarten kannst?<\/strong><\/p>\n\n\n\n<p>Vielleicht denkst du jetzt: <em>Erst sehen, dann glauben.<\/em> Das k\u00f6nnen wir gut nachvollziehen! Zum Gl\u00fcck konnten wir bereits viele beeindruckende Ergebnisse mit Google Ads erzielen. So haben wir beispielsweise daf\u00fcr gesorgt, dass der ROAS (Return on Ad Spend) des Freizeitparks <strong>De Leistert<\/strong> um ganze <strong>2500 %<\/strong> gesteigert wurde.<\/p>\n\n\n\n<p>Dies gelang uns unter anderem, indem wir den begeisterten Marketingleiter von De Leistert, <strong>Max Hermans<\/strong>, vollst\u00e4ndig geschult und auf die kleinen, aber feinen Details hingewiesen haben, die den Unterschied machen.<\/p>\n\n\n\n<div class=\"wp-block-buttons is-layout-flex wp-block-buttons-is-layout-flex\">\n<div class=\"wp-block-button\"><a class=\"wp-block-button__link wp-element-button\" href=\"https:\/\/effecty.nl\/de\/uber-effecty\/kontakt\/\">Ich will Kontakt<\/a><\/div>\n<\/div>\n<\/div>\n\n\n\n<div class=\"wp-block-column is-layout-flow wp-block-column-is-layout-flow\">\n<figure class=\"wp-block-image size-large\"><img loading=\"lazy\" decoding=\"async\" width=\"768\" height=\"512\" src=\"https:\/\/effecty.nl\/wp-content\/uploads\/2024\/06\/KR_EFFECTY_310123-315-768x512.webp\" alt=\"\" class=\"wp-image-11963\" srcset=\"https:\/\/effecty.nl\/wp-content\/uploads\/2024\/06\/KR_EFFECTY_310123-315-768x512.webp 768w, https:\/\/effecty.nl\/wp-content\/uploads\/2024\/06\/KR_EFFECTY_310123-315-300x200.webp 300w, https:\/\/effecty.nl\/wp-content\/uploads\/2024\/06\/KR_EFFECTY_310123-315-150x100.webp 150w, https:\/\/effecty.nl\/wp-content\/uploads\/2024\/06\/KR_EFFECTY_310123-315-1536x1024.webp 1536w, https:\/\/effecty.nl\/wp-content\/uploads\/2024\/06\/KR_EFFECTY_310123-315.webp 1600w\" sizes=\"auto, (max-width: 768px) 100vw, 768px\" \/><\/figure>\n<\/div>\n<\/div>\n","protected":false},"excerpt":{"rendered":"<p>Neben der ROI legen wir bei einer Optimierung selbstverst\u00e4ndlich gro\u00dfen Wert auf folgende Aspekte: Als Agentur sind uns Zusammenarbeit und &hellip;<\/p>\n","protected":false},"author":3,"featured_media":11953,"parent":0,"menu_order":0,"comment_status":"closed","ping_status":"closed","template":"","meta":{"_acf_changed":false,"footnotes":""},"class_list":["post-14037","page","type-page","status-publish","has-post-thumbnail","hentry"],"acf":[],"_links":{"self":[{"href":"https:\/\/effecty.nl\/de\/wp-json\/wp\/v2\/pages\/14037","targetHints":{"allow":["GET"]}}],"collection":[{"href":"https:\/\/effecty.nl\/de\/wp-json\/wp\/v2\/pages"}],"about":[{"href":"https:\/\/effecty.nl\/de\/wp-json\/wp\/v2\/types\/page"}],"author":[{"embeddable":true,"href":"https:\/\/effecty.nl\/de\/wp-json\/wp\/v2\/users\/3"}],"replies":[{"embeddable":true,"href":"https:\/\/effecty.nl\/de\/wp-json\/wp\/v2\/comments?post=14037"}],"version-history":[{"count":1,"href":"https:\/\/effecty.nl\/de\/wp-json\/wp\/v2\/pages\/14037\/revisions"}],"predecessor-version":[{"id":14038,"href":"https:\/\/effecty.nl\/de\/wp-json\/wp\/v2\/pages\/14037\/revisions\/14038"}],"wp:featuredmedia":[{"embeddable":true,"href":"https:\/\/effecty.nl\/de\/wp-json\/wp\/v2\/media\/11953"}],"wp:attachment":[{"href":"https:\/\/effecty.nl\/de\/wp-json\/wp\/v2\/media?parent=14037"}],"curies":[{"name":"wp","href":"https:\/\/api.w.org\/{rel}","templated":true}]}}