{"id":14198,"date":"2025-01-21T10:22:13","date_gmt":"2025-01-21T09:22:13","guid":{"rendered":"https:\/\/effecty.nl\/?page_id=14198"},"modified":"2025-01-21T10:22:15","modified_gmt":"2025-01-21T09:22:15","slug":"benutzerfreundlichkeit-der-website-testen","status":"publish","type":"page","link":"https:\/\/effecty.nl\/de\/benutzerfreundlichkeit-der-website-testen\/","title":{"rendered":"Benutzerfreundlichkeit der Website testen"},"content":{"rendered":"\n<p>Heutzutage kommt man kaum noch daran vorbei: Die Optimierung und das Testen der Benutzerfreundlichkeit Ihrer Website ist ein Muss! In einer Zeit, in der Besucher so einfach wie m\u00f6glich durch Ihre Website navigieren m\u00fcssen, sollten Sie zun\u00e4chst wissen, wie Sie dies am besten angehen und wo Sie Verbesserungen vornehmen k\u00f6nnen. Wie das geht? Das erkl\u00e4ren wir Ihnen gerne!<\/p>\n\n\n\n<h3 class=\"wp-block-heading\">Was bedeutet die Benutzerfreundlichkeit einer Website?<\/h3>\n\n\n\n<p>Fangen wir ganz am Anfang an: Was genau versteht man unter der Benutzerfreundlichkeit einer Website? Einfach ausgedr\u00fcckt ist das Testen der Benutzerfreundlichkeit einer Website eine Methode, um mithilfe einer Gruppe von Testpersonen herauszufinden, wie einfach Nutzer auf einer Website navigieren k\u00f6nnen. Dazu werden verschiedene Aufgaben gestellt, die die Testpersonen ausf\u00fchren sollen. Auf diese Weise kann gepr\u00fcft werden, wie benutzerfreundlich die Website tats\u00e4chlich ist und ob \u2013 und wo \u2013 die Testpersonen auf Barrieren sto\u00dfen.<\/p>\n\n\n\n<h3 class=\"wp-block-heading\">Warum ist das Testen der Benutzerfreundlichkeit so wichtig?<\/h3>\n\n\n\n<p>Nat\u00fcrlich arbeiten Webdesigner hart daran, eine sch\u00f6ne und umfassende Website zu entwickeln, die perfekt auf das Corporate Design Ihres Unternehmens abgestimmt ist. Dabei wird jedoch oft ein wichtiger Aspekt \u00fcbersehen: das Testen der Benutzerfreundlichkeit der neuen Website.<\/p>\n\n\n\n<p>Die Besucher k\u00f6nnen schlie\u00dflich nicht sehen, wie viel Zeit und Geld in die Entwicklung der Website geflossen ist. Wenn die Website un\u00fcbersichtlich ist, entscheiden sich die Besucher schnell daf\u00fcr, die Seite zu verlassen.<\/p>\n\n\n\n<h3 class=\"wp-block-heading\">Die Prozesse beim Testen der Benutzerfreundlichkeit<\/h3>\n\n\n\n<p>Um dies zu verhindern, kommt das Testen der Benutzerfreundlichkeit Ihrer Website ins Spiel. Beim Messen und Testen der Benutzerfreundlichkeit besch\u00e4ftigen Sie sich unter anderem mit:<\/p>\n\n\n\n<ul class=\"wp-block-list\">\n<li><strong>Eye Tracking:<\/strong> Das Verfolgen der Augenbewegungen der Besucher Ihrer Website. Ziel ist es, herauszufinden, wohin die Nutzer schauen, um die Benutzerfreundlichkeit Ihrer Website zu bewerten.<\/li>\n\n\n\n<li><strong>Conversion-Optimierung:<\/strong> Das Beseitigen von Hindernissen und das Anregen von Nutzern, eine gew\u00fcnschte Aktion auszuf\u00fchren. Dabei beginnt alles mit dem Testen der Benutzerfreundlichkeit Ihrer Website, um Schwachstellen zu identifizieren.<\/li>\n\n\n\n<li><strong>Anwenden der \u00dcberzeugungsprinzipien von Cialdini:<\/strong> Weitere Informationen hierzu finden Sie in unserem Blog \u00fcber die sieben Prinzipien der \u00dcberzeugung.<\/li>\n<\/ul>\n\n\n\n<p>Wir k\u00f6nnen uns gut vorstellen, dass dies alles wie eine Mammutaufgabe erscheint. Deshalb helfen wir Ihnen gerne dabei, die Benutzerfreundlichkeit Ihrer Website zu verbessern!<\/p>\n\n\n\n<div class=\"wp-block-buttons is-layout-flex wp-block-buttons-is-layout-flex\">\n<div class=\"wp-block-button\"><a class=\"wp-block-button__link wp-element-button\" href=\"mailto:service@effecty.nl\">Fordern Sie ein unverbindliches Beratungsgespr\u00e4ch an!<\/a><\/div>\n<\/div>\n\n\n\n<h3 class=\"wp-block-heading\">Benutzerfreundlichkeit Ihrer Website testen: die Vorbereitung<\/h3>\n\n\n\n<p>Um das optimale Ergebnis aus dem Test herauszuholen, ist eine gute Vorbereitung entscheidend. Beginnen Sie mit der Suche nach Teilnehmern, die bereit sind, bei der \u00dcberpr\u00fcfung der Benutzerfreundlichkeit Ihrer Website zu helfen. Da Sie eine umfassende Untersuchung durchf\u00fchren m\u00f6chten, ist es wichtig, unabh\u00e4ngige Testpersonen zu gewinnen.<\/p>\n\n\n\n<p>Anschlie\u00dfend sollten Sie eine Reihe von Aufgaben vorbereiten, die die Testpersonen durchlaufen sollen, um die bestehenden Barrieren zu identifizieren.<\/p>\n\n\n\n<p>Nach der Auswahl der Testpersonen ist der Einsatz geeigneter Hardware und Software beim Testen der Benutzerfreundlichkeit unverzichtbar. Beispielsweise kann ein <strong>Eye-Tracking-Ger\u00e4t<\/strong> verwendet werden. Dieses Ger\u00e4t verfolgt die Augenbewegungen der Besucher und zeigt genau, was ihre Aufmerksamkeit erregt, was \u00fcbersehen wird und wo Verbesserungspotenzial besteht. Bei Effecty verf\u00fcgen wir \u00fcber ein eigenes Eye-Tracking-Ger\u00e4t, mit dem wir bereits diverse Tests zur Benutzerfreundlichkeit von Websites durchgef\u00fchrt haben.<\/p>\n\n\n\n<h3 class=\"wp-block-heading\">Was tun mit den Forschungsergebnissen?<\/h3>\n\n\n\n<p>Sobald die Testergebnisse vorliegen, k\u00f6nnen Sie damit beginnen, die Benutzerfreundlichkeit Ihrer Website zu optimieren. Mit der blo\u00dfen Identifikation von Problemen ist es jedoch nicht getan. Tats\u00e4chlich handelt es sich hierbei um einen kontinuierlichen Prozess des A\/B-Testens, der nicht von heute auf morgen abgeschlossen werden kann. Das Testen der Benutzerfreundlichkeit einer Website ist ein fortlaufender Prozess.<\/p>\n\n\n\n<p>Ein h\u00e4ufiges Problem ist die richtige Interpretation der Forschungsergebnisse. <strong>Was sagen diese Ergebnisse wirklich? Wie k\u00f6nnen die Probleme gel\u00f6st werden? Welche Schritte sollten als n\u00e4chstes unternommen werden?<\/strong><\/p>\n\n\n\n<p>Diese Fragen im Zusammenhang mit dem Testen der Benutzerfreundlichkeit Ihrer Website m\u00f6gen wie eine gro\u00dfe Herausforderung erscheinen. Doch mit einer professionellen und zielgerichteten Herangehensweise k\u00f6nnen Sie sp\u00fcrbare Verbesserungen erzielen. Wir unterst\u00fctzen Sie gerne mit einer ma\u00dfgeschneiderten Strategie, um die Benutzerfreundlichkeit Ihrer Website auf optimale Weise zu testen!<\/p>\n\n\n\n<div class=\"wp-block-buttons is-layout-flex wp-block-buttons-is-layout-flex\">\n<div class=\"wp-block-button\"><a class=\"wp-block-button__link wp-element-button\" href=\"mailto:service@effecty.nl\">Fordern Sie ein Beratungsgespr\u00e4ch an!<\/a><\/div>\n<\/div>\n","protected":false},"excerpt":{"rendered":"<p>Heutzutage kommt man kaum noch daran vorbei: Die Optimierung und das Testen der Benutzerfreundlichkeit Ihrer Website ist ein Muss! In &hellip;<\/p>\n","protected":false},"author":3,"featured_media":2840,"parent":0,"menu_order":0,"comment_status":"closed","ping_status":"closed","template":"tl-services.php","meta":{"_acf_changed":false,"footnotes":""},"class_list":["post-14198","page","type-page","status-publish","has-post-thumbnail","hentry"],"acf":[],"_links":{"self":[{"href":"https:\/\/effecty.nl\/de\/wp-json\/wp\/v2\/pages\/14198","targetHints":{"allow":["GET"]}}],"collection":[{"href":"https:\/\/effecty.nl\/de\/wp-json\/wp\/v2\/pages"}],"about":[{"href":"https:\/\/effecty.nl\/de\/wp-json\/wp\/v2\/types\/page"}],"author":[{"embeddable":true,"href":"https:\/\/effecty.nl\/de\/wp-json\/wp\/v2\/users\/3"}],"replies":[{"embeddable":true,"href":"https:\/\/effecty.nl\/de\/wp-json\/wp\/v2\/comments?post=14198"}],"version-history":[{"count":1,"href":"https:\/\/effecty.nl\/de\/wp-json\/wp\/v2\/pages\/14198\/revisions"}],"predecessor-version":[{"id":14199,"href":"https:\/\/effecty.nl\/de\/wp-json\/wp\/v2\/pages\/14198\/revisions\/14199"}],"wp:featuredmedia":[{"embeddable":true,"href":"https:\/\/effecty.nl\/de\/wp-json\/wp\/v2\/media\/2840"}],"wp:attachment":[{"href":"https:\/\/effecty.nl\/de\/wp-json\/wp\/v2\/media?parent=14198"}],"curies":[{"name":"wp","href":"https:\/\/api.w.org\/{rel}","templated":true}]}}