{"id":14200,"date":"2025-01-21T10:46:09","date_gmt":"2025-01-21T09:46:09","guid":{"rendered":"https:\/\/effecty.nl\/?page_id=14200"},"modified":"2025-01-21T10:46:11","modified_gmt":"2025-01-21T09:46:11","slug":"kostenloses-cro-webinar","status":"publish","type":"page","link":"https:\/\/effecty.nl\/de\/kostenloses-cro-webinar\/","title":{"rendered":"Kostenloses CRO-Webinar!"},"content":{"rendered":"\n<h3 class=\"wp-block-heading\">Was lernen Sie w\u00e4hrend des Webinars?<\/h3>\n\n\n\n<p>Im kostenlosen CRO-Webinar erfahren Sie, wie Sie Ihre Besucher mit Hilfe psychologischer Tricks dazu motivieren k\u00f6nnen, z. B. einen Kauf zu t\u00e4tigen oder sich f\u00fcr einen Newsletter anzumelden. W\u00e4hrend des Webinars werden psychologische Prinzipien wie die \u00dcberzeugungsprinzipien von Robert Cialdini (\u201eKnappheit\u201c und \u201esoziale Bew\u00e4hrtheit\u201c), der Ankereffekt, der Zeigarnik-Effekt, der Besitz-Effekt (\u201eEndowment Effect\u201c) und der Hobson&#8217;s+1 Choice Effect behandelt.<\/p>\n\n\n\n<p>Zus\u00e4tzlich besprechen wir die verhaltenspsychologische Motivationstechnik \u201eNudging\u201c und geben Ihnen wertvolle Buchtipps. Neugierig geworden? Laden Sie jetzt das kostenlose CRO-Webinar herunter.<\/p>\n\n\n\n<p>Was macht Conversion-Optimierung so wichtig?<\/p>\n\n\n\n<p>Durch die Optimierung Ihrer Conversion-Rate k\u00f6nnen Sie mit derselben Anzahl an Website-Besuchern deutlich mehr Conversions erzielen. H\u00e4ufig wird viel Geld ausgegeben, um Besucher auf die Website zu bringen. Mit einer h\u00f6heren Conversion-Rate steigern Sie gleichzeitig Ihre Rendite auf diese Investitionen (ROI). In unserem kostenlosen Webinar erhalten Sie praktische Beispiele und Tipps, wie Sie Ihre Nutzer effektiv motivieren k\u00f6nnen.<\/p>\n\n\n\n<p>Individuelle Beratung gew\u00fcnscht?<\/p>\n\n\n\n<p>Suchen Sie nach einer ma\u00dfgeschneiderten Beratung f\u00fcr Ihre Website oder interessieren Sie sich f\u00fcr andere Dienstleistungen? Kontaktieren Sie uns, um die M\u00f6glichkeiten zu besprechen.<\/p>\n\n\n\n<p>CRO-Training vor Ort<\/p>\n\n\n\n<p>Wenn Sie die im Webinar vermittelten Informationen so hilfreich finden, dass Ihr ganzes Team mehr \u00fcber Conversion-Optimierung erfahren sollte, kommen wir gerne zu Ihnen vor Ort, um ein individuelles Training anzubieten. Wir analysieren die vorhandenen F\u00e4higkeiten Ihres Teams und passen das Training entsprechend an. Kontaktieren Sie uns und fragen Sie nach den M\u00f6glichkeiten.<\/p>\n","protected":false},"excerpt":{"rendered":"<p>Was lernen Sie w\u00e4hrend des Webinars? Im kostenlosen CRO-Webinar erfahren Sie, wie Sie Ihre Besucher mit Hilfe psychologischer Tricks dazu &hellip;<\/p>\n","protected":false},"author":3,"featured_media":3258,"parent":0,"menu_order":0,"comment_status":"closed","ping_status":"closed","template":"","meta":{"_acf_changed":false,"footnotes":""},"class_list":["post-14200","page","type-page","status-publish","has-post-thumbnail","hentry"],"acf":[],"_links":{"self":[{"href":"https:\/\/effecty.nl\/de\/wp-json\/wp\/v2\/pages\/14200","targetHints":{"allow":["GET"]}}],"collection":[{"href":"https:\/\/effecty.nl\/de\/wp-json\/wp\/v2\/pages"}],"about":[{"href":"https:\/\/effecty.nl\/de\/wp-json\/wp\/v2\/types\/page"}],"author":[{"embeddable":true,"href":"https:\/\/effecty.nl\/de\/wp-json\/wp\/v2\/users\/3"}],"replies":[{"embeddable":true,"href":"https:\/\/effecty.nl\/de\/wp-json\/wp\/v2\/comments?post=14200"}],"version-history":[{"count":1,"href":"https:\/\/effecty.nl\/de\/wp-json\/wp\/v2\/pages\/14200\/revisions"}],"predecessor-version":[{"id":14201,"href":"https:\/\/effecty.nl\/de\/wp-json\/wp\/v2\/pages\/14200\/revisions\/14201"}],"wp:featuredmedia":[{"embeddable":true,"href":"https:\/\/effecty.nl\/de\/wp-json\/wp\/v2\/media\/3258"}],"wp:attachment":[{"href":"https:\/\/effecty.nl\/de\/wp-json\/wp\/v2\/media?parent=14200"}],"curies":[{"name":"wp","href":"https:\/\/api.w.org\/{rel}","templated":true}]}}