{"id":1854,"date":"2020-06-25T09:38:33","date_gmt":"2020-06-25T07:38:33","guid":{"rendered":"https:\/\/dev.effecty.nl\/?page_id=1854"},"modified":"2023-09-14T11:01:38","modified_gmt":"2023-09-14T09:01:38","slug":"uber-effecty","status":"publish","type":"page","link":"https:\/\/effecty.nl\/de\/uber-effecty\/","title":{"rendered":"\u00dcber Effecty"},"content":{"rendered":"\n<h2 class=\"wp-block-heading\">Digital heroes <\/h2>\n\n\n\n<p>Die Welt um uns herum wandelt sich in einem rasen schnellen Tempo. Als Unternehmer sind Sie gewohnt einen klaren \u00dcberblick zu behalten \u00fcber interne Prozesse und externe Geschehnisse. Im besonderen Ma\u00dfe ist die digitale Welt in diesem Zusammenhang ein spannendes Feld. Als Teammitglied bei Effecty strengen wir uns an, um ins Zentrum dieser neuen Welt mit so fluktuierenden Entwicklungen zu gelangen. Dadurch betrachten wir aus einem modernen und aktuell relevanten Blickwinkel, die Geschehnisse auf dem Markt. Wir glauben an die Kraft der digitalen Opportunit\u00e4ten.<\/p>\n\n\n\n<p>Digitale Ver\u00e4nderung wird angetrieben von Menschen. Aus diesem Grunde m\u00f6chten wir Menschen und Organisationen <strong>inspirieren<\/strong>, um <strong>gemeinsam den digitalen Fortschritt anzustreben und \u00fcbertreffende Ergebnisse zu erzielen!<\/strong><\/p>\n\n\n\n<p>Effecty ist eine junge Marketingagentur mit dem Willen zur Performance. Dabei besteht unser Fundament aus gesch\u00e4ftst\u00fcchtigen, professionellen und selbstbewussten Teammitgliedern, mit der Zielsetzung noch mehr Erfolg Online f\u00fcr unsere Kunden zu generieren.<\/p>\n\n\n<p>&nbsp;<\/p>\n\n\n<figure class=\"wp-block-image size-large is-resized\"><img loading=\"lazy\" decoding=\"async\" src=\"https:\/\/effecty.nl\/wp-content\/uploads\/2020\/03\/Black-Friday-Effecty.jpg\" alt=\"Team Effecty - Black Friday\" class=\"wp-image-596\" style=\"width:425px;height:319px\" width=\"425\" height=\"319\" srcset=\"https:\/\/effecty.nl\/wp-content\/uploads\/2020\/03\/Black-Friday-Effecty.jpg 600w, https:\/\/effecty.nl\/wp-content\/uploads\/2020\/03\/Black-Friday-Effecty-300x225.jpg 300w\" sizes=\"auto, (max-width: 425px) 100vw, 425px\" \/><\/figure>\n\n\n<p>&nbsp;<\/p>\n\n\n<p>Schon seit 2011 suchen wir nach zielf\u00fchrenden L\u00f6sungen f\u00fcr mittelst\u00e4ndige Unternehmen. In den vorigen Jahren haben wir mit Enthusiasmus f\u00fcr einen breiten Kreis von Unternehmen arbeiten d\u00fcrfen, dabei sind wir Stolz auf unsere gute Beziehung zu Kunden. Diese Beziehung basierend auf zufriedenstellenden Ergebnissen und der Fokussierung der Kundenbed\u00fcrfnisse mit angebrachter Kostenstruktur. Immer im Vordergrund steht ein motiviertes Team von digitalen Marketers, die sich in Ihrer Materie genauestens auskennen.<\/p>\n\n\n\n<p>Online Marketing bedarf einer kontinuierlichen Investierung von Zeit und der Auffrischung von Wissen. Deshalb haben wir in unserem Unternehmen alle Gebiete auf verschiedene Experten aufgespalten und k\u00f6nnen so alle Kompetenzen unter einem Dach vereinen. Von Performance Antreibern bis hin zu kreativen Digital Marketers. Jedes Mitglied bringt seine eigene Expertise mit ins Unternehmen. Jedoch vereint uns der Antrieb nach guten Ergebnissen. Ergebnisse, die gesetzte Ziele \u00fcbertreffen.&nbsp; Unser vielseitiges Team entwickelt Online Strategien, kreative Konzepte und zielf\u00fchrende Online Kampagnen wobei Ihre Vorstellungen immer den Kern des roten Fadens formen.<\/p>\n\n\n\n<div class=\"wp-block-button\"><a class=\"wp-block-button__link wp-element-button\" href=\"mailto:service@effecty.nl\">I dare to be digital!<\/a><\/div>\n","protected":false},"excerpt":{"rendered":"<p>Digital heroes Die Welt um uns herum wandelt sich in einem rasen schnellen Tempo. Als Unternehmer sind Sie gewohnt einen &hellip;<\/p>\n","protected":false},"author":1,"featured_media":665,"parent":0,"menu_order":0,"comment_status":"closed","ping_status":"closed","template":"tl-services.php","meta":{"_acf_changed":false,"footnotes":""},"class_list":["post-1854","page","type-page","status-publish","has-post-thumbnail","hentry"],"acf":[],"_links":{"self":[{"href":"https:\/\/effecty.nl\/de\/wp-json\/wp\/v2\/pages\/1854","targetHints":{"allow":["GET"]}}],"collection":[{"href":"https:\/\/effecty.nl\/de\/wp-json\/wp\/v2\/pages"}],"about":[{"href":"https:\/\/effecty.nl\/de\/wp-json\/wp\/v2\/types\/page"}],"author":[{"embeddable":true,"href":"https:\/\/effecty.nl\/de\/wp-json\/wp\/v2\/users\/1"}],"replies":[{"embeddable":true,"href":"https:\/\/effecty.nl\/de\/wp-json\/wp\/v2\/comments?post=1854"}],"version-history":[{"count":1,"href":"https:\/\/effecty.nl\/de\/wp-json\/wp\/v2\/pages\/1854\/revisions"}],"predecessor-version":[{"id":10261,"href":"https:\/\/effecty.nl\/de\/wp-json\/wp\/v2\/pages\/1854\/revisions\/10261"}],"wp:featuredmedia":[{"embeddable":true,"href":"https:\/\/effecty.nl\/de\/wp-json\/wp\/v2\/media\/665"}],"wp:attachment":[{"href":"https:\/\/effecty.nl\/de\/wp-json\/wp\/v2\/media?parent=1854"}],"curies":[{"name":"wp","href":"https:\/\/api.w.org\/{rel}","templated":true}]}}