{"id":1874,"date":"2020-06-25T10:40:44","date_gmt":"2020-06-25T08:40:44","guid":{"rendered":"https:\/\/dev.effecty.nl\/?page_id=1874"},"modified":"2021-04-08T16:40:07","modified_gmt":"2021-04-08T14:40:07","slug":"kontakt","status":"publish","type":"page","link":"https:\/\/effecty.nl\/de\/uber-effecty\/kontakt\/","title":{"rendered":"Kontakt"},"content":{"rendered":"\n<p>Effecty ber\u00e4t und unterst\u00fctzt Sie bei jedem Schritt eines durchdachten Konzeptes. Wir optimieren das Erlebnis Ihrer Webseiten Besucher, schaffen Anreize f\u00fcr eine erh\u00f6hte Anzahl Users, l\u00e4ngere Besucherzeiten und wir erh\u00f6hen Ihren Umsatz. Wir nehmen uns gerne die Zeit, um mit Ihnen zusammen m\u00f6gliche Probleme zu analysieren.  <\/p>\n\n\n\n<p>Sind Sie neugierig, was wir f\u00fcr Ihre Organisation tun k\u00f6nnen?<\/p>\n\n\n\n<h2 class=\"wp-block-heading\">Wir stehen f\u00fcr Sie bereit<\/h2>\n\n\n\n<p>Schicken Sie uns eine Nachricht, und gemeinsam werden wir sehen, wie wir Ihr Unternehmen mit Online-Marketing auf die n\u00e4chste Stufe bringen k\u00f6nnen!<br><br>Sie k\u00f6nnen uns mittels den folgenden Informationen erreichen:<br><br><strong>Mobile Telefonnummer:<\/strong> +31 6 58 91 79 08<br><strong>E-mail:<\/strong> <a href=\"mailto:service@effecty.nl\">service@effecty.nl<\/a><br>Sie k\u00f6nnen ebenfalls unser Kontaktformular nutzen.<br><br><strong>Adresse in den Niederlanden<\/strong><br>Witveldweg 100<br>5961 ND Horst<br>Nederland<\/p>\n","protected":false},"excerpt":{"rendered":"<p>Effecty ber\u00e4t und unterst\u00fctzt Sie bei jedem Schritt eines durchdachten Konzeptes. Wir optimieren das Erlebnis Ihrer Webseiten Besucher, schaffen Anreize &hellip;<\/p>\n","protected":false},"author":1,"featured_media":650,"parent":1854,"menu_order":0,"comment_status":"closed","ping_status":"closed","template":"tl-services.php","meta":{"_acf_changed":false,"footnotes":""},"class_list":["post-1874","page","type-page","status-publish","has-post-thumbnail","hentry"],"acf":[],"_links":{"self":[{"href":"https:\/\/effecty.nl\/de\/wp-json\/wp\/v2\/pages\/1874","targetHints":{"allow":["GET"]}}],"collection":[{"href":"https:\/\/effecty.nl\/de\/wp-json\/wp\/v2\/pages"}],"about":[{"href":"https:\/\/effecty.nl\/de\/wp-json\/wp\/v2\/types\/page"}],"author":[{"embeddable":true,"href":"https:\/\/effecty.nl\/de\/wp-json\/wp\/v2\/users\/1"}],"replies":[{"embeddable":true,"href":"https:\/\/effecty.nl\/de\/wp-json\/wp\/v2\/comments?post=1874"}],"version-history":[{"count":0,"href":"https:\/\/effecty.nl\/de\/wp-json\/wp\/v2\/pages\/1874\/revisions"}],"up":[{"embeddable":true,"href":"https:\/\/effecty.nl\/de\/wp-json\/wp\/v2\/pages\/1854"}],"wp:featuredmedia":[{"embeddable":true,"href":"https:\/\/effecty.nl\/de\/wp-json\/wp\/v2\/media\/650"}],"wp:attachment":[{"href":"https:\/\/effecty.nl\/de\/wp-json\/wp\/v2\/media?parent=1874"}],"curies":[{"name":"wp","href":"https:\/\/api.w.org\/{rel}","templated":true}]}}