{"id":1876,"date":"2020-06-25T11:15:37","date_gmt":"2020-06-25T09:15:37","guid":{"rendered":"https:\/\/dev.effecty.nl\/?page_id=1876"},"modified":"2021-04-08T15:58:56","modified_gmt":"2021-04-08T13:58:56","slug":"agb-allgemeine-geschaftliche-bedingungen-effecty-b-v","status":"publish","type":"page","link":"https:\/\/effecty.nl\/de\/agb-allgemeine-geschaftliche-bedingungen-effecty-b-v\/","title":{"rendered":"Gesch\u00e4ftsbedingungen"},"content":{"rendered":"\n<h3 class=\"wp-block-heading\">Artikel 1 Definition der Sachleistung<\/h3>\n\n\n\n<p>1.1 Website: ein zusammenh\u00e4ngendes Konstrukt von digitalen Internetseiten einschlie\u00dflich aller zugeh\u00f6rigen digitalen Bilder, Skripte und Datenbanken.<\/p>\n\n\n\n<p>1.2 Content Management System: Konsistenz von Skripten, Internetseiten,<\/p>\n\n\n\n<p>Datenbanken und Bilder, die der Kunde zur einfachen Anpassung seiner Website verwendet.<\/p>\n\n\n\n<p>&nbsp;1.4 Wartung einer Website: die Integration neuer Informationen (Texte, Bilder), die von Effecty B.V. zur Verf\u00fcgung gestellt werden, in die bestehende Website des Auftraggebers, oder das Schreiben neuer Texte oder \u00c4nderungen an bestehenden Texten in die bestehende Website des Auftraggebers.<\/p>\n\n\n\n<p>&nbsp;1.5 Auftraggeber: die nat\u00fcrliche oder juristische Person, mit der Effecty B.V. Webdesign einen Vertrag zur Erbringung von Dienstleistungen abschlie\u00dft.<\/p>\n\n\n\n<h3 class=\"wp-block-heading\">Artikel 2 Anwendbarkeit<\/h3>\n\n\n\n<p>2.1 Die Unterzeichnung eines Angebots durch Effecty B.V. oder der Beginn einer Bestellung bei Effecty B.V. f\u00fchrt zu einer Vereinbarung, mit der sich der Auftraggeber mit den allgemeinen Gesch\u00e4ftsbedingungen einverstanden erkl\u00e4rt.<\/p>\n\n\n\n<p>2.2 Abweichungen von den Allgemeinen Gesch\u00e4ftsbedingungen sind nur m\u00f6glich, wenn sie ausdr\u00fccklich in einer Vereinbarung zwischen dem Auftraggeber und Effecty B.V. aufgenommen werden.<\/p>\n\n\n\n<p>2.3 Diese Allgemeinen Gesch\u00e4ftsbedingungen gelten f\u00fcr alle Angebote, Offerten und alle von Effecty B.V. geschlossenen Vertr\u00e4ge und von Effecty B.V. erbrachten Dienstleistungen und alle anderen von Effecty B.V. ausgef\u00fchrten Handlungen.<\/p>\n\n\n\n<p>2.4 Effecty B.V. beh\u00e4lt sich das Recht vor, die Allgemeinen Gesch\u00e4ftsbedingungen jederzeit zu \u00e4ndern. Die neuen Bedingungen treten einen Monat, nachdem der bestehende Kunde \u00fcber die \u00c4nderungen der allgemeinen Gesch\u00e4ftsbedingungen informiert wurde, in Kraft.<\/p>\n\n\n\n<h3 class=\"wp-block-heading\">Artikel 3 Kostenvoranschl\u00e4ge und Angebote<\/h3>\n\n\n\n<p>3.1 Ein Angebot oder eine Offerte von Effecty B.V. ist f\u00fcr 10 Tage nach Versand g\u00fcltig. Wenn nach Ablauf dieser Frist beschlossen wird, das Angebot oder die Offerte anzunehmen, hat Effecty B.V. das Recht, Preise oder Bedingungen zu \u00e4ndern, und aus dem Angebot oder der Offerte k\u00f6nnen keinerlei Rechte abgeleitet werden. <\/p>\n\n\n\n<p>3.2 Effecty B.V. kann nicht an ihre Angebote oder Offerten gebunden sein, wenn der Auftraggeber vern\u00fcnftigerweise verstehen kann, dass die Angebote oder Offerten oder ein Teil davon einen offensichtlichen Fehler oder Irrtum in der Schriftform enthalten.<\/p>\n\n\n\n<h3 class=\"wp-block-heading\">Artikel 4 Vertraulichkeit<\/h3>\n\n\n\n<p>4.1 Beide Parteien sind verpflichtet, alle vertraulichen Informationen, die sie im Rahmen ihrer Vereinbarung voneinander oder von einer anderen Quelle erhalten haben, vertraulich zu behandeln. Informationen gelten als vertraulich, wenn sie von der anderen Partei mitgeteilt wurden oder wenn sich dies aus der Art der Informationen ergibt.<\/p>\n\n\n\n<p>4.2 Ist f\u00fcr die ordnungsgem\u00e4\u00dfe Ausf\u00fchrung des Auftrags eine Ausnahme von der Geheimhaltungspflicht erforderlich, k\u00f6nnen vertrauliche Informationen nach Zustimmung des Auftraggebers an Dritte weitergegeben werden.<\/p>\n\n\n\n<h3 class=\"wp-block-heading\">Artikel 5 Geb\u00fchr<\/h3>\n\n\n\n<p>5.1 F\u00fcr die Ausf\u00fchrung eines Auftrags schuldet der Auftraggeber Effecty B.V. das vereinbarte Honorar.<\/p>\n\n\n\n<p>5.2 Alle von Effecty B.V. angegebenen Preise verstehen sich ohne Mehrwertsteuer, sofern nicht ausdr\u00fccklich anders angegeben.<\/p>\n\n\n\n<p>5.3 Auf das Honorar wird Mehrwertsteuer geschuldet, es sei denn, das niederl\u00e4ndische Steuerrecht verlangt nicht, dass dies dem Auftraggeber in Rechnung gestellt wird.<\/p>\n\n\n\n<p>5.3 Wenn der Auftraggeber eine ma\u00dfgebliche Verpflichtung, als Vertragspartner von Effecty B. V. verletzt, dann werde alle offenen Rechnungsbeitr\u00e4ge, aus welchem Grund auch immer, mit sofortiger Wirkung f\u00e4llig.<\/p>\n\n\n\n<p>5.4 Die mit der Ausf\u00fchrung des Auftrags verbundenen Kosten werden dem Auftraggeber gesondert in Rechnung gestellt. Dies schlie\u00dft Reise- und Unterbringungskosten ein.<\/p>\n\n\n\n<p>5.5 Im Falle eines gemeinsam erteilten Auftrags haftet der Auftraggeber gesamtschuldnerisch f\u00fcr die Zahlung der Betr\u00e4ge, auf die Effecty B.V. Anspruch hat.<\/p>\n\n\n\n<p>5.6 Die Bezahlung der Rechnungen von Effecty B.V. hat innerhalb von 14 Tagen nach Rechnungsdatum zu erfolgen. Im Falle der \u00dcbertretung dieser Frist ist der Auftraggeber von Rechts wegen in Verzug und schuldet Verzugszinsen in H\u00f6he des anwendbaren gesetzlichen Zinssatzes.<\/p>\n\n\n\n<p>5.7 Sollte Effecty B.V aufgrund Zahlungsr\u00fcckst\u00e4nde ein Inkassodienstleister engagieren, dann werden diesen Kosten dem zahlungsf\u00e4lligen Schuldner in Rechnung gestellt. Allumfassend werden dem schuldigen Auftraggeber au\u00dfergerichtliche und gerichtliche Lasten in voller H\u00f6he zu Lasten gelegt. Die au\u00dfergerichtlichen Kosten werden auf 15 % des Rechnungsbetrags mit einem Mindestbetrag von \u20ac 100,- zuz\u00fcglich eventueller Zusatzkosten festgesetzt.<\/p>\n\n\n\n<h3 class=\"wp-block-heading\">Artikel 6 Dauer und Beendigung<\/h3>\n\n\n\n<p>6.1 Vertr\u00e4ge in Bezug auf Content Management System, Domain-Namen-Registrierung, Hosting und andere Produkte, bei denen ausdr\u00fccklich monatliche Abonnementgeb\u00fchren angegeben sind, haben eine Mindestlaufzeit von 1 Jahr und k\u00f6nnen danach jederzeit mit einer Frist von 3 Monaten gek\u00fcndigt werden, sofern nicht ausdr\u00fccklich schriftlich etwas anderes vereinbart wurde. Diese Vertr\u00e4ge werden jedes Jahr stillschweigend verl\u00e4ngert.<\/p>\n\n\n\n<p>6.2 Vertr\u00e4ge, die sich auf die Optimierung von Google Adwords, Google Analytics und Bing Ads beziehen, haben eine Mindestlaufzeit von 6 Monaten und k\u00f6nnen danach jederzeit mit einer Frist von 1 Monat schriftlich gek\u00fcndigt werden, sofern nicht ausdr\u00fccklich schriftlich etwas anderes vereinbart wurde. Diese Vertr\u00e4ge werden stillschweigend jeden Monat verl\u00e4ngert.<\/p>\n\n\n\n<p>33 6.3 Effecty B.V. hat das Recht, gelieferte Produkte und Dienstleistungen vor\u00fcbergehend oder vollst\u00e4ndig au\u00dfer Betrieb zu setzen und\/oder den Gebrauch davon einzuschr\u00e4nken, wenn der Auftraggeber seine Verpflichtungen gegen\u00fcber Effecty B.V. nicht erf\u00fcllt. Effecty B.V. wird den Auftraggeber im Voraus dar\u00fcber informieren, es sei denn, dies kann von Effecty B.V. nicht in aller Angemessenheit und Fairness verlangt werden. Die Verpflichtung zur Zahlung der f\u00e4lligen Betr\u00e4ge bleibt auch w\u00e4hrend der Stilllegung und\/oder Einschr\u00e4nkung bestehen.<\/p>\n\n\n\n<h3 class=\"wp-block-heading\">Artikel 7 Lieferung, Zahlung, Risiko und Eigentumsvorbehalt<\/h3>\n\n\n\n<p>7.1 Hosting, Programmierung, Design, Link Building und Domainnamenregistrierung mit Dritten zu tun haben, haftet Effecty B.V. nicht f\u00fcr Sch\u00e4den, die der Auftraggeber infolge der Nichterf\u00fcllung seiner Verpflichtungen durch diese Dritten erleidet.<\/p>\n\n\n\n<p>7.2 Nach der Lieferung von Effecty B.V. an den Auftraggeber gilt eine Annahmefrist von 1 Woche, in der der Auftraggeber kleinere \u00c4nderungen im Layout kostenlos anpassen lassen kann. Nach dieser Annahmefrist gilt das Produkt als angenommen, und f\u00fcr \u00c4nderungen werden Stundenl\u00f6hne in Rechnung gestellt.<\/p>\n\n\n\n<p>7.3 Angegebene Fristen f\u00fcr die Lieferung von Produkten und\/oder Dienstleistungen durch Effecty B.V. dienen nur als Richtlinie und sind daher niemals zeitlich fixiert, es sei denn, es wurde ausdr\u00fccklich und schriftlich anders vereinbart.<\/p>\n\n\n\n<p>7.4 Alle an den Auftraggeber gelieferten Waren bleiben Eigentum von Effecty B.V. Es kann vereinbart werden, dass bestimmte Teile des Auftrages \u00fcbergehen, wenn der Auftraggeber alle Betr\u00e4ge, die er Effecty B.V. f\u00fcr die von Effecty B.V. gelieferten Produkte und\/oder Dienstleistungen schuldet, sowie die daf\u00fcr geschuldeten Zinsen und Kosten bezahlt hat. Soweit die Einr\u00e4umung oder \u00dcbertragung bestimmter Rechte ausdr\u00fccklich schriftlich vereinbart wurde, erfolgt die Einr\u00e4umung oder \u00dcbertragung dieser Rechte stets unter der Bedingung, dass die damit verbundenen Geb\u00fchren, einschlie\u00dflich Zinsen und Kosten, stets vollst\u00e4ndig und p\u00fcnktlich gezahlt werden.<\/p>\n\n\n\n<p>7.5 Das von Effecty B.V. gelieferte Content Management System geht niemals in das Eigentum des Auftraggebers \u00fcber, sondern kann vom Auftraggeber mittels eines Abonnementsystems f\u00fcr einen mit Effecty B.V. vereinbarten Betrag genutzt werden.<\/p>\n\n\n\n<p>7.6 Im Falle des Entwurfs oder der Entwicklung einer Website, zugrundeliegender Systeme, Drucksachen oder eines Hausstils ist Effecty B.V. berechtigt, 30% des vereinbarten Preises im Voraus in Rechnung zu stellen. 7.7 Alle geistigen Eigentumsrechte an den Sachen, die Effecty B.V. im Namen des Auftraggebers erstellt, verbleiben bei Effecty B.V..<\/p>\n\n\n\n<h3 class=\"wp-block-heading\">Artikel 8 Haftungsbeschr\u00e4nkung Effecty B.V.<\/h3>\n\n\n\n<p>8.1 Effecty B.V. ist nicht verpflichtet, Schadenersatz f\u00fcr den vom Auftraggeber erlittenen Schaden zu leisten, es sei denn, dass dieser Schaden durch bewusste Leichtfertigkeit seitens Effecty B.V. oder ihrer Manager verursacht wurde.<\/p>\n\n\n\n<p>8.2 Eine Verpflichtung von Effecty B.V. zur Zahlung von Schadenersatz an den Auftraggeber ist zu jeder Zeit auf den Rechnungsbetrag des betreffenden Auftrags beschr\u00e4nkt.<\/p>\n\n\n\n<p>8.3 Die vorstehende Haftungsbeschr\u00e4nkung gilt auch f\u00fcr den Fall, dass ein Auftrag zu Unrecht abgelehnt wird und dadurch ein Schaden entsteht.<\/p>\n\n\n\n<p>8.4 Effecty B.V. ist nicht verpflichtet, den Auftraggeber f\u00fcr Folgesch\u00e4den, die der Auftraggeber indirekt erleidet, zu entsch\u00e4digen.<\/p>\n\n\n\n<h3 class=\"wp-block-heading\">Artikel 9 Ausbildungskurse und Treffen<\/h3>\n\n\n\n<p>9.1 Wenn nach Meinung von Effecty B.V. die Anzahl der Teilnehmer an dem Programm an bestimmten Orten oder zu bestimmten Terminen zu gering ist, beh\u00e4lt sich Effecty B.V. das Recht vor, Orte und\/oder Schulungstermine vor Beginn des Programms abzusagen.<\/p>\n\n\n\n<p>9.2 Etwaige Parkgeb\u00fchren an den Schulungsorten gehen immer zu Lasten des Kursteilnehmers.<\/p>\n\n\n\n<p>9.3 Falls ein Trainer oder Redner krank ist und\/oder nicht teilnehmen kann, wird Effecty B.V. nach M\u00f6glichkeit einen gleichwertigen Ersatz stellen.<\/p>\n\n\n\n<p>9.4 Falls ein Ersatz nicht m\u00f6glich ist, wird Effecty B.V. die Teilnehmer so schnell wie m\u00f6glich informieren.<\/p>\n\n\n\n<p>9.5 Im Falle von 9.4 wird Effecty B.V. so bald wie m\u00f6glich alternative Termine angeben.<\/p>\n\n\n\n<p>9.6 Im Falle von Krankheit und\/oder Unf\u00e4higkeit eines Lehrers hat der Teilnehmer oder der Auftraggeber keinen Anspruch auf (Schadenersatz-)Entsch\u00e4digung, auch wenn Effecty B.V. infolge h\u00f6herer Gewalt einen finanziellen Vorteil erringt.<\/p>\n\n\n\n<p>9.7 Das Versagen eines Lehrers ist niemals ein Grund f\u00fcr eine kostenlose Absage. Die Bestimmungen von Artikel 9.6 bleiben in diesem Fall anwendbar.<\/p>\n\n\n\n<h3 class=\"wp-block-heading\">Artikel 10 Anwendbarkeit des Rechts und Wahl des Gerichtsstands<\/h3>\n\n\n\n<p>10.1 Auf das Rechtsverh\u00e4ltnis zwischen Effecty B.V. und dem Auftraggeber findet ausschlie\u00dflich niederl\u00e4ndisches Recht Anwendung.<\/p>\n\n\n\n<p>10.2 F\u00fcr die Anerkennung von Streitigkeiten aus diesem Rechtsverh\u00e4ltnis ist ausschlie\u00dflich das Landgericht Limburg mit Sitz in Roermond zust\u00e4ndig.<\/p>\n","protected":false},"excerpt":{"rendered":"<p>Artikel 1 Definition der Sachleistung 1.1 Website: ein zusammenh\u00e4ngendes Konstrukt von digitalen Internetseiten einschlie\u00dflich aller zugeh\u00f6rigen digitalen Bilder, Skripte und &hellip;<\/p>\n","protected":false},"author":1,"featured_media":0,"parent":0,"menu_order":0,"comment_status":"closed","ping_status":"closed","template":"tl-services.php","meta":{"_acf_changed":false,"footnotes":""},"class_list":["post-1876","page","type-page","status-publish","hentry"],"acf":[],"_links":{"self":[{"href":"https:\/\/effecty.nl\/de\/wp-json\/wp\/v2\/pages\/1876","targetHints":{"allow":["GET"]}}],"collection":[{"href":"https:\/\/effecty.nl\/de\/wp-json\/wp\/v2\/pages"}],"about":[{"href":"https:\/\/effecty.nl\/de\/wp-json\/wp\/v2\/types\/page"}],"author":[{"embeddable":true,"href":"https:\/\/effecty.nl\/de\/wp-json\/wp\/v2\/users\/1"}],"replies":[{"embeddable":true,"href":"https:\/\/effecty.nl\/de\/wp-json\/wp\/v2\/comments?post=1876"}],"version-history":[{"count":0,"href":"https:\/\/effecty.nl\/de\/wp-json\/wp\/v2\/pages\/1876\/revisions"}],"wp:attachment":[{"href":"https:\/\/effecty.nl\/de\/wp-json\/wp\/v2\/media?parent=1876"}],"curies":[{"name":"wp","href":"https:\/\/api.w.org\/{rel}","templated":true}]}}