{"id":1880,"date":"2020-06-25T11:23:49","date_gmt":"2020-06-25T09:23:49","guid":{"rendered":"https:\/\/dev.effecty.nl\/?page_id=1880"},"modified":"2021-04-08T15:10:51","modified_gmt":"2021-04-08T13:10:51","slug":"datenschutzerklaerung","status":"publish","type":"page","link":"https:\/\/effecty.nl\/de\/datenschutzerklaerung\/","title":{"rendered":"Datenschutzerkl\u00e4rung"},"content":{"rendered":"\n<p>Bei der Nutzung unserer Dienste werden Sie eventuell um die Angabe pers\u00f6nlicher Informationen gebeten. Die Beantwortung dieser Fragen ist freiwillig. <\/p>\n\n\n\n<h2 class=\"wp-block-heading\">Datenschutz<\/h2>\n\n\n\n<p>Ihre pers\u00f6nlichen Daten werden entsprechend den deutschen Datenschutzbestimmungen gespeichert und verarbeitet.<br>Die im Rahmen der Internetseiten der Effecty B.V. erhobenen personenbezogenen Daten werden zum Zweck der Vertragsabwicklung und der Bearbeitung Ihrer Anfragen genutzt. Eine Verarbeitung und Nutzung Ihrer Daten f\u00fcr Zwecke der Beratung, der Werbung und der Marktforschung erfolgt nur mit Ihrer ausdr\u00fccklichen Zustimmung. Umfasst die Einwilligungserkl\u00e4rung zu den vorgenannten Zwecken auch die \u00dcbermittlung Ihrer Daten an Drittanbieter Software zur fachlichen Analyse der Inhalte.<\/p>\n\n\n\n<p>Andernfalls findet keine Weitergabe Ihrer Daten statt. Ihre Einwilligung k\u00f6nnen Sie jederzeit mit Wirkung f\u00fcr die Zukunft widerrufen. Senden Sie eine E-Mail an&nbsp;<a href=\"mailto:service@effecty.nl\">service@effecty.nl<\/a><\/p>\n\n\n\n<p>Wenn Sie Fragen hinsichtlich der Verarbeitung Ihrer personenbezogenen Daten haben, wenden Sie sich bitte an den Datenschutzbeauftragten von Effecty:&nbsp;<a href=\"mailto:service@effecty.nl\">service@effecty.nl<\/a><\/p>\n\n\n\n<h2 class=\"wp-block-heading\"><strong>Nutzung von Google Analytics<\/strong><\/h2>\n\n\n\n<p><strong>Nutzung von Google Analytics<\/strong><\/p>\n\n\n\n<p>Wir verwenden Google Analytics, um die Website-Nutzung zu analysieren. Die daraus gewonnenen Daten werden genutzt, um unsere Website sowie Werbema\u00dfnahmen zu optimieren.&nbsp;<\/p>\n\n\n\n<p>Google Analytics ist ein Webanalysedienst, der von&nbsp;<em>Google Inc.<\/em>&nbsp;(1600 Amphitheatre Parkway, Mountain View, CA 94043, United States) betrieben und bereitgestellt wird. Google verarbeitet die Daten zur Website-Nutzung in unserem Auftrag und verpflichtet sich vertraglich zu Ma\u00dfnahmen, um die Vertraulichkeit der verarbeiteten Daten zu gew\u00e4hrleisten.<\/p>\n\n\n\n<p>W\u00e4hrend Ihres Website-Besuchs werden u.a. folgende Daten aufgezeichnet:<\/p>\n\n\n\n<ul class=\"wp-block-list\"><li>Aufgerufene Seiten<\/li><li>Bestellungen inkl. des Umsatzes und der bestellten Produkte<\/li><li>Die Erreichung von &#8222;Website-Zielen&#8220;&nbsp;(z.B. Kontaktanfragen und Newsletter-Anmeldungen)<\/li><\/ul>\n\n\n\n<ul class=\"wp-block-list\"><li>Ihr Verhalten auf den Seiten&nbsp;(beispielsweise Klicks, Scroll-Verhalten und Verweildauer)<\/li><li>Ihr ungef\u00e4hrer Standort (Land und Stadt)<\/li><li>Ihre IP-Adresse (in gek\u00fcrzter Form, sodass keine eindeutige Zuordnung m\u00f6glich ist)<\/li><li>Technische Informationen wie Browser, Internetanbieter, Endger\u00e4t und Bildschirmaufl\u00f6sung<\/li><li>Herkunftsquelle Ihres Besuchs (d.h. \u00fcber welche Website bzw. \u00fcber welches Werbemittel Sie zu uns gekommen sind)<\/li><\/ul>\n\n\n\n<p>Diese Daten werden an einen Server von Google in den USA \u00fcbertragen. Google beachtet dabei die Datenschutzbestimmungen des \u201eEU-US Privacy Shield\u201c-Abkommens.<\/p>\n\n\n\n<p>Google Analytics speichert Cookies in Ihrem Webbrowser f\u00fcr die Dauer von zwei&nbsp;Jahren seit Ihrem letzten Besuch. Diese Cookies enthaltene eine zufallsgenerierte User-ID, mit der Sie bei zuk\u00fcnftigen Website-Besuchen wiedererkannt werden k\u00f6nnen.<\/p>\n\n\n\n<p>Die aufgezeichneten Daten werden zusammen mit der zufallsgenerierten User-ID gespeichert, was die Auswertung pseudonymer Nutzerprofile erm\u00f6glicht.&nbsp;Diese nutzerbezogenen Daten werden automatisch nach 14 Monaten gel\u00f6scht.&nbsp;Sonstige Daten bleiben in aggregierter Form unbefristet gespeichert.<\/p>\n\n\n\n<p>Sollten Sie mit der Erfassung nicht einverstanden sein, k\u00f6nnen Sie diese mit der einmaligen Installation des&nbsp;<a href=\"https:\/\/tools.google.com\/dlpage\/gaoptout?hl=de\" target=\"_blank\" rel=\"noopener\"><strong>Browser-Add-ons zur Deaktivierung von Google Analytics<\/strong><\/a>&nbsp;unterbinden.<\/p>\n\n\n\n<h2 class=\"wp-block-heading\">Google reCAPTCHA<\/h2>\n\n\n\n<p>Auf dieser Website verwenden wir auch die reCAPTCHA Funktion von Google Ireland Limited, Gordon House, 4 Barrow St, Dublin, D04 E5W5, Irland (\u201eGoogle\u201c). Diese Funktion dient vor allem zur Unterscheidung, ob eine Eingabe durch eine nat\u00fcrliche Person erfolgt oder missbr\u00e4uchlich durch maschinelle und automatisierte Verarbeitung erfolgt. Der Dienst umfasst den Versand der IP-Adresse und ggf. weiterer von Google f\u00fcr den Dienst reCAPTCHA ben\u00f6tigter Daten an Google und erfolgt gem\u00e4\u00df Art. 6 Abs. 1 lit. f DSGVO auf Basis unseres berechtigten Interesses an der Feststellung der individuellen Eigenverantwortung im Internet und der Vermeidung von Missbrauch und Spam. Im Rahmen der Nutzung von Google reCAPTCHA kann es auch zu einer \u00dcbermittlung von personenbezogenen Daten an die Server der Google LLC. in den USA kommen.<\/p>\n\n\n\n<p>F\u00fcr den Fall der \u00dcbermittlung von personenbezogenen Daten an die Google LLC. mit Sitz in den USA, hat sich Google LLC. f\u00fcr das us-europ\u00e4ische Datenschutz\u00fcbereinkommen \u201ePrivacy Shield\u201c zertifiziert, welches die Einhaltung des in der EU geltenden Datenschutzniveaus gew\u00e4hrleistet. Ein aktuelles Zertifikat kann hier eingesehen werden: <a href=\"https:\/\/www.privacyshield.gov\/list\" target=\"_blank\" rel=\"noopener\">https:\/\/www.privacyshield.gov\/list<\/a><\/p>\n\n\n\n<p>Weiterf\u00fchrende Informationen zu Google reCAPTCHA sowie die Datenschutzerkl\u00e4rung von Google k\u00f6nnen Sie einsehen unter: <a href=\"https:\/\/www.google.com\/intl\/de\/policies\/privacy\/\" target=\"_blank\" rel=\"noopener\">https:\/\/www.google.com\/intl\/de\/policies\/privacy\/<\/a><\/p>\n\n\n\n<h3 class=\"wp-block-heading\"><strong>Google Tag Manager<\/strong><\/h3>\n\n\n\n<p>Diese Webseite verwendet den Google Tag Manager. Durch diesen Dienst k\u00f6nnen Website-Tags \u00fcber eine Oberfl\u00e4che verwaltet werden. Der Google Tool Manager implementiert lediglich Tags. Das bedeutet: Es werden keine Cookies eingesetzt und es werden keine personenbezogenen Daten erfasst. Der Google Tool Manager l\u00f6st andere Tags aus, die wiederum ggf. Daten erfassen. Jedoch greift der Google Tag Manager nicht auf diese Daten zu. Wurde auf Domain- oder Cookie-Ebene eine Deaktivierung vorgenommen, so bleibt sie f\u00fcr alle Tracking-Tags bestehen, insofern diese mit dem Google Tag Manager implementiert werden.<\/p>\n\n\n\n<h3 class=\"wp-block-heading\">Marketing Automation<\/h3>\n\n\n\n<p>Zur Automatisierung von Aktivit\u00e4ten im Marketing sammeln wir Informationen auf europ\u00e4ischen Server. Dieser Informationen werden genutzt, um Kunden anhand der IP Adresse zu klassifizieren. Die Daten werden nur f\u00fcr eine kurze Zeit aktiv erstellt und gesammelt. Diese Informationen werden in keinem Fall mit einem Drittanbieter geteilt. Die Daten verbleiben auf angemieteten Servern von Effecty B.V. und sollten somit vor dem Gebrauch von Dritten sichern sein. Die erstellten Profile werden ausschlie\u00dflich verwendet, um den User mit relevanten Informationen zu versorgen. <\/p>\n\n\n\n<h3 class=\"wp-block-heading\">Verwendung von Drittanbieter Hotjar<\/h3>\n\n\n\n<p>Effecty B.V. macht Gebrauch von Software des Anbieters Hotjar der Firma Hotjar Limited (Level 2, St Julian\u2019s Business Centre, 3, Elia Zammit Street, St Julian\u2019s STJ 1000, Malta), um Besucherdaten statistisch auszuwerten. Hotjar ist ein Dienst, der das Verhalten und das Feedback von Ihnen als Nutzer auf unserer Webseite durch eine Kombination von Analyse- und Feedback-Tools analysiert. Wir erhalten von Hotjar Berichte und visuelle Darstellungen, die uns zeigen wo und wie Sie sich auf unserer Seite \u201ebewegen\u201c. Personenbezogenen Daten werden automatisch anonymisiert und erreichen niemals die Server von Hotjar. Das hei\u00dft Sie werden als Webseitenbenutzer nicht pers\u00f6nlich identifiziert und wir lernen dennoch vieles \u00fcber Ihr Userverhalten.<\/p>\n\n\n\n<h3 class=\"wp-block-heading\">Welche Daten werden von Hotjar gespeichert?<\/h3>\n\n\n\n<p>W\u00e4hrend Sie durch unsere Webseite surfen, sammelt Hotjar automatisch Informationen \u00fcber Ihr Userverhalten. Um diese Informationen sammeln zu k\u00f6nnen, haben wir auf unserer Webseite einen eigenen Tracking-Code eingebaut. Folgende Daten k\u00f6nnen \u00fcber Ihren Computer beziehungsweise Ihren Browser gesammelt werden:<\/p>\n\n\n\n<ul class=\"wp-block-list\"><li>IP-Adresse Ihres Computers (wird in einem anonymen Format gesammelt und gespeichert)<\/li><li>Bildschirmgr\u00f6\u00dfe<\/li><li>Browserinfos (welcher Browser, welche Version usw.)<\/li><li>Ihr Standort (aber nur das Land)<\/li><li>Ihre bevorzugte Spracheinstellung<\/li><li>Besuchte Webseiten (Unterseiten)<\/li><li>Datum und Uhrzeit des Zugriffs auf eine unserer Unterseiten (Webseiten)<\/li><\/ul>\n\n\n\n<p>Zudem speichern auch Cookies Daten, die auf Ihrem Computer (meist in Ihrem Browser) platziert werden. Darin werden keine personenbezogenen Daten gesammelt. Grunds\u00e4tzlich gibt Hotjar keine gesammelten Daten an Dritte weiter. Hotjar weist allerdings ausdr\u00fccklich darauf hin, dass es manchmal notwendig ist, Daten mit Amazon Web Services zu teilen. Dann werden Teile Ihrer Informationen auf deren Servern gespeichert. Amazon ist aber durch eine Geheimhaltungspflicht gebunden, diese Daten nicht preiszugeben.<\/p>\n\n\n\n<p>Auf die gespeicherten Informationen haben nur eine begrenzte Anzahl an Personen (Mitarbeiter von Hotjar) Zugriff. Die Hotjar-Server sind durch Firewalls und IP-Beschr\u00e4nkungen (Zugriff nur genehmigter IP-Adressen) gesch\u00fctzt. Firewalls sind Sicherheitssysteme, die Computer vor unerw\u00fcnschten Netzwerkzugriffen sch\u00fctzen. Sie sollen als Barriere zwischen dem sicheren internen Netzwerk von Hotjar und dem Internet dienen. Weiters verwendet Hotjar f\u00fcr Ihre Dienste auch Drittunternehmen, wie etwa Google Analytics oder Optimizely. Diese Firmen k\u00f6nnen auch Informationen, die Ihr Browser an unsere Webseite sendet, speichern.<\/p>\n\n\n\n<p>Folgende Cookies werden von Hotjar verwendet. Da wir uns unter anderem auf die Cookie-Liste aus der Datenschutzerkl\u00e4rung von Hotjar unter&nbsp;<a href=\"https:\/\/help.hotjar.com\/hc\/en-us\/articles\/115011789248-Hotjar-Cookies\" target=\"_blank\" rel=\"noreferrer noopener\">https:\/\/www.hotjar.com\/legal\/policies\/cookie-information<\/a>&nbsp;beziehen, liegt nicht bei jedem Cookie ein exemplarischer Wert vor. Die Liste zeigt Beispiele von verwendeten Hotjar-Cookies und erhebt keinen Anspruch auf Vollst\u00e4ndigkeit.<\/p>\n\n\n\n<h3 class=\"wp-block-heading\">Verwendung Drittanbieter Leadfeeder<\/h3>\n\n\n\n<p>Gleichzeitig mit der Nutzung von Hotjar, Google Analytics, Google Tag Manager verwendet diese Website den Dienst Leadfeeder, die von Liidio Oy, Mikonkatu 17, 0100 Helsinki, Finnland, betrieben wird. Leadfeeder greift auf die Liste der von Google Analytics in der Auswertung bereitgestellten IP-Adressen der Websitebesucher zu und verlinkt die Liste der IP-Adressen mit Informationen \u00fcber die Firmen, die im Internet unter diesen IP-Adressen zu finden sind. Aufgrund der schon bei der Nutzung von Google Analytics durchgef\u00fchrten K\u00fcrzung der IP-Adressen der Websitebesucher wird ein direkter Personenbezug nicht hergestellt. Ein Personenbezug kann sich bei der Durchsicht der verlinkten Firmeninformationen vermutungshalber ergeben.<\/p>\n","protected":false},"excerpt":{"rendered":"<p>Bei der Nutzung unserer Dienste werden Sie eventuell um die Angabe pers\u00f6nlicher Informationen gebeten. Die Beantwortung dieser Fragen ist freiwillig. &hellip;<\/p>\n","protected":false},"author":1,"featured_media":0,"parent":0,"menu_order":0,"comment_status":"closed","ping_status":"closed","template":"tl-services.php","meta":{"_acf_changed":false,"footnotes":""},"class_list":["post-1880","page","type-page","status-publish","hentry"],"acf":[],"_links":{"self":[{"href":"https:\/\/effecty.nl\/de\/wp-json\/wp\/v2\/pages\/1880","targetHints":{"allow":["GET"]}}],"collection":[{"href":"https:\/\/effecty.nl\/de\/wp-json\/wp\/v2\/pages"}],"about":[{"href":"https:\/\/effecty.nl\/de\/wp-json\/wp\/v2\/types\/page"}],"author":[{"embeddable":true,"href":"https:\/\/effecty.nl\/de\/wp-json\/wp\/v2\/users\/1"}],"replies":[{"embeddable":true,"href":"https:\/\/effecty.nl\/de\/wp-json\/wp\/v2\/comments?post=1880"}],"version-history":[{"count":0,"href":"https:\/\/effecty.nl\/de\/wp-json\/wp\/v2\/pages\/1880\/revisions"}],"wp:attachment":[{"href":"https:\/\/effecty.nl\/de\/wp-json\/wp\/v2\/media?parent=1880"}],"curies":[{"name":"wp","href":"https:\/\/api.w.org\/{rel}","templated":true}]}}