{"id":1889,"date":"2019-12-13T11:55:54","date_gmt":"2019-12-13T10:55:54","guid":{"rendered":"https:\/\/dev.effecty.nl\/?page_id=1889"},"modified":"2024-10-21T15:49:02","modified_gmt":"2024-10-21T13:49:02","slug":"inspirierendes-buero-effecty-hub73","status":"publish","type":"page","link":"https:\/\/effecty.nl\/de\/uber-effecty\/effecty-kreative-umgebung-buero-im-innovationscenter-hub73\/","title":{"rendered":"Effectys Inspirierendes B\u00fcro"},"content":{"rendered":"\n<h2 class=\"wp-block-heading\"><strong>Office &#8211; Die besten Ideen beginnen in einer inspirierenden Umgebung<\/strong><\/h2>\n\n\n\n<p>Um das Beste aus unseren Mitarbeitern herauszuholen, haben wir ein inspirierendes Umfeld geschaffen. Dadurch wird nicht nur sichergestellt, dass alle mit einem L\u00e4cheln zur Arbeit gehen, sondern auch die Kreativit\u00e4t unseres Teams angeregt. All dies kommt letztlich dem Kunden zugute.<br>Unser B\u00fcro befindet sich im Business Center <strong>HUB73<\/strong>, einem N\u00e4hrboden f\u00fcr Wissen, Innovation und Spitzentalente. <strong>HUB73<\/strong> beherbergt kreative Marketer mit antreibenden Ambitionen. Neun spezialisierte Marketingfirmen, jede mit ihrem eigenen Spezialgebiet, arbeiten zusammen, um Unternehmen f\u00fcr Kunden und neue Mitarbeiter bekannt zu machen. Au\u00dferdem ist es aufgrund seiner Lage direkt an der Autobahn A73 leicht zu erreichen und strategisch gut lokalisiert.<\/p>\n\n\n\n<h2 class=\"wp-block-heading\"><strong>Arbeit im B\u00fcro w\u00e4hrend der Corona Pandemie<\/strong><\/h2>\n\n\n\n<p>Die Nachrichten werden dominiert von Themen, wie Covid19 und die erfolgreiche Eind\u00e4mmung der Pandemie. Besonderer Aufmerksamkeit widmen wir uns dabei der Ma\u00dfnahmen, die von der Regierung ergriffen wurden, um eine Ausbreitung so weit wie m\u00f6glich zu verhindern.&nbsp;<\/p>\n\n\n\n<p>Auch bei Effecty sind wir uns der gegenw\u00e4rtigen Situation bewusst und verfolgen aufmerksam die von der niederl\u00e4ndischen Zentralregierung ergriffenen Ma\u00dfnahmen und die vom RIVM bereitgestellten Informationen.<\/p>\n\n\n\n<p>Nachdem wir mehr als neun Wochen von zu Hause ausgearbeitet haben, machen wir uns langsam bereit, vom Gr\u00fcnderzentrum HUB73 aus wieder an die Arbeit zu gehen. Dabei halten wir pflichtbewusst die RIVM-Richtlinien ein:<\/p>\n\n\n\n<ul class=\"wp-block-list\">\n<li>Wir arbeiten jeden zweiten Tag im B\u00fcro<\/li>\n\n\n\n<li>Streuung der Arbeitszeiten aufgrund des Drucks auf Transport und \u00f6ffentliche Verkehrsmittel<\/li>\n\n\n\n<li>Keine M\u00f6glichkeit f\u00fcr ein gemeinsames Mittagessen auf der Arbeitsebene<\/li>\n\n\n\n<li>Obligatorische Benutzung von eigens eingerichteten Gehwegen und Wartezonen<\/li>\n\n\n\n<li>Benutzung eines Warnsignals bei der Benutzung des engen Treppengel\u00e4ndes<\/li>\n\n\n\n<li>Gesundheitliche Beschwerden = Diese Mitarbeiter bleiben Zuhause<\/li>\n\n\n\n<li>Verwendung von Desinfektionsmitteln<\/li>\n\n\n\n<li>Verwendung eines permanenten Arbeitsplatzes<\/li>\n\n\n\n<li>Benutzung der eigenen Kaffeetasse, Teetasse oder eines eigenen Glases zum Mitnehmen<\/li>\n\n\n\n<li>Der Geschirrsp\u00fcler ist au\u00dfer Betrieb<\/li>\n\n\n\n<li>Minimierung von  physischen Kundenterminen <\/li>\n\n\n\n<li>Termine immer im gro\u00dfen Sprechzimmer<\/li>\n\n\n\n<li>Monatliche Bewertung der Situation<\/li>\n<\/ul>\n\n\n\n<figure class=\"wp-block-image size-large\"><img loading=\"lazy\" decoding=\"async\" width=\"1024\" height=\"341\" src=\"https:\/\/effecty.nl\/wp-content\/uploads\/2020\/03\/effecty-team-1-1024x341.jpg\" alt=\"Effecty Team\" class=\"wp-image-671\" srcset=\"https:\/\/effecty.nl\/wp-content\/uploads\/2020\/03\/effecty-team-1-1024x341.jpg 1024w, https:\/\/effecty.nl\/wp-content\/uploads\/2020\/03\/effecty-team-1-300x100.jpg 300w, https:\/\/effecty.nl\/wp-content\/uploads\/2020\/03\/effecty-team-1-768x256.jpg 768w, https:\/\/effecty.nl\/wp-content\/uploads\/2020\/03\/effecty-team-1.jpg 1200w\" sizes=\"auto, (max-width: 1024px) 100vw, 1024px\" \/><\/figure>\n\n\n\n<p>Nicht nur die Umgebung sorgt daf\u00fcr, dass unsere digitalen <em>Marketer<\/em> ihre Arbeit effektiv erledigen. Bei Effecty arbeiten wir sowohl mit SCRUM als auch mit einer agilen Arbeitsmethodik. Dies gew\u00e4hrleistet eine st\u00e4rkere Konzentration auf den Kunden, die Lieferung von hoher Qualit\u00e4t und eine kontinuierliche Entwicklung des Teams. Unser multidisziplin\u00e4res Team wird zu einer Erweiterung des Marketingteams, zum Marketingmitarbeiter oder <em>Marketer<\/em>.<\/p>\n\n\n\n<p>Neben der Tatsache, dass ein Arbeitsplatz inspirierend sein sollte, ist die Gesundheit unserer digitalen<em> Marketer<\/em> wichtig. Beispielsweise steht jedem Mitglied des Effecty-Teams ein verstellbarer Schreibtisch zur Verf\u00fcgung, um sowohl im Sitzen als auch im Stehen arbeiten zu k\u00f6nnen. Dar\u00fcber hinaus ist es m\u00f6glich, w\u00e4hrend der Arbeit sich kurzseitig sportlich zu bet\u00e4tigen, um danach konzentrierter an Projekten weiterarbeiten zu k\u00f6nnen.<\/p>\n\n\n\n<p>Sind Sie neugierig auf unser B\u00fcro oder unser Unternehmen? Sie sind herzlich willkommen. Wir laden Sie gerne zu einer Tasse Kaffee und einer F\u00fchrung ein. W\u00fcrden Sie in der Tat gerne in dieser inspirierenden Umgebung arbeiten? Werfen Sie einen Blick auf unsere Stellenangebote, und wer wei\u00df, vielleicht arbeiten Sie schon bald in unserem hochmotivierten Team mit!<\/p>\n\n\n\n<div class=\"wp-block-button\"><a class=\"wp-block-button__link wp-element-button\" href=\"mailto:service@effecty.nl\">Plannen Sie Ihr erstes Meeting zum Kennenlernen!<\/a><\/div>\n\n\n\n<p><\/p>\n","protected":false},"excerpt":{"rendered":"<p>Office &#8211; Die besten Ideen beginnen in einer inspirierenden Umgebung Um das Beste aus unseren Mitarbeitern herauszuholen, haben wir ein &hellip;<\/p>\n","protected":false},"author":1,"featured_media":667,"parent":1854,"menu_order":0,"comment_status":"closed","ping_status":"closed","template":"tl-services.php","meta":{"_acf_changed":false,"footnotes":""},"class_list":["post-1889","page","type-page","status-publish","has-post-thumbnail","hentry"],"acf":[],"_links":{"self":[{"href":"https:\/\/effecty.nl\/de\/wp-json\/wp\/v2\/pages\/1889","targetHints":{"allow":["GET"]}}],"collection":[{"href":"https:\/\/effecty.nl\/de\/wp-json\/wp\/v2\/pages"}],"about":[{"href":"https:\/\/effecty.nl\/de\/wp-json\/wp\/v2\/types\/page"}],"author":[{"embeddable":true,"href":"https:\/\/effecty.nl\/de\/wp-json\/wp\/v2\/users\/1"}],"replies":[{"embeddable":true,"href":"https:\/\/effecty.nl\/de\/wp-json\/wp\/v2\/comments?post=1889"}],"version-history":[{"count":2,"href":"https:\/\/effecty.nl\/de\/wp-json\/wp\/v2\/pages\/1889\/revisions"}],"predecessor-version":[{"id":13629,"href":"https:\/\/effecty.nl\/de\/wp-json\/wp\/v2\/pages\/1889\/revisions\/13629"}],"up":[{"embeddable":true,"href":"https:\/\/effecty.nl\/de\/wp-json\/wp\/v2\/pages\/1854"}],"wp:featuredmedia":[{"embeddable":true,"href":"https:\/\/effecty.nl\/de\/wp-json\/wp\/v2\/media\/667"}],"wp:attachment":[{"href":"https:\/\/effecty.nl\/de\/wp-json\/wp\/v2\/media?parent=1889"}],"curies":[{"name":"wp","href":"https:\/\/api.w.org\/{rel}","templated":true}]}}