{"id":1903,"date":"2020-07-10T10:35:23","date_gmt":"2020-07-10T08:35:23","guid":{"rendered":"https:\/\/dev.effecty.nl\/?page_id=1903"},"modified":"2021-04-08T15:33:36","modified_gmt":"2021-04-08T13:33:36","slug":"data","status":"publish","type":"page","link":"https:\/\/effecty.nl\/de\/dienstleistungen\/data\/","title":{"rendered":"Data"},"content":{"rendered":"\n<h2 class=\"wp-block-heading\">Data Driven Marketing<\/h2>\n\n\n\n<p>M\u00f6chten Sie fundierter Optionen abw\u00e4gen k\u00f6nnen oder auf Informationen basierte Entscheidungen treffen?<\/p>\n\n\n\n<p>Dazu ben\u00f6tigen Sie eine vertrauensw\u00fcrdige Informationsquelle. Wo bei Google Analytics nur r\u00fcckwirkend die Nutzerbewegung nachvollzogen werden kann. K\u00f6nnen Sie mit den richtigen Werkzeugen einen Einblick in zukunftsgewandte Prognosen erhalten und Bed\u00fcrfnisse der Zielgruppe eruieren. Dies bedeutet einen noch tieferen Einblick in die Kundeninformationen, Informationen zu Webseiten Besuchern und Statistiken zu Kampagnen.<\/p>\n\n\n\n<h3 class=\"wp-block-heading\">Daten versorgen Sie mit neuen Informationen<\/h3>\n\n\n\n<p>Durch kontinuierliche Nutzung von Datamanagement Plattformen kann die Kommunikation im Marketing personalisiert werden. Allein durch die Verwendung von Data-Driven Marketing wird die Positionierung des Kunden zunehmend zentralisiert. Anhand von Daten kann im Gegenteil zum klassischen Marketing, eine Kommunikation ohne effektiven Stimulus, im Data-Driven Marketing verhindert werden. Weiterf\u00fchrend macht es Data-Driven Marketing m\u00f6glich gezielt Segment anzusteuern und die Botschaft mit kundenrelevanten Informationen zu f\u00fcllen.<\/p>\n\n\n\n\n\n<h3 class=\"wp-block-heading\">Sorgen Sie f\u00fcr eine klare Struktur in Ihrem Datenpool<\/h3>\n\n\n\n<p>Big Data ist ein stark aufkommendes Ph\u00e4nomen und es bietet sehr viele weitreichende M\u00f6glichkeiten. Bedauernswert ist es dabei, dass es in einigen F\u00e4llen sich nicht sehr einfach gestaltet die notwendigen Elemente zu implementieren. Wir empfehlen Ihnen dabei im ersten Schritt zu untersuchen, welche Informationsquellen zu diesem Zeitpunkt dem Unternehmen zug\u00e4nglich sind und welcher Teil dieser Informationen Relevanz aufweist, um Marketingziele zu erreichen. Eine Datenmanagementplattform kann sich dabei als n\u00fctzliches Werkzeug erweisen, um n\u00fctzliche Daten zu versammeln. Das Data Management Programm ist dabei eine vereinfachte, visualisierte Darstellung, um Hintergrunddaten zu den einzelnen Key Performance Indikatoren zu erhalten und um potenzielle Zusammenh\u00e4nge identifizieren zu k\u00f6nnen.<\/p>\n\n\n\n<ul class=\"wp-block-list\"><li>Datamanagement platform<\/li><li>Google Data Studio<\/li><li>CRM<\/li><\/ul>\n\n\n\n<p>Sind die sich noch nicht sicher, wie Sie Data-Driven Marketing f\u00fcr Ihr spezielles Unternehmen verwirklichen k\u00f6nnen? Setzen Sie sich in Verbindung mit unserem Data-Analysten Luc.<\/p>\n\n\n\n<p><a href=\"mailto:luc@effecty.nl\">luc@effecty.nl<\/a><\/p>\n","protected":false},"excerpt":{"rendered":"<p>Data Driven Marketing M\u00f6chten Sie fundierter Optionen abw\u00e4gen k\u00f6nnen oder auf Informationen basierte Entscheidungen treffen? Dazu ben\u00f6tigen Sie eine vertrauensw\u00fcrdige &hellip;<\/p>\n","protected":false},"author":3,"featured_media":593,"parent":1852,"menu_order":0,"comment_status":"closed","ping_status":"closed","template":"","meta":{"_acf_changed":false,"footnotes":""},"class_list":["post-1903","page","type-page","status-publish","has-post-thumbnail","hentry"],"acf":[],"_links":{"self":[{"href":"https:\/\/effecty.nl\/de\/wp-json\/wp\/v2\/pages\/1903","targetHints":{"allow":["GET"]}}],"collection":[{"href":"https:\/\/effecty.nl\/de\/wp-json\/wp\/v2\/pages"}],"about":[{"href":"https:\/\/effecty.nl\/de\/wp-json\/wp\/v2\/types\/page"}],"author":[{"embeddable":true,"href":"https:\/\/effecty.nl\/de\/wp-json\/wp\/v2\/users\/3"}],"replies":[{"embeddable":true,"href":"https:\/\/effecty.nl\/de\/wp-json\/wp\/v2\/comments?post=1903"}],"version-history":[{"count":0,"href":"https:\/\/effecty.nl\/de\/wp-json\/wp\/v2\/pages\/1903\/revisions"}],"up":[{"embeddable":true,"href":"https:\/\/effecty.nl\/de\/wp-json\/wp\/v2\/pages\/1852"}],"wp:featuredmedia":[{"embeddable":true,"href":"https:\/\/effecty.nl\/de\/wp-json\/wp\/v2\/media\/593"}],"wp:attachment":[{"href":"https:\/\/effecty.nl\/de\/wp-json\/wp\/v2\/media?parent=1903"}],"curies":[{"name":"wp","href":"https:\/\/api.w.org\/{rel}","templated":true}]}}