{"id":1909,"date":"2020-07-10T09:35:21","date_gmt":"2020-07-10T07:35:21","guid":{"rendered":"https:\/\/dev.effecty.nl\/?page_id=1909"},"modified":"2021-04-08T15:46:50","modified_gmt":"2021-04-08T13:46:50","slug":"strategy","status":"publish","type":"page","link":"https:\/\/effecty.nl\/de\/dienstleistungen\/strategy\/","title":{"rendered":"Strategy"},"content":{"rendered":"\n<p>Der Webauftritt wird zunehmend von allen Akteuren professioneller gestaltet. Die meisten Felder im Online Sektor sind somit von gro\u00dfen Unternehmen belegt. Die Attraktivit\u00e4t in der E-Commerce Branche sind aufgrund starker Wettbewerber, sowie Amazon, enorm gesunken.<\/p>\n\n\n\n<h2 class=\"wp-block-heading\">Die Zeiten des Goldgr\u00e4bers sind vorbei<\/h2>\n\n\n\n<p>In allen Branchen nimmt die Konkurrenz online verst\u00e4rkt zu und die Webseite ist gerade im Business to Consumer und in der Dienstleistung ein zentraler Aspekt zur Erreichung der Kunden. Auf der anderen Seite nehmen die M\u00f6glichkeiten im Bereich Online zu. Die intelligente Verkn\u00fcpfung von Kundendaten biete es an, den Kunden viel pers\u00f6nlicher ansprechen zu k\u00f6nnen. Um das Potential in der Digitalisierung aussch\u00f6pfen zu k\u00f6nnen Bedarf es einer Strategie. Als Online Marketing Agentur sind wir \u00fcberzeugt von der Wichtigkeit eines strategischen Fundamentes im Bereich Online f\u00fcr jede Organisation. In diesem strategischen Fundament k\u00f6nnen Ver\u00e4nderungen eingewebt werden, um so schlank und dynamisch auf ein schnell ver\u00e4nderndes Umfeld reagieren zu k\u00f6nnen.<\/p>\n\n\n\n<p>Aus unserer Perspektive besteht eine durchdachte Strategie ausfolgenden Punkten:<\/p>\n\n\n\n<ul class=\"wp-block-list\"><li>Bestimmung der Zielgruppe<\/li><li>Optimierung des Produktes oder Services<\/li><li>Aufbau einer starken Marke<\/li><li>Ein Bewusstsein schaffen f\u00fcr die Customer Journey<\/li><\/ul>\n\n\n\n<p>Gesamtheitlich sind alle Punkte unabdingbar f\u00fcr ein strategisches Fundament, mit dem die Marketinginstrumente genauestens bestimmt werden k\u00f6nnen. Aus diesem Grund pr\u00e4ferieren wir einen gesamtheitlichen L\u00f6sungsansatz, anstelle kleinerer und ineffektiver Ver\u00e4nderungen.<\/p>\n\n\n\n<h3 class=\"wp-block-heading\">Sorgen Sie f\u00fcr eine starke Strategie<\/h3>\n\n\n\n<p>Mit einer scharfsinnigen Strategie k\u00f6nnen Sie das Wachstum Ihrer digitalen Organisation managen. Dies erm\u00f6glicht f\u00fcr Sie, schl\u00fcssige Prognosen abzugeben, um f\u00fcr Ihr Unternehmen die geeignetste Innovation zu entwickeln. Eine scharfsinnige Strategie macht den Unterschied aus zwischen dem Erreichen von Ergebnissen und der positiven Differenzierung zu Konkurrenten. Wir f\u00fchren Sie gerne daran, neue Aspekte in Ihrem Gesch\u00e4ftsprozess, kennenzulernen.<\/p>\n\n\n\n<ul class=\"wp-block-list\"><li>Digital Marketing Strategie<\/li><li>Lead Generierung Strategie<\/li><li>Innovation<\/li><li>Growth hacking Strategie<\/li><li>Branding &amp; Image<\/li><li>Customer journey Optimierung<\/li><\/ul>\n\n\n\n<p>Folgende Ansprechpartner stehen f\u00fcr Sie bereit:<strong> Geert,<\/strong> <strong>Pascal <\/strong>&amp; <strong>Veerle<\/strong><\/p>\n\n\n\n<p><a href=\"mailto:geert@effecty.nl\">geert@effecty.nl<\/a> | <a href=\"mailto:pascal@effecty.nl\">pascal@effecty.nl<\/a> | <a href=\"mailto:veerle@effecty.nl\">veerle@effecty.nl<\/a><\/p>\n","protected":false},"excerpt":{"rendered":"<p>Der Webauftritt wird zunehmend von allen Akteuren professioneller gestaltet. Die meisten Felder im Online Sektor sind somit von gro\u00dfen Unternehmen &hellip;<\/p>\n","protected":false},"author":3,"featured_media":638,"parent":1852,"menu_order":0,"comment_status":"closed","ping_status":"closed","template":"","meta":{"_acf_changed":false,"footnotes":""},"class_list":["post-1909","page","type-page","status-publish","has-post-thumbnail","hentry"],"acf":[],"_links":{"self":[{"href":"https:\/\/effecty.nl\/de\/wp-json\/wp\/v2\/pages\/1909","targetHints":{"allow":["GET"]}}],"collection":[{"href":"https:\/\/effecty.nl\/de\/wp-json\/wp\/v2\/pages"}],"about":[{"href":"https:\/\/effecty.nl\/de\/wp-json\/wp\/v2\/types\/page"}],"author":[{"embeddable":true,"href":"https:\/\/effecty.nl\/de\/wp-json\/wp\/v2\/users\/3"}],"replies":[{"embeddable":true,"href":"https:\/\/effecty.nl\/de\/wp-json\/wp\/v2\/comments?post=1909"}],"version-history":[{"count":0,"href":"https:\/\/effecty.nl\/de\/wp-json\/wp\/v2\/pages\/1909\/revisions"}],"up":[{"embeddable":true,"href":"https:\/\/effecty.nl\/de\/wp-json\/wp\/v2\/pages\/1852"}],"wp:featuredmedia":[{"embeddable":true,"href":"https:\/\/effecty.nl\/de\/wp-json\/wp\/v2\/media\/638"}],"wp:attachment":[{"href":"https:\/\/effecty.nl\/de\/wp-json\/wp\/v2\/media?parent=1909"}],"curies":[{"name":"wp","href":"https:\/\/api.w.org\/{rel}","templated":true}]}}