{"id":1912,"date":"2020-07-10T10:00:32","date_gmt":"2020-07-10T08:00:32","guid":{"rendered":"https:\/\/dev.effecty.nl\/?page_id=1912"},"modified":"2021-04-08T15:28:13","modified_gmt":"2021-04-08T13:28:13","slug":"brand-identity","status":"publish","type":"page","link":"https:\/\/effecty.nl\/de\/dienstleistungen\/brand-identity\/","title":{"rendered":"Brand Identity"},"content":{"rendered":"\n<h2 class=\"wp-block-heading\">Es war einmal &#8211; Once upon a time<\/h2>\n\n\n\n<p>Marken unterscheiden sich durch ihre Geschichten und der Ausstrahlungskraft auf Menschen. Eine sehr starke Kundenbindung passiert auf geteilten \u00dcberzeugungen und Sorgen. Kennen wir die Sorgen unserer Kunden?<\/p>\n\n\n\n<p>Sind die Sorgen bekannt so k\u00f6nnen wir proaktiv vorab diese entsch\u00e4rfen und das Vertrauen unserer Kunden steigern. In jedem Fall kann sich eine starke Kundenbindung nur aufbauen, wenn das Unternehmen seine Markenidentit\u00e4t detailliert ausarbeitet. Folgernd w\u00e4hlen Konsumenten bewusst Marken, welche \u00dcberscheidungen mit einer idealen Pers\u00f6nlichkeit aufweist und Sie inspirieren.<\/p>\n\n\n\n<h3 class=\"wp-block-heading\">Schl\u00fcsselelemente f\u00fcr eine starke Markenidentit\u00e4t<\/h3>\n\n\n\n<p>Die Brand Identity umfasst die tiefsten \u00dcberzeugungen, Ideale und das Zukunftsszenario einer Marke. Die Essenz Ihrer Marke ist die zentrale Differenzierung f\u00fcr Ihre Markenprodukte. Daraus resultierend sollte die Essenz \u00dcberschneidungen zu allen T\u00e4tigkeiten im Rahmen der Markenpolitik aufweisen. So umfasst es die Strategie, \u00fcber alle Touchpoints und Markenerlebnisse, Marketing Kampagnen bis hin zu Social Media Marketing. Die Markenidentit\u00e4t definiert die Konzentration auf wichtige Markenelemente und gibt die Richtung vor. Dabei ist es wichtig, dass alle Touchpoints des Kunden bekannt sind. Die User Experience (UX) auf der Unternehmenswebseite ist ein bedeutender Faktor, da die eigene Webseite durch Ihre unmittelbare Erreichbarkeit einen wichtigen Touchpoint darstellt. Die Kundenerfahrung (UX), hervorgehoben durch die Webseite, unterliegt dort teils dem Halo-Effekt. Von der subjektiven Wahrnehmung der Webseiten Erscheinung schlie\u00dft der User schnell auf die Qualit\u00e4t s\u00e4mtlicher Produkte und verankert daran die Seriosit\u00e4t Ihrer Unternehmung.<\/p>\n\n\n\n<figure class=\"wp-block-image size-large\"><img loading=\"lazy\" decoding=\"async\" width=\"1024\" height=\"341\" src=\"https:\/\/effecty.nl\/wp-content\/uploads\/2020\/03\/Effecty-Office-1024x341.jpg\" alt=\"Effecty Office\" class=\"wp-image-667\" srcset=\"https:\/\/effecty.nl\/wp-content\/uploads\/2020\/03\/Effecty-Office-1024x341.jpg 1024w, https:\/\/effecty.nl\/wp-content\/uploads\/2020\/03\/Effecty-Office-300x100.jpg 300w, https:\/\/effecty.nl\/wp-content\/uploads\/2020\/03\/Effecty-Office-768x256.jpg 768w, https:\/\/effecty.nl\/wp-content\/uploads\/2020\/03\/Effecty-Office.jpg 1200w\" sizes=\"auto, (max-width: 1024px) 100vw, 1024px\" \/><\/figure>\n\n\n\n<p>Die Brand Identity sollte im Idealfall von allen Teilen der Organisation eingeatmet werden. Sie str\u00f6mt durch die Adern und findet sich wieder in jeder Aktivit\u00e4t, Idee und Beurteilung.&nbsp; Durch eine l\u00fcckenlose Implementierung wirkt das Unternehmen in alle Richtungen glaubhaft und die Markenpolitik kann erfolgversprechend weitergef\u00fchrt werden.<\/p>\n\n\n\n<h3 class=\"wp-block-heading\">M\u00f6chten Sie selbstst\u00e4ndig ihre Markenidentit\u00e4t entwickeln?<\/h3>\n\n\n\n<p>Sind Sie gewillt selbst die Markenidentit\u00e4t herauszuarbeiten? Bestimmen Sie zuerst f\u00fcr welchen Wert und welche \u00dcberzeugung Ihr Unternehmen stehen soll und analysieren Sie m\u00f6gliche Differenzierungsmerkmale. Zudem ist es wichtig, dass die Markenidentit\u00e4t einen <em>Added Value<\/em> f\u00fcr die Zielgruppe bietet. Zudem sollte sich die Zielgruppe, in der kreierten Markenidentit\u00e4t, wieder erkennen. Die Devise lautet, dass durch eine durchdachte Identit\u00e4t die Kommunikationsbotschaften viel \u00fcberzeugender wirken.<\/p>\n\n\n\n<h3 class=\"wp-block-heading\">D\u00fcrfen wir Sie unterst\u00fctzen?<\/h3>\n\n\n\n<p>Simon Sinek hat R\u00fcckschl\u00fcsse aus der Markenidentit\u00e4t von Apple gewonnen und analysiert, warum das Unternehmen so begeistert auf seine Kundschaft wirkt. Unter dem Beitrag Simon Sinek\u2019s Golden Circle wird beschrieben wie Apple die Punkte Warum, Wie und Was in ihrer Kommunikation ausf\u00fcllt. <\/p>\n\n\n\n<p>Wir unterst\u00fctzen Sie gerne bei dem Umsetzen folgender Aufgaben:<\/p>\n\n\n\n<ul class=\"wp-block-list\"><li>Brand story<\/li><li>Digital identity<\/li><li>Value propositon<\/li><\/ul>\n\n\n\n<p>D\u00fcrfen wir Ihnen dazu wertvolle Analysen und Methoden aufweisen. Lernen Sie unseren UX Designer Sjoerd und unsere Content-Marketerien Sophie kennen.<\/p>\n\n\n\n<p><a href=\"mailto:sjoerd@effecty.nl\">sjoerd@effecty.nl<\/a> | <a href=\"mailto:sophie@effecty.nl\">sophie@effecty.nl<\/a><\/p>\n","protected":false},"excerpt":{"rendered":"<p>Es war einmal &#8211; Once upon a time Marken unterscheiden sich durch ihre Geschichten und der Ausstrahlungskraft auf Menschen. Eine &hellip;<\/p>\n","protected":false},"author":3,"featured_media":639,"parent":1852,"menu_order":0,"comment_status":"closed","ping_status":"closed","template":"tl-services.php","meta":{"_acf_changed":false,"footnotes":""},"class_list":["post-1912","page","type-page","status-publish","has-post-thumbnail","hentry"],"acf":[],"_links":{"self":[{"href":"https:\/\/effecty.nl\/de\/wp-json\/wp\/v2\/pages\/1912","targetHints":{"allow":["GET"]}}],"collection":[{"href":"https:\/\/effecty.nl\/de\/wp-json\/wp\/v2\/pages"}],"about":[{"href":"https:\/\/effecty.nl\/de\/wp-json\/wp\/v2\/types\/page"}],"author":[{"embeddable":true,"href":"https:\/\/effecty.nl\/de\/wp-json\/wp\/v2\/users\/3"}],"replies":[{"embeddable":true,"href":"https:\/\/effecty.nl\/de\/wp-json\/wp\/v2\/comments?post=1912"}],"version-history":[{"count":0,"href":"https:\/\/effecty.nl\/de\/wp-json\/wp\/v2\/pages\/1912\/revisions"}],"up":[{"embeddable":true,"href":"https:\/\/effecty.nl\/de\/wp-json\/wp\/v2\/pages\/1852"}],"wp:featuredmedia":[{"embeddable":true,"href":"https:\/\/effecty.nl\/de\/wp-json\/wp\/v2\/media\/639"}],"wp:attachment":[{"href":"https:\/\/effecty.nl\/de\/wp-json\/wp\/v2\/media?parent=1912"}],"curies":[{"name":"wp","href":"https:\/\/api.w.org\/{rel}","templated":true}]}}