{"id":1921,"date":"2020-07-10T10:10:05","date_gmt":"2020-07-10T08:10:05","guid":{"rendered":"https:\/\/dev.effecty.nl\/?page_id=1921"},"modified":"2024-04-08T13:19:12","modified_gmt":"2024-04-08T11:19:12","slug":"user-experience-ux","status":"publish","type":"page","link":"https:\/\/effecty.nl\/de\/dienstleistungen\/user-experience-ux\/","title":{"rendered":"User Experience (UX)"},"content":{"rendered":"\n<h2 class=\"wp-block-heading\"><strong>Das intelligente Design der Zukunft<\/strong><\/h2>\n\n\n\n<p>Viele Websites und Apps werden entwickelt aus der Perspektive der Organisation, ohne Kenntnisse \u00fcber das Nutzungsverhalten der User. Was haben Sie von einer sch\u00f6nen Webseite, wenn die Zielgruppe diese Webseite nicht intuitive steuern kann? Genau, leider haben Sie damit keine effiziente Webseite. Das taktische Entwickeln oder die Optimierung der User Experience ist essenziell f\u00fcr ein gutes Kundenerlebnis (UX).<\/p>\n\n\n\n<h3 class=\"wp-block-heading\">Was beinhaltet die optimale Kundenerfahrung?<\/h3>\n\n\n\n<p>UX oder die Nutzererfahrung beinhaltet die Art und Weise, wie ein Kunde ein Produkt nutzt oder empfindet.<\/p>\n\n\n\n<p>Dies beinhaltet zum Beispiel, wie ein K\u00e4ufer seine neuen Sneakers vom Tragekomfort beurteilt und wie sich die Schuhe beim Laufen anf\u00fcllen. Dies kann aber auch ebenso die Erfahrung im komplizierten Online-Bestellprozess betreffen oder die einfache Reservierung f\u00fcr den n\u00e4chsten Familienurlaub. Dies klingt logisch und einfach, jedoch in Wirklichkeit ist dies alles ein St\u00fcck komplizierter.<\/p>\n\n\n\n<h3 class=\"wp-block-heading\">Der UX-Entwicklungsprozess <\/h3>\n\n\n\n<p>Das Entwickeln oder Verbessern des UX-Designs ist ein ganzer Prozess. Innerhalb dieses Prozesses durchl\u00e4uft der UX-Designer eine bestimmte Anzahl von Schritten und lehrt dabei die Bed\u00fcrfnisse der User zu verstehen, sodass er diese R\u00fcckschl\u00fcsse nutzen kann. Mit diesen Erkenntnissen kann das Konzept der Plattform, Produkt oder Dienstleistung datenbasiert auf die Bed\u00fcrfnisse der Kunden zugeschnitten werden. Durch die wiederkehrende Wiederholung dieses Prozesses kann die Nutzererfahrung fortlaufend verbessert werden.<\/p>\n\n\n\n<p>Simpel formuliert ist der <a href=\"https:\/\/effecty.nl\/de\/dienstleistungen\/analytics\/\">UX-Entwicklungsprozess<\/a> ein interaktiver und durchlaufender Prozess, welcher aus folgenden Teilen besteht: Untersuchung der Nutzung, entwickeln von Verbesserungsvorschl\u00e4gen und testen beziehungsweise konzipieren der neuen Anpassungen. In unserem UX-Lab arbeiten unsere Spezialisten mit vielf\u00e4ltigen Werkzeugen, um die Erfahrung des Nutzers vollst\u00e4ndig zu erfassen. Zu greifen wir zur\u00fcck auf <a href=\"https:\/\/effecty.nl\/de\/eye-tracking-folgen-sie-den-augenbewegungen\/\" target=\"_blank\" aria-label=\"undefined (opent in een nieuwe tab)\" rel=\"noreferrer noopener\">Eye-Tracking<\/a> und Heat Mapping.<\/p>\n\n\n\n<h3 class=\"wp-block-heading\">Kundenerfahrung sollte auch offline verbessert werden<\/h3>\n\n\n\n<p>UX-Design hat nicht nur eine Bedeutung f\u00fcr Websites oder Applikationen. Es findet ebenfalls Verwendung in der Anpassung des Designs von Produkten und Dienstleistungen. Haben Sie Schwierigkeiten hiermit zu beginnen? Unsere UX-Spezialisten stehen bereit, um mit Ihnen einen echten Wettbewerbsvorteil zu erschaffen.<\/p>\n\n\n\n<ul class=\"wp-block-list\">\n<li>UX-Optimierung<\/li>\n\n\n\n<li>Konversion Optimierung<\/li>\n\n\n\n<li>Rapid prototyping<\/li>\n<\/ul>\n","protected":false},"excerpt":{"rendered":"<p>Das intelligente Design der Zukunft Viele Websites und Apps werden entwickelt aus der Perspektive der Organisation, ohne Kenntnisse \u00fcber das &hellip;<\/p>\n","protected":false},"author":3,"featured_media":593,"parent":1852,"menu_order":0,"comment_status":"closed","ping_status":"closed","template":"","meta":{"_acf_changed":false,"footnotes":""},"class_list":["post-1921","page","type-page","status-publish","has-post-thumbnail","hentry"],"acf":[],"_links":{"self":[{"href":"https:\/\/effecty.nl\/de\/wp-json\/wp\/v2\/pages\/1921","targetHints":{"allow":["GET"]}}],"collection":[{"href":"https:\/\/effecty.nl\/de\/wp-json\/wp\/v2\/pages"}],"about":[{"href":"https:\/\/effecty.nl\/de\/wp-json\/wp\/v2\/types\/page"}],"author":[{"embeddable":true,"href":"https:\/\/effecty.nl\/de\/wp-json\/wp\/v2\/users\/3"}],"replies":[{"embeddable":true,"href":"https:\/\/effecty.nl\/de\/wp-json\/wp\/v2\/comments?post=1921"}],"version-history":[{"count":1,"href":"https:\/\/effecty.nl\/de\/wp-json\/wp\/v2\/pages\/1921\/revisions"}],"predecessor-version":[{"id":11339,"href":"https:\/\/effecty.nl\/de\/wp-json\/wp\/v2\/pages\/1921\/revisions\/11339"}],"up":[{"embeddable":true,"href":"https:\/\/effecty.nl\/de\/wp-json\/wp\/v2\/pages\/1852"}],"wp:featuredmedia":[{"embeddable":true,"href":"https:\/\/effecty.nl\/de\/wp-json\/wp\/v2\/media\/593"}],"wp:attachment":[{"href":"https:\/\/effecty.nl\/de\/wp-json\/wp\/v2\/media?parent=1921"}],"curies":[{"name":"wp","href":"https:\/\/api.w.org\/{rel}","templated":true}]}}