{"id":1924,"date":"2020-07-10T10:14:47","date_gmt":"2020-07-10T08:14:47","guid":{"rendered":"https:\/\/dev.effecty.nl\/?page_id=1924"},"modified":"2021-04-08T15:39:04","modified_gmt":"2021-04-08T13:39:04","slug":"campaign","status":"publish","type":"page","link":"https:\/\/effecty.nl\/de\/dienstleistungen\/campaign\/","title":{"rendered":"Kampagnen"},"content":{"rendered":"\n<h2 class=\"wp-block-heading\"><strong>Digital Kampagnen mit guter Performance<\/strong><\/h2>\n\n\n\n<p>Wissen Sie was Ihre Kunden suchen und ben\u00f6tigen? Wann ist der ideale Zeitpunkt, um Ihnen einen speziellen Dienst anzubieten? Jeder Kunde durchl\u00e4uft eine eigene Kundenerfahrung beim online Kauf von einem Produkt oder einer Dienstleistung. Zunehmend mehr Touchpoints k\u00f6nnen vor der eigentlichen Kaufentscheidung identifiziert werden. Die Zentralisierung des Kunden wird immer wichtiger.<\/p>\n\n\n\n<h3 class=\"wp-block-heading\">Das Fundament<\/h3>\n\n\n\n<p>Online Marketing ist dynamisch und stark beeinflusst durch technische Entwicklungen, eine neuartige Herangehensweise ist in ein paar Monaten nicht mehr Stand der Dinge. Das Konstrukt dahinter ist dabei jedoch best\u00e4ndig: Sichtbarkeit und Differenzierung sind die zentralen Eckpfeiler. Angereichert mit einer durchdachten und effektiven Kommunikation zur Erreichung der Zielgruppe, sind sie ein Garant f\u00fcr zielorientierte Resultate. Der Launch von Marketingkampagnen ist wichtig zum Beleben der Marke und wertvoll zum Verbessern der Markenbekanntheit, Leads und Umsatz. In einer Online Marketing Kampagne werden diverse Werkzeuge zur Optimierung der Online Pr\u00e4sens geb\u00fcndelt und f\u00fcr einen bestimmten Zeitraum intensiv mit relevanten Inhalten f\u00fcr den User versorgt.<\/p>\n\n\n\n<figure class=\"wp-block-image size-large\"><img loading=\"lazy\" decoding=\"async\" width=\"1024\" height=\"341\" src=\"https:\/\/effecty.nl\/wp-content\/uploads\/2020\/03\/effecty-meeting-1024x341.jpg\" alt=\"Effecty Meeting\" class=\"wp-image-670\" srcset=\"https:\/\/effecty.nl\/wp-content\/uploads\/2020\/03\/effecty-meeting-1024x341.jpg 1024w, https:\/\/effecty.nl\/wp-content\/uploads\/2020\/03\/effecty-meeting-300x100.jpg 300w, https:\/\/effecty.nl\/wp-content\/uploads\/2020\/03\/effecty-meeting-768x256.jpg 768w, https:\/\/effecty.nl\/wp-content\/uploads\/2020\/03\/effecty-meeting.jpg 1200w\" sizes=\"auto, (max-width: 1024px) 100vw, 1024px\" \/><\/figure>\n\n\n\n<h3 class=\"wp-block-heading\">Wie erreichen Sie Ihr Publikum erfolgreich?<\/h3>\n\n\n\n<p>Erfolgreiche Kampagnen starten mit einer packenden Botschaft, pr\u00e4zisen Zielsetzung und einem ausgepr\u00e4gten Bewusstsein f\u00fcr die Zielgruppe.&nbsp; Es bestehen unz\u00e4hlige M\u00f6glichkeiten, um Ihr Publikum online zu erreichen und so f\u00fcr Ihre Marke zu gewinnen. Mittels dem Kundenerlebnis, Markenidentit\u00e4t und in Kombination mit einem Kundenprofil bringen wir die richtigen Werkzeuge mit, um machtvoll online zu werben. Ob es sich nun um Suchmaschinen Marketing (SEA) handelt, Social Media Marketing, E-Mail-Marketing oder Marktplatz-Optimierung: Wir sind aufgrund unserer Erfahrung \u00fcberzeugt, dass eine gute Kampagne basierend auf Daten und Kreativit\u00e4t der Schl\u00fcssel zu nachhaltigem Erfolg.&nbsp; Darauf steuern wir hin, damit Sie online wachsen k\u00f6nnen.<\/p>\n\n\n\n<ul class=\"wp-block-list\"><li>Suchmaschinen Marketing<\/li><li>Social-Media Marketing<\/li><li>E-Mailmarketing<\/li><li>Display Advertising<\/li><li>Kampagnen<\/li><li>Marktplatz optimieren<\/li><\/ul>\n\n\n\n<p>Lerne unsere Marketers <strong>Frauke<\/strong> und <strong>Luc <\/strong>kennen.<\/p>\n\n\n\n<p><a href=\"mailto:frauke@effecty.nl\">frauke@effecty.nl<\/a> | <a href=\"mailto:luc@effecty.nl\">luc@effecty.nl<\/a><\/p>\n","protected":false},"excerpt":{"rendered":"<p>Digital Kampagnen mit guter Performance Wissen Sie was Ihre Kunden suchen und ben\u00f6tigen? Wann ist der ideale Zeitpunkt, um Ihnen &hellip;<\/p>\n","protected":false},"author":3,"featured_media":641,"parent":1852,"menu_order":0,"comment_status":"closed","ping_status":"closed","template":"tl-services.php","meta":{"_acf_changed":false,"footnotes":""},"class_list":["post-1924","page","type-page","status-publish","has-post-thumbnail","hentry"],"acf":[],"_links":{"self":[{"href":"https:\/\/effecty.nl\/de\/wp-json\/wp\/v2\/pages\/1924","targetHints":{"allow":["GET"]}}],"collection":[{"href":"https:\/\/effecty.nl\/de\/wp-json\/wp\/v2\/pages"}],"about":[{"href":"https:\/\/effecty.nl\/de\/wp-json\/wp\/v2\/types\/page"}],"author":[{"embeddable":true,"href":"https:\/\/effecty.nl\/de\/wp-json\/wp\/v2\/users\/3"}],"replies":[{"embeddable":true,"href":"https:\/\/effecty.nl\/de\/wp-json\/wp\/v2\/comments?post=1924"}],"version-history":[{"count":0,"href":"https:\/\/effecty.nl\/de\/wp-json\/wp\/v2\/pages\/1924\/revisions"}],"up":[{"embeddable":true,"href":"https:\/\/effecty.nl\/de\/wp-json\/wp\/v2\/pages\/1852"}],"wp:featuredmedia":[{"embeddable":true,"href":"https:\/\/effecty.nl\/de\/wp-json\/wp\/v2\/media\/641"}],"wp:attachment":[{"href":"https:\/\/effecty.nl\/de\/wp-json\/wp\/v2\/media?parent=1924"}],"curies":[{"name":"wp","href":"https:\/\/api.w.org\/{rel}","templated":true}]}}