{"id":1936,"date":"2020-07-10T10:29:29","date_gmt":"2020-07-10T08:29:29","guid":{"rendered":"https:\/\/dev.effecty.nl\/?page_id=1936"},"modified":"2021-04-08T15:43:38","modified_gmt":"2021-04-08T13:43:38","slug":"projektmanagement","status":"publish","type":"page","link":"https:\/\/effecty.nl\/de\/dienstleistungen\/projektmanagement\/","title":{"rendered":"Projektmanagement"},"content":{"rendered":"\n<h2 class=\"wp-block-heading\"><strong>Agile ist die neue K\u00f6nigsdisziplin<\/strong><\/h2>\n\n\n\n<p>Der Online Marketer muss schnell auf Ver\u00e4nderungen im Markt reagieren k\u00f6nnen und aufkommende Trends und darauf basierende Bed\u00fcrfnisse identifizieren k\u00f6nnen. Zeit ist im Online Marketing der gr\u00f6\u00dfte Gegenspieler. Die digitale Entwicklung nimmt rasant an Tempo zu. Traditionelle Methoden und Organisation der Unternehmensf\u00fchrung k\u00f6nnen dort nur bedingt erfolgreich performen. Es bedarf mehr Flexibilit\u00e4t und Anpassungsverm\u00f6gen und eine praktische Handhabung.<\/p>\n\n\n\n<p>Eine agile Lieferkette (Agile Supply Chain) und die Methodiken von SCRUM erm\u00f6glichen die Etablierung von mehr Flexibilit\u00e4t innerhalb des Unternehmens. SCRUM beruht auf Erkenntnisse von Jeff Sutherland und Ken Schwaber. SCRUM ist eine Arbeitsmethodik, um komplexe Problemstellungen zu l\u00f6sen, worunter auch das Potenzial von eigenst\u00e4ndigen Teams, die in kurzen Sprints agieren, aussch\u00f6pft. SCRUM erm\u00f6glicht es effektiver eine Produktidee zu vervollst\u00e4ndigen oder andere Verbesserungen herausarbeiten.&nbsp; Im Prozess werden so erste Entw\u00fcrfe sehr schnell entwickelt, um dann durch Feedback diesen Entwurf zu pr\u00e4zisieren und fortw\u00e4hrend eine h\u00f6here Entwicklungsstufe zu erreichen.&nbsp; Dies erm\u00f6glicht die Perspektive des Kunden mit ins Projekt zu integrieren, im Lernprozess bessere Qualit\u00e4t und Entwicklung des Teams zu entwickeln. Diese multifunktionalen Teams bilden eine Erweiterung zur bestehenden Marketingabteilung.<\/p>\n\n\n\n<figure class=\"wp-block-image is-style-default\"><img decoding=\"async\" src=\"https:\/\/effecty.nl\/wp-content\/uploads\/2020\/03\/effecty-kantoor-1-1024x341.jpg\" alt=\"Effecty Kantoor\"\/><\/figure>\n\n\n\n<h3 class=\"wp-block-heading\">Wir arbeiten schon lange mit Agile und SCRUM<\/h3>\n\n\n\n<p>Effecty arbeite, seit der Gr\u00fcndungsphase, nach diesem Framework von SCUM. Diese Methode des Projektmanagements biete f\u00fcr Effecty eine hohe Flexibilit\u00e4t und schafft so die effektive Bew\u00e4ltigung von Kundenauftr\u00e4gen. Im fr\u00fchen Stadium jedes Auftrages werden Meilensteine und Auftragspakete definiert, um die getreu dem Netzplan die p\u00fcnktliche Bearbeitung des Auftrages zu leisten.<\/p>\n\n\n\n<ul class=\"wp-block-list\"><li>Agile<\/li><li>SCRUM<\/li><li>Value vs. Effort<\/li><\/ul>\n\n\n\n<p>Vernetze Sie sich mit unseren Kundenbetreuern <strong>Pascal <\/strong>&amp; <strong>Veerle<\/strong> oder unserem zertifizierten SCRUM-Master <strong>Klaas<\/strong>.<\/p>\n\n\n\n<p><a href=\"mailto:pascal@effecty.nl\">pascal@effecty.nl<\/a> | <a href=\"mailto:veerle@effecty.nl\">veerle@effecty.nl<\/a> | <a href=\"mailto:klaas@effecty.nl\">klaas@effecty.nl<\/a><\/p>\n\n\n","protected":false},"excerpt":{"rendered":"<p>Agile ist die neue K\u00f6nigsdisziplin Der Online Marketer muss schnell auf Ver\u00e4nderungen im Markt reagieren k\u00f6nnen und aufkommende Trends und &hellip;<\/p>\n","protected":false},"author":3,"featured_media":650,"parent":1852,"menu_order":0,"comment_status":"closed","ping_status":"closed","template":"","meta":{"_acf_changed":false,"footnotes":""},"class_list":["post-1936","page","type-page","status-publish","has-post-thumbnail","hentry"],"acf":[],"_links":{"self":[{"href":"https:\/\/effecty.nl\/de\/wp-json\/wp\/v2\/pages\/1936","targetHints":{"allow":["GET"]}}],"collection":[{"href":"https:\/\/effecty.nl\/de\/wp-json\/wp\/v2\/pages"}],"about":[{"href":"https:\/\/effecty.nl\/de\/wp-json\/wp\/v2\/types\/page"}],"author":[{"embeddable":true,"href":"https:\/\/effecty.nl\/de\/wp-json\/wp\/v2\/users\/3"}],"replies":[{"embeddable":true,"href":"https:\/\/effecty.nl\/de\/wp-json\/wp\/v2\/comments?post=1936"}],"version-history":[{"count":0,"href":"https:\/\/effecty.nl\/de\/wp-json\/wp\/v2\/pages\/1936\/revisions"}],"up":[{"embeddable":true,"href":"https:\/\/effecty.nl\/de\/wp-json\/wp\/v2\/pages\/1852"}],"wp:featuredmedia":[{"embeddable":true,"href":"https:\/\/effecty.nl\/de\/wp-json\/wp\/v2\/media\/650"}],"wp:attachment":[{"href":"https:\/\/effecty.nl\/de\/wp-json\/wp\/v2\/media?parent=1936"}],"curies":[{"name":"wp","href":"https:\/\/api.w.org\/{rel}","templated":true}]}}