{"id":3556,"date":"2021-06-09T14:27:14","date_gmt":"2021-06-09T12:27:14","guid":{"rendered":"https:\/\/effecty.nl\/?page_id=3556"},"modified":"2021-08-02T13:29:49","modified_gmt":"2021-08-02T11:29:49","slug":"ubersetzer-deutsch-holland","status":"publish","type":"page","link":"https:\/\/effecty.nl\/de\/ubersetzer-deutsch-holland\/","title":{"rendered":"\u00dcbersetzer Deutsch \/ Holland"},"content":{"rendered":"\n<p>Die Wahl eines \u00dcbersetzers f\u00fcr die \u00dcbersetzung von deutschen Inhalten zu holl\u00e4ndischen Inhalten ist eine schnelle L\u00f6sung. Die w\u00f6rtliche \u00dcbersetzung von Inhalten kosten in der Regel weniger Zeit als die Erstellung von schriftlichem Content. Da Gedanken und Sinn der Aussagen nicht mehr bedacht werden m\u00fcssen. Der \u00dcbersetzer kann sich rein auf das \u00dcbersetzen der Inhalte in die deutsche Sprache konzentrieren. Der \u00dcbersetzer h\u00e4lt sich dabei meist sehr genau an der Anordnung der schriftlichen Inhalte und \u00fcbersetzt diese Inhalte sehr genau. Die \u00dcbersetzung ist dabei die schnellste M\u00f6glichkeit, damit auch fremde Muttersprachler die Texte verstehen kann. Da der Inhalt schon vorab geschrieben ist, bedarf es auch nur noch einer Kontrolle der Rechtschreibung und Grammatik am Ende Fertigstellung der \u00dcbersetzung.<\/p>\n\n\n\n<figure class=\"wp-block-image size-large\"><img loading=\"lazy\" decoding=\"async\" width=\"1024\" height=\"683\" src=\"https:\/\/effecty.nl\/wp-content\/uploads\/2020\/04\/photo-1512758017271-d7b84c2113f1-1024x683.jpeg\" alt=\"Content Prozess - Kein \u00dcbersetzer\" class=\"wp-image-1539\" srcset=\"https:\/\/effecty.nl\/wp-content\/uploads\/2020\/04\/photo-1512758017271-d7b84c2113f1-1024x683.jpeg 1024w, https:\/\/effecty.nl\/wp-content\/uploads\/2020\/04\/photo-1512758017271-d7b84c2113f1-300x200.jpeg 300w, https:\/\/effecty.nl\/wp-content\/uploads\/2020\/04\/photo-1512758017271-d7b84c2113f1-768x512.jpeg 768w, https:\/\/effecty.nl\/wp-content\/uploads\/2020\/04\/photo-1512758017271-d7b84c2113f1.jpeg 1350w\" sizes=\"auto, (max-width: 1024px) 100vw, 1024px\" \/><figcaption>Sachtest ist einer der 12 Content-Gruppe &#8211; Auf welche Content-Gruppe konzentrieren Sie sich?<\/figcaption><\/figure>\n\n\n\n<h2 class=\"wp-block-heading\">Welche Nachteile werden bei der Wahl eines \u00dcbersetzers vergessen?<\/h2>\n\n\n\n<p>Die Wahl einer reinen \u00dcbersetzung und damit die Beauftragung einer \u00dcbersetzung birgt die Gefahr, dass Sie nicht konkurrenzf\u00e4hige Inhalte erstellen. Die Inhalte sind dann auch nicht f\u00fcr ein bestimmtes Schl\u00fcsselbegriff (Keyword) erstellt und damit ist die erste Bedienung f\u00fcr ein gutes Ranking in den Suchergebnissen nicht erf\u00fcllt. Zumal wird dadurch auch nicht ber\u00fccksichtigt, dass Menschen in einem anderen Land ein v\u00f6llig anderes Bed\u00fcrfnis haben nach relevanten Informationen. Dies erm\u00f6glicht Ihnen in einem digitalen Jahrhundert nicht die gr\u00f6\u00dftm\u00f6gliche Reichweite zu erzielen. Zudem sind die Inhalte nicht zugeschnitten auf eine Zielgruppe.<\/p>\n\n\n\n<p>Ihre Inhalte sind zwar verst\u00e4ndlich, jedoch verf\u00fcgen \u00fcber eine gro\u00dfe Schwachstelle. Die Inhalte transferieren einen fremden Gedanken und beachten dabei nicht, dass eine fremde Kultur durch eine v\u00f6llige andere Kombination aus Bild, Text und Videoinhalten sich angesprochen f\u00fchlt. Verdeutlichen Sie sich bitte dabei, dass Ihre Inhalte 24 Stunden in der Woche aufgerufen werden k\u00f6nnen. Qualitativ hochwertige und durchdachte Inhalte arbeiten dabei aktiv f\u00fcr Sie und tragen damit deutlich besser zur Zielerreichung bei. Ihre Inhalte erzeugen dabei passiv einen Mehrwert durch die Erzeugung von positiven Brand Impression und der Sichtbarkeit in den Suchergebnissen von Google. Sie erwirtschaften mit genau angepassten Inhalten h\u00f6here Ertr\u00e4ge. Ein \u00dcbersetzer  wurde dabei in der ersten Linie nicht mit der Anpassung des Contents an die Zielgruppe beauftrag. Er verf\u00fcgt auch nicht \u00fcber das Wissen, um hier spezifisch auch Content nur f\u00fcr die Zielgruppe schreiben zu k\u00f6nnen. <\/p>\n\n\n\n<h2 class=\"wp-block-heading\">Woran k\u00f6nnen wir sehr guten Content identifizieren?<\/h2>\n\n\n\n<p>\u00dcberzeugender Content auf einer Webseite folgt einer logischen Reihenfolge. Nicht nur der logische Aufbau von Inhalten, sondern viele weitere Aspekte werden bei ausgezeichneten Inhalten beachtet. Es wird entsprechend der <a href=\"https:\/\/effecty.nl\/de\/grosserer-einblick-in-die-zielgruppe\/\">Zielgruppe<\/a> ein ansprechender Mix aus Content verwendet. Entscheidende Details werden mit einem Foto nochmals verdeutlicht. Die Bilder unterst\u00fctzen den Text, indem ein komplexes Detail verst\u00e4ndlicher visualisiert wird.<\/p>\n\n\n\n<p>Entsprechend der Zielgruppe werden passende Nuancen verarbeitet und einzelne Bereiche des Textes werden deutlich ausgebreiteter besprochen. Der Content wird damit relevant f\u00fcr die <a href=\"https:\/\/effecty.nl\/de\/grosserer-einblick-in-die-zielgruppe\/\">Zielgruppe<\/a>, da bewusst Ankn\u00fcpfungspunkte implementiert wurden.<\/p>\n\n\n\n<p>Der Content \u00fcberrascht uns positiv. Der Leser findet alle gesuchten Informationen, ohne danach aktiv suchen zu m\u00fcssen. Dies sorgt f\u00fcr einen Aussto\u00df von Dopamine. Wir belohnen uns f\u00fcr die erfolgreiche Suche von Informationen. Wir verbinden das Unternehmen teils bewusst, teils unbewusst mit dieser positiven Erinnerung.<\/p>\n\n\n\n<h2 class=\"wp-block-heading\">Warum sollten Sie ein komplettes Konzept verfolgen sollten?<\/h2>\n\n\n\n<p>Sie k\u00f6nnen nur erfolgreich sein auf einem fremden Markt, wenn Sie herausstechen. Dazu z\u00e4hlt die positiven Eigenschaften Ihres Produktes oder Dienstleistung so zu transferieren, dass eine fremde Nationalit\u00e4t Sie wirklich begreift, im Ged\u00e4chtnis abspeichern und bei der Kaufentscheidung wieder ins Ged\u00e4chtnis wachrufen. Schlussendlich brauchen Sie relevanten <a href=\"https:\/\/effecty.nl\/de\/dienstleistungen\/content-creation\/\">Content<\/a>, der ein Problem des Kunden beleuchtet und verdeutlicht, dass dieses Problem mit diesem Produkt gel\u00f6st werden kann. Ein \u00dcbersetzer kann dies nicht gew\u00e4hrleisten. Die \u00dcbersetzung greift dabei einen nicht <a href=\"https:\/\/effecty.nl\/de\/grosserer-einblick-in-die-zielgruppe\/\">zielgruppenorientierter<\/a> Sachverhalt auf und erreicht den Leser nur auf der Sachebene. <\/p>\n\n\n\n<p>Der User \u00fcberfliegt den Text und entdeckt kein Sprachmuster, welches eine zugeschnittene L\u00f6sung impliziert. Der Benutzer verl\u00e4sst die Webseite. In diesem Moment hart sich ein Mitbewerber mit einer Wahrscheinlichkeit von 90 Prozent f\u00fcr einen heimischen Konkurrenten entschieden. Jede Nationalit\u00e4t verf\u00fcgt dabei \u00fcber andere Auspr\u00e4gungen. Niederl\u00e4nder m\u00f6chten emotional angesprochen werden und das Verdeutlichen einer sehr ansprechenden Umgebung ist entscheidend. Der Niederl\u00e4nder stellt dabei v\u00f6llig andere Fragen. Sie interessieren sich f\u00fcr das Erlebnis. Nat\u00fcrlich interessieren sich Sie auf f\u00fcr ein gutes Preis-Leistungsverh\u00e4ltnis. Jedoch sind hier \u00fcberzeugende Argumente verkn\u00fcpft mit Nutzen nicht mit der Vorstellung von Argumente in Deutschland zu vergleichen. &nbsp;<\/p>\n\n\n\n<h2 class=\"wp-block-heading\">Wie k\u00f6nnen wir Sie hier bei unterst\u00fctzen?<\/h2>\n\n\n\n<figure class=\"wp-block-image size-large\"><img loading=\"lazy\" decoding=\"async\" width=\"1024\" height=\"341\" src=\"https:\/\/effecty.nl\/wp-content\/uploads\/2020\/03\/diensten-effecty-email-marketing-1024x341.jpg\" alt=\"\u00dcbersetzer Holland Deutsch\" class=\"wp-image-661\" srcset=\"https:\/\/effecty.nl\/wp-content\/uploads\/2020\/03\/diensten-effecty-email-marketing-1024x341.jpg 1024w, https:\/\/effecty.nl\/wp-content\/uploads\/2020\/03\/diensten-effecty-email-marketing-300x100.jpg 300w, https:\/\/effecty.nl\/wp-content\/uploads\/2020\/03\/diensten-effecty-email-marketing-768x256.jpg 768w, https:\/\/effecty.nl\/wp-content\/uploads\/2020\/03\/diensten-effecty-email-marketing.jpg 1200w\" sizes=\"auto, (max-width: 1024px) 100vw, 1024px\" \/><figcaption>Content l\u00f6st Emotionen aus &#8211; \u00dcbersetzen Sie keine Inhalte, sondern konzipieren Sie neu.<\/figcaption><\/figure>\n\n\n\n<p>Wir sind keine \u00dcbersetzer und sind \u00fcberzeugt, dass dies der richtige Weg ist. Unser Ansporn ist es durch stetige Verbesserung ganz nah an das maximal erreichbare Ergebnis ranzukommen. In einem intensiven Prozess aus Recherche, Erstellen von Prototypen und Test-Phasen haben wir Modelle entwickelt, damit wir Ihr deutsches Unternehmen erfolgreich auf einem niederl\u00e4ndischen Markt positionieren k\u00f6nnen. Als Marketing Agentur kennen wir den <a href=\"https:\/\/effecty.nl\/de\/dienstleistungen\/content-creation\/\">Wert Ihres Contents<\/a>. Wir m\u00f6chten Sie zuerst sensibilisieren, dass viele Unternehmen die Thematik Content nicht ausreichend bearbeiten. Danach m\u00f6chten wir Ihnen aufzeigen, dass es zur Erreichung einer anderen Nationalit\u00e4t ein Konzept braucht, worin einige Anpassungen definiert sind.<\/p>\n\n\n\n<p>Der Respekt und die genaue Kenntnis Ihres Unternehmens ist dabei entscheidend f\u00fcr die reibungslose Umsetzung einer Anpassung in Nuancen Ihrer wichtigsten Verkaufsargumente und Markeninhalte. Wir ver\u00e4ndern dabei nicht Ihre Identit\u00e4t, sondern verdeutlichen nur andere Bestandteile Ihrer Positionierung in den Niederlanden.<\/p>\n\n\n\n<p>Wir bauen digitale Br\u00fccken im digitalen Marketing. Dies tun wir nicht nur zwischen Kulturen und unterschiedlichen Nationalit\u00e4ten, sondern auch zwischen Fachgebieten.<\/p>\n\n\n\n<p>Sind Sie interessiert neue M\u00f6glichkeiten Ihres Contents und Ihres Ansatzes im Digital Marketing zu entdecken, dann kontaktieren Sie uns bitte jetzt!<\/p>\n","protected":false},"excerpt":{"rendered":"<p>Die Wahl eines \u00dcbersetzers f\u00fcr die \u00dcbersetzung von deutschen Inhalten zu holl\u00e4ndischen Inhalten ist eine schnelle L\u00f6sung. Die w\u00f6rtliche \u00dcbersetzung &hellip;<\/p>\n","protected":false},"author":3,"featured_media":0,"parent":0,"menu_order":0,"comment_status":"closed","ping_status":"closed","template":"tl-services.php","meta":{"_acf_changed":false,"footnotes":""},"class_list":["post-3556","page","type-page","status-publish","hentry"],"acf":[],"_links":{"self":[{"href":"https:\/\/effecty.nl\/de\/wp-json\/wp\/v2\/pages\/3556","targetHints":{"allow":["GET"]}}],"collection":[{"href":"https:\/\/effecty.nl\/de\/wp-json\/wp\/v2\/pages"}],"about":[{"href":"https:\/\/effecty.nl\/de\/wp-json\/wp\/v2\/types\/page"}],"author":[{"embeddable":true,"href":"https:\/\/effecty.nl\/de\/wp-json\/wp\/v2\/users\/3"}],"replies":[{"embeddable":true,"href":"https:\/\/effecty.nl\/de\/wp-json\/wp\/v2\/comments?post=3556"}],"version-history":[{"count":0,"href":"https:\/\/effecty.nl\/de\/wp-json\/wp\/v2\/pages\/3556\/revisions"}],"wp:attachment":[{"href":"https:\/\/effecty.nl\/de\/wp-json\/wp\/v2\/media?parent=3556"}],"curies":[{"name":"wp","href":"https:\/\/api.w.org\/{rel}","templated":true}]}}