{"id":8461,"date":"2022-01-26T12:40:48","date_gmt":"2022-01-26T11:40:48","guid":{"rendered":"https:\/\/effecty.nl\/?page_id=8461"},"modified":"2024-10-21T15:40:12","modified_gmt":"2024-10-21T13:40:12","slug":"ux-whitepaper-nutzererlebnis-optimieren","status":"publish","type":"page","link":"https:\/\/effecty.nl\/de\/bringen-sie-ihr-ux-wissen-auf-die-naechste-stufe\/","title":{"rendered":"Bringen Sie Ihr Wissen im Bereich UX auf das n\u00e4chste Level:"},"content":{"rendered":"\n<p>Das Nutzererlebnis (User Experience &#8211; abgek\u00fcrzt UX) hat einen gro\u00dfen Einfluss auf die Kennziffern Ihrer Webseite. Das Nutzererlebnis baut sich dabei zusammen aus verschiedenen Teilen, so kann es die Einfachheit der Bedienung sein, Deutlichkeit des Themas auf der Webseite sein, oder die \u00dcbersichtlichkeit der Themen auf der Webseite. Sollten Sie diese Punkte vorher nicht beachtet haben oder sich dar\u00fcber ein klares Bild gemacht haben, dann kann dies ein Hauptgrund sein daf\u00fcr, dass Nutzer Ihre Webseite kaum Beachtung schenken.<\/p>\n\n\n\n<p>Eine verschenkte Chance! In diesem UX Whitepaper werden wir auf die Facetten eingehen und Ihnen M\u00f6glichkeiten zur Verbesserung des Nutzererlebnisses vorstellen. Auch sollten Sie von der Relevanz eventuell nicht vollst\u00e4ndig \u00fcberzeugt sein, so werden Sie in jedem Fall ein deutlich besseres Verst\u00e4ndnis gewinnen und etwas lernen k\u00f6nnen.<\/p>\n\n\n\n<p>Mit Ihrem zus\u00e4tzlichen Wissen \u00fcber UX sind Sie in der Lage die eigene Webseite zu untersuchen oder den Mitarbeiter in der betreffenden Fachabteilung zu briefen. So k\u00f6nnen Sie sich jedoch auch entscheiden eine spezialisierte Agentur, so als Effecty zu engagieren, um gemeinsam mit einem Psychologen auf die h\u00f6chste Stufe der Optimierung zu bringen. Letztendlich werden mehr Menschen Ihr Corporate Webseite aufgrund der Freundlichkeit in der Bedienung und Anpassung an den Nutzer, sich intensiver mit Ihren Themen und konkreten L\u00f6sung besch\u00e4ftigen. Dies f\u00f6rdert die Kenntnisse von Nutzern und erh\u00f6ht zu die Chance zu einer Kontaktaufnahme oder einer konkreten Empfehlung. Mit diesen Ma\u00dfnahmen steigern Sie das Potenzial Ihres Unternehmens und die Entwicklung. Selbst ein kleiner Effekt auf die Konvertierung von Interessenten zu tats\u00e4chlichen Kunden (CR) bedeutet einen st\u00e4rke Generierung von Leads und dies wiederum f\u00fchrt schlussendlich zu mehr Kunden und mehr digitalen Erfolg!<\/p>\n\n\n\n<p>Diese Themen werden Sie durch unseren Whitepaper erlernen:<\/p>\n\n\n\n<ul class=\"wp-block-list\">\n<li>Aus welchen Elementen UX besteht<\/li>\n\n\n\n<li>Was die konkreten Vorteile einer guten UX sind<\/li>\n\n\n\n<li>Wie man UX-Forschung betreibt<\/li>\n\n\n\n<li>Wie sie eine Hypothese f\u00fcr einen A\/B-Test aufstellen<\/li>\n\n\n\n<li>Welche Tools Sie verwenden k\u00f6nnen, um die UX zu verbessern<\/li>\n<\/ul>\n\n\n\n<p><\/p>\n\n\n\n<script type=\"text\/javascript\">\n    function verifyCallback_41ac9e872aba1c13a0c567f0dc97943b( response ) {\n        document.getElementById(\"mauticform_input_whitepaperux2022germany_recaptcha1\").value = response;\n    }\n    function onLoad41ac9e872aba1c13a0c567f0dc97943b() { \n        grecaptcha.execute('6LdJCWolAAAAAM7-Rd7EfNLeeT0z4ALrimdxRZ0K', {action: 'form'}).then(function(token) {\n            verifyCallback_41ac9e872aba1c13a0c567f0dc97943b(token);\n         }); \n    }\n<\/script>\n<script src=\"https:\/\/www.google.com\/recaptcha\/api.js?onload=onLoad41ac9e872aba1c13a0c567f0dc97943b&amp;render=6LdJCWolAAAAAM7-Rd7EfNLeeT0z4ALrimdxRZ0K\"><\/script>\n\n\n<style type=\"text\/css\" scoped=\"\">\n    #uxwhitepapergermany_form_wrapper {width: 100%; background: #070020; padding: 50px 30px; margin: 0;}\n    #mauticform_wrapper_whitepaperux2022germany.mauticform_wrapper { max-width: 600px; margin: 10px auto;}\n    #mauticform_wrapper_whitepaperux2022germany h2, #mauticform_wrapper_whitepaperux2022germany p {color: #fff;}\n    #mauticform_wrapper_whitepaperux2022germany p {padding-bottom: 20px;}\n    .mauticform-innerform {}\n    .mauticform-post-success {}\n    .mauticform-name { font-weight: bold; font-size: 1.5em; margin-bottom: 3px; }\n    .mauticform-description { margin-top: 2px; margin-bottom: 10px; }\n    .mauticform-error { margin-bottom: 10px; color: red; }\n    #mauticform_wrapper_whitepaperux2022germany .mauticform-message { margin: -30px 0 30px; color: #d20062;\nfont-size: 2rem;\nline-height: 2.5rem;\nborder-radius: 5px;\nfont-family: \"Nexa Bold\",\"Old Standard TT\",-apple-system,BlinkMacSystemFont,\"Segoe UI\",Roboto,\"Helvetica Neue\",Arial,sans-serif;}\n    .mauticform-row { display: block; margin-bottom: 1rem; }\n    .mauticform-label { font-size: 1.1em; display: block; font-weight: bold; margin-bottom: 5px; }\n    .mauticform-row.mauticform-required .mauticform-label:after { color: #e32; content: \" *\"; display: inline; }\n    .mauticform-checkboxgrp-row {margin: 0; padding: 0;}\n    .mauticform-helpmessage { display: block; font-size: 0.9em; margin-bottom: 3px; }\n    .mauticform-errormsg { display: block; color: #dc3545; margin-top: 0.25rem; font-size: 80%; font-family: \"Old Standard TT\",-apple-system,BlinkMacSystemFont,\"Segoe UI\",Roboto,\"Helvetica Neue\",Arial,sans-serif;}\n    #mauticform_wrapper_whitepaperux2022germany .mauticform-selectbox { width: 100%; padding: 0.75rem 1rem; border: none; border-radius: 0.2rem; background: #fff; box-sizing: border-box; height: calc(1.8em + 1.5rem + 4px);}\n    #mauticform_wrapper_whitepaperux2022germany .mauticform-input, .mauticform-textarea {\n  \t\t\tdisplay: block;\n  \t\t\twidth: 100%;\n  \t\t\tpadding: 0.75rem 1rem;\n  \t\t\tfont-family: \"Old Standard TT\",-apple-system,BlinkMacSystemFont,\"Segoe UI\",Roboto,\"Helvetica Neue\",Arial,sans-serif;\n  \t\t\tfont-size: 1rem;\n  \t\t\tfont-weight: 400;\n  \t\t\tline-height: 1.8;\n  \t\t\tborder: none;\n  \t\t\tborder-radius: 0.2rem;\n  \t\t\tbox-shadow: none !important;\n  \t\t\tcolor: #070020;\n  \t}\n  \t.mauticform-input {height: calc(1.8em + 1.5rem + 4px);}\n  \t.mauticform-textarea {height: auto;}\n  \t.mauticform-has-error .mauticform-input, .mauticform-has-error .mauticform-textarea {\n  \t\t\tborder-color: #dc3545;\n  \t\t\tpadding-right: calc(1.8em + 1.5rem);\n  \t\t\tbackground-image: url(\"data:image\/svg+xml,%3csvg xmlns='http:\/\/www.w3.org\/2000\/svg' fill='%23dc3545' viewBox='-2 -2 7 7'%3e%3cpath stroke='%23dc3545' d='M0 0l3 3m0-3L0 3'\/%3e%3ccircle r='.5'\/%3e%3ccircle cx='3' r='.5'\/%3e%3ccircle cy='3' r='.5'\/%3e%3ccircle cx='3' cy='3' r='.5'\/%3e%3c\/svg%3E\");\n  \t\t\tbackground-repeat: no-repeat;\n  \t\t\tbackground-position: center right calc(0.45em + 0.375rem);\n  \t\t\tbackground-size: calc(0.9em + 0.75rem) calc(0.9em + 0.75rem);\n  \t}\n  \t#mauticform_wrapper_whitepaperux2022germany button.btn-default {\n  \t\tbackground: #21256b url(https:\/\/effecty.nl\/wp-content\/themes\/effecty\/images\/pattern.jpg) center;\n  \t\tbackground-size: cover;\n  \t\t-webkit-transition: all .1s ease-in-out;\n  \t\ttransition: all .1s ease-in-out;\n  \t\tbox-shadow: none!important;\n  \t\tcursor: pointer;\n  \t\toutline: 0!important;\n  \t\tpadding: 1rem 1.75rem;\n  \t\tfont-family: \"Nexa Bold\",\"Old Standard TT\",-apple-system,BlinkMacSystemFont,\"Segoe UI\",Roboto,\"Helvetica Neue\",Arial,sans-serif;\n  \t\tfont-weight: 500;\n  \t\tborder-radius: 4rem;\n  \t\tborder: 0;\n  \t\tcolor: #fff;\n  \t\ttext-align: center;\n  \t\tvertical-align: middle;\n  \t\tuser-select: none;\n  \t\tfont-size: 1rem;\n  line-height: 1.8;\n  float: none !important;}\n  \t\tbutton.btn-default:after {font-family: \"Font Awesome 5 Pro\";\n  \tfont-weight: 900;\n  \tcontent: \"\\f178\";\n  \tmargin-left: 1.5rem;}\n  \t\t.mauticform-pagebreak-wrapper .mauticform-pagebreak { display: inline-block;margin-bottom: 0;font-weight: 600;text-align: center;vertical-align: middle;cursor: pointer;background-image: none;border: 1px solid transparent;white-space: nowrap;padding: 6px 12px;font-size: 13px;line-height: 1.3856;border-radius: 3px;-webkit-user-select: none;-moz-user-select: none;-ms-user-select: none;user-select: none;}\n  \t.mauticform-pagebreak-wrapper .mauticform-button-wrapper {  display: inline; }\n    .mauticform-radiogrp-label {color: #fff;}\n<\/style>\n\n<div id=\"uxwhitepapergermany_form_wrapper\">\n\n<div id=\"mauticform_wrapper_whitepaperux2022germany\" class=\"mauticform_wrapper\">\n  <h2>M\u00f6chten Sie unseren UX Whitepaper empfangen?<\/h2>\n  <p>F\u00fcllen Sie unterstehendes Formular aus und empfangen Sie direkt den aktuellen UX Whitepaper von Effecty in Ihrer E-Mailbox!<\/p>\n    <form autocomplete=\"false\" role=\"form\" method=\"post\" action=\"https:\/\/automation.effecty.nl\/form\/submit?formId=13\" id=\"mauticform_whitepaperux2022germany\" data-mautic-form=\"whitepaperux2022germany\" enctype=\"multipart\/form-data\">\n        <div class=\"mauticform-error\" id=\"mauticform_whitepaperux2022germany_error\"><\/div>\n        <div class=\"mauticform-message\" id=\"mauticform_whitepaperux2022germany_message\"><\/div>\n        <div class=\"mauticform-innerform\">\n\n\n          <div class=\"mauticform-page-wrapper mauticform-page-1\" data-mautic-form-page=\"1\">\n\n            <div id=\"mauticform_whitepaperux2022germany_voornaam\" data-validate=\"voornaam\" data-validation-type=\"text\" class=\"mauticform-row mauticform-text mauticform-field-1 mauticform-required\">\n                <input id=\"mauticform_input_whitepaperux2022germany_voornaam\" name=\"mauticform[voornaam]\" value=\"\" placeholder=\"Vorname*\" class=\"mauticform-input\" type=\"text\">\n                <span class=\"mauticform-errormsg\" style=\"display: none;\">F\u00fcllen Sie hier Ihren Namen ein<\/span>\n            <\/div>\n\n            <div id=\"mauticform_whitepaperux2022germany_achternaam\" data-validate=\"achternaam\" data-validation-type=\"text\" class=\"mauticform-row mauticform-text mauticform-field-2 mauticform-required\">\n                <input id=\"mauticform_input_whitepaperux2022germany_achternaam\" name=\"mauticform[achternaam]\" value=\"\" placeholder=\"Nachname*\" class=\"mauticform-input\" type=\"text\">\n                <span class=\"mauticform-errormsg\" style=\"display: none;\">F\u00fcllen Sie Ihren Namen ein.<\/span>\n            <\/div>\n\n            <div id=\"mauticform_whitepaperux2022germany_bedrijfsnaam\" data-validate=\"bedrijfsnaam\" data-validation-type=\"text\" class=\"mauticform-row mauticform-text mauticform-field-3 mauticform-required\">\n                <input id=\"mauticform_input_whitepaperux2022germany_bedrijfsnaam\" name=\"mauticform[bedrijfsnaam]\" value=\"\" placeholder=\"Ihr Unternehmen*\" class=\"mauticform-input\" type=\"text\">\n                <span class=\"mauticform-errormsg\" style=\"display: none;\">F\u00fcllen Sie Ihren Unternehmensnamen ein.<\/span>\n            <\/div>\n\n            <div id=\"mauticform_whitepaperux2022germany_email\" data-validate=\"email\" data-validation-type=\"text\" class=\"mauticform-row mauticform-text mauticform-field-4 mauticform-required\">\n                <input id=\"mauticform_input_whitepaperux2022germany_email\" name=\"mauticform[email]\" value=\"\" placeholder=\"E-Mail*\" class=\"mauticform-input\" type=\"text\">\n                <span class=\"mauticform-errormsg\" style=\"display: none;\">F\u00fcllen Sie Ihre E-Mail Adresse ein.\n<\/span>\n            <\/div>\n\n\n\n\n\t<div id=\"mauticform_whitepaperux2022germany_recaptcha1\" class=\"mauticform-row mauticform-div-wrapper mauticform-field-5\">\n                <input id=\"mauticform_input_whitepaperux2022germany_recaptcha1\" name=\"mauticform[recaptcha1]\" value=\"\" class=\"mauticform-input\" type=\"hidden\">\n        <span class=\"mauticform-errormsg\" style=\"display: none;\"><\/span>\n    <\/div>\n\n            <div id=\"mauticform_whitepaperux2022germany_submit\" class=\"mauticform-row mauticform-button-wrapper mauticform-field-6\">\n                <button type=\"submit\" name=\"mauticform[submit]\" id=\"mauticform_input_whitepaperux2022germany_submit\" value=\"\" class=\"mauticform-button btn btn-default\">Download den whitepaper<\/button>\n            <\/div>\n            <\/div>\n        <\/div>\n\n        <input type=\"hidden\" name=\"mauticform[formId]\" id=\"mauticform_whitepaperux2022germany_id\" value=\"13\">\n        <input type=\"hidden\" name=\"mauticform[return]\" id=\"mauticform_whitepaperux2022germany_return\" value=\"\">\n        <input type=\"hidden\" name=\"mauticform[formName]\" id=\"mauticform_whitepaperux2022germany_name\" value=\"whitepaperux2022germany\">\n\n        <\/form>\n<\/div>\n<\/div>\n\n\n\n<p><\/p>\n\n\n\n<p><strong>Sjoerd stellt sich vor:<\/strong><\/p>\n\n\n\n<p><em>&#8222;Bei Effecty erhalte ich die M\u00f6glichkeit, mich auf Conversion-Optimierung und UX zu konzentrieren. Zum Gl\u00fcck kann ich auf diesem Gebiet aus diesem Gebiet t\u00e4glich mich noch weiterentwickeln. Meine Kenntnisse mit anderen teilen, ist eines der Dinge, die meine Arbeit sehr bereichern!&#8220;<\/em><\/p>\n","protected":false},"excerpt":{"rendered":"<p>Das Nutzererlebnis (User Experience &#8211; abgek\u00fcrzt UX) hat einen gro\u00dfen Einfluss auf die Kennziffern Ihrer Webseite. Das Nutzererlebnis baut sich &hellip;<\/p>\n","protected":false},"author":3,"featured_media":0,"parent":0,"menu_order":0,"comment_status":"closed","ping_status":"closed","template":"tl-services.php","meta":{"_acf_changed":false,"footnotes":""},"class_list":["post-8461","page","type-page","status-publish","hentry"],"acf":[],"_links":{"self":[{"href":"https:\/\/effecty.nl\/de\/wp-json\/wp\/v2\/pages\/8461","targetHints":{"allow":["GET"]}}],"collection":[{"href":"https:\/\/effecty.nl\/de\/wp-json\/wp\/v2\/pages"}],"about":[{"href":"https:\/\/effecty.nl\/de\/wp-json\/wp\/v2\/types\/page"}],"author":[{"embeddable":true,"href":"https:\/\/effecty.nl\/de\/wp-json\/wp\/v2\/users\/3"}],"replies":[{"embeddable":true,"href":"https:\/\/effecty.nl\/de\/wp-json\/wp\/v2\/comments?post=8461"}],"version-history":[{"count":1,"href":"https:\/\/effecty.nl\/de\/wp-json\/wp\/v2\/pages\/8461\/revisions"}],"predecessor-version":[{"id":9613,"href":"https:\/\/effecty.nl\/de\/wp-json\/wp\/v2\/pages\/8461\/revisions\/9613"}],"wp:attachment":[{"href":"https:\/\/effecty.nl\/de\/wp-json\/wp\/v2\/media?parent=8461"}],"curies":[{"name":"wp","href":"https:\/\/api.w.org\/{rel}","templated":true}]}}